{"id":67806,"date":"2023-05-09T11:23:50","date_gmt":"2023-05-09T09:23:50","guid":{"rendered":"https:\/\/watchdeluxe.it\/prodotto\/tag-heuer-carrera-date-ref-wbn2311-ba0001\/"},"modified":"2026-04-10T18:30:52","modified_gmt":"2026-04-10T16:30:52","slug":"tag-heuer-carrera-date-ref-wbn2311-ba0001","status":"publish","type":"product","link":"https:\/\/watchdeluxe.it\/de\/prodotto\/tag-heuer-carrera-date-ref-wbn2311-ba0001\/","title":{"rendered":"Tag Heuer Carrera Date Ref. WBN2311.BA0001"},"content":{"rendered":"<p>TAG Heuer Carrera Date REF. WBN2311.BA0001<\/p>\n<div class=\"col-12 col-lg-6\">\n<p> <span class=\"spec-title\"> Gr\u00f6\u00dfe <\/span> <span class=\"spec-value\"> 36 mm <\/span> <\/p>\n<\/div>\n<div class=\"col-12 col-lg-6\">\n<p> <span class=\"spec-title\"> Wasserbest\u00e4ndigkeit <\/span> <span class=\"spec-value\"> 50 m <\/span> <\/p>\n<\/div>\n<div class=\"col-12 col-lg-6\">\n<p> <span class=\"spec-title\"> Geh\u00e4usek\u00f6rper <\/span> <span class=\"spec-value\"> Stahl Satiniert\/Poliert <\/span> <\/p>\n<\/div>\n<div class=\"col-12 col-lg-6\">\n<p> <span class=\"spec-title\"> L\u00fcnette <\/span> <span class=\"spec-value\"> Feste L\u00fcnette Stahl <\/span> <\/p>\n<\/div>\n<div class=\"col-12 col-lg-6\">\n<p> <span class=\"spec-title\"> Krone <\/span> <span class=\"spec-value\"> Stahl <\/span> <\/p>\n<\/div>\n<div class=\"col-12 col-lg-6\">\n<p> <span class=\"spec-title\"> R\u00fcckseite <\/span> <span class=\"spec-value\"> Saphirglas &#8211; Stahl <\/span> <\/p>\n<p>BELT<\/p>\n<div class=\"col-12 col-lg-6\">\n<p> <span class=\"spec-title\"> Material <\/span> <span class=\"spec-value\"> Stahl <\/span> <\/p>\n<\/div>\n<div class=\"col-12 col-lg-6\">\n<p> <span class=\"spec-title\"> Veredelungen <\/span> <span class=\"spec-value\"> Satinieren\/Polieren <\/span> <\/p>\n<\/div>\n<div class=\"col-12 col-lg-6\">\n<p> <span class=\"spec-title\"> Schnalle <\/span> <span class=\"spec-value\"> Faltschlie\u00dfe mit Kn\u00f6pfen &#8211; Stahl <\/span> <\/p>\n<div class=\"card\">\n<div id=\"headingmovement\" class=\"card-header\">\n<h3 class=\"mb-0\"><\/h3>\n<\/div>\n<div id=\"collapsemovement\" class=\"collapse show\" aria-labelledby=\"headingmovement\" data-parent=\"#tech-accordion\">\n<div class=\"card-body\">\n<div class=\"row\">\n<div class=\"col-12 col-lg-6\">\n<p> <span class=\"spec-title\"> Kaliber <\/span> <span class=\"spec-value\"> Kaliber 7 automatisch <\/span> <\/p>\n<\/div>\n<div class=\"col-12 col-lg-6\">\n<p> <span class=\"spec-title\"> Uhrwerk <\/span> <span class=\"spec-value\"> Automatische Uhr <\/span> <\/p>\n<\/div>\n<div class=\"col-12 col-lg-6\">\n<p> <span class=\"spec-title\"> Gangreserve (Stunden) <\/span> <span class=\"spec-value\"> 56 <\/span> <\/p>\n<\/div>\n<div class=\"col-12 col-lg-6\">\n<p> <span class=\"spec-title\"> Funktionen <\/span> <span class=\"spec-value\"> Stunden, Minuten, Sekunden, Datum <\/span> <\/p>\n<\/div>\n<\/div>\n<\/div>\n<\/div>\n<\/div>\n<\/div>\n<\/div>\n","protected":false},"excerpt":{"rendered":"<p>TAG Heuer Carrera Date REF. WBN2311.BA0001 Gr\u00f6\u00dfe 36 mm Wasserbest\u00e4ndigkeit 50 m Geh\u00e4usek\u00f6rper Stahl Satiniert\/Poliert L\u00fcnette Feste L\u00fcnette Stahl Krone Stahl R\u00fcckseite Saphirglas &#8211; Stahl BELT Material Stahl Veredelungen Satinieren\/Polieren Schnalle Faltschlie\u00dfe mit Kn\u00f6pfen &#8211; Stahl Kaliber Kaliber 7 automatisch Uhrwerk Automatische Uhr Gangreserve (Stunden) 56 Funktionen Stunden, Minuten, Sekunden, Datum<\/p>\n","protected":false},"featured_media":27336,"template":"","meta":{"_crdt_document":"","advanced_seo_description":"","jetpack_seo_html_title":"","jetpack_seo_noindex":false},"product_brand":[],"product_cat":[2255],"product_tag":[2368],"berocket_brand":[],"woo-feed-brand":[],"class_list":{"0":"post-67806","1":"product","2":"type-product","3":"status-publish","4":"has-post-thumbnail","6":"product_cat-tag-heuer-de","7":"product_tag-carrera-de","9":"first","10":"instock","11":"sale","12":"taxable","13":"shipping-taxable","14":"purchasable","15":"product-type-simple"},"bundled_by":[],"bundle_stock_status":"instock","bundle_stock_quantity":1,"bundle_virtual":false,"bundle_layout":"","bundle_add_to_cart_form_location":"","bundle_editable_in_cart":false,"bundle_sold_individually_context":"","bundle_item_grouping":"","bundle_min_size":"","bundle_max_size":"","bundle_price":[],"bundled_items":[],"bundle_sell_ids":[],"group_of_quantity":0,"min_quantity":0,"max_quantity":"","exclude_order_quantity_value_rules":"no","exclude_category_quantity_rules":"no","combine_variations":"no","exclude_global_add_ons":[],"addons":[],"jetpack_sharing_enabled":true,"jetpack_likes_enabled":true,"_links":{"self":[{"href":"https:\/\/watchdeluxe.it\/de\/wp-json\/wp\/v2\/product\/67806","targetHints":{"allow":["GET"]}}],"collection":[{"href":"https:\/\/watchdeluxe.it\/de\/wp-json\/wp\/v2\/product"}],"about":[{"href":"https:\/\/watchdeluxe.it\/de\/wp-json\/wp\/v2\/types\/product"}],"wp:featuredmedia":[{"embeddable":true,"href":"https:\/\/watchdeluxe.it\/de\/wp-json\/wp\/v2\/media\/27336"}],"wp:attachment":[{"href":"https:\/\/watchdeluxe.it\/de\/wp-json\/wp\/v2\/media?parent=67806"}],"wp:term":[{"taxonomy":"product_brand","embeddable":true,"href":"https:\/\/watchdeluxe.it\/de\/wp-json\/wp\/v2\/product_brand?post=67806"},{"taxonomy":"product_cat","embeddable":true,"href":"https:\/\/watchdeluxe.it\/de\/wp-json\/wp\/v2\/product_cat?post=67806"},{"taxonomy":"product_tag","embeddable":true,"href":"https:\/\/watchdeluxe.it\/de\/wp-json\/wp\/v2\/product_tag?post=67806"},{"taxonomy":"berocket_brand","embeddable":true,"href":"https:\/\/watchdeluxe.it\/de\/wp-json\/wp\/v2\/berocket_brand?post=67806"},{"taxonomy":"woo-feed-brand","embeddable":true,"href":"https:\/\/watchdeluxe.it\/de\/wp-json\/wp\/v2\/woo-feed-brand?post=67806"}],"curies":[{"name":"wp","href":"https:\/\/api.w.org\/{rel}","templated":true}]}}