{"id":67794,"date":"2023-05-09T16:03:06","date_gmt":"2023-05-09T14:03:06","guid":{"rendered":"https:\/\/watchdeluxe.it\/prodotto\/hublot-spirit-of-big-bang-meca-10-titanium-45-mm-ref-614-nx-1170-rx\/"},"modified":"2026-04-15T09:44:47","modified_gmt":"2026-04-15T07:44:47","slug":"hublot-spirit-of-big-bang-meca-10-titanium-45-mm-ref-614-nx-1170-rx","status":"publish","type":"product","link":"https:\/\/watchdeluxe.it\/de\/prodotto\/hublot-spirit-of-big-bang-meca-10-titanium-45-mm-ref-614-nx-1170-rx\/","title":{"rendered":"Hublot Spirit Of Big Bang Meca-10 Titanium 45 Mm Ref. 614.Nx.1170.Rx"},"content":{"rendered":"<p>Hublot Spirit Of Big Bang Meca-10 Titanium 45 Mm Ref. 614.Nx.1170.Rx<\/p>\n<table class=\"data-table\">\n<tbody>\n<tr class=\"odd\">\n<td class=\"spec-name\">Marke<\/td>\n<td class=\"spec-value\">Hublot<\/td>\n<\/tr>\n<tr class=\"even\">\n<td class=\"spec-name\">Leitung<\/td>\n<td class=\"spec-value\">GEIST DES URKNALLS<\/td>\n<\/tr>\n<tr class=\"odd\">\n<td class=\"spec-name\">Komplikation<\/td>\n<td class=\"spec-value\">10 TAGE GANGRESERVE<\/td>\n<\/tr>\n<tr class=\"even\">\n<td class=\"spec-name\">Bewegung<\/td>\n<td class=\"spec-value\">HAND-WOUND<\/td>\n<\/tr>\n<tr class=\"odd\">\n<td class=\"spec-name\">Formular<\/td>\n<td class=\"spec-value\">SHAPE<\/td>\n<\/tr>\n<tr class=\"even\">\n<td class=\"spec-name\">Gr\u00f6\u00dfe<\/td>\n<td class=\"spec-value\">45 MM<\/td>\n<\/tr>\n<tr class=\"odd\">\n<td class=\"spec-name\">Geh\u00e4use Material<\/td>\n<td class=\"spec-value\">Titan<\/td>\n<\/tr>\n<tr class=\"even\">\n<td class=\"spec-name\">W\u00e4hlen Sie<\/td>\n<td class=\"spec-value\">SCHELETRATE<\/td>\n<\/tr>\n<tr class=\"odd\">\n<td class=\"spec-name\">Riemen<\/td>\n<td class=\"spec-value\">CAUCCIU<\/td>\n<\/tr>\n<tr class=\"even\">\n<td class=\"spec-name\">Wasserdicht<\/td>\n<td class=\"spec-value\">50 M<\/td>\n<\/tr>\n<\/tbody>\n<\/table>\n","protected":false},"excerpt":{"rendered":"<p>Hublot Spirit Of Big Bang Meca-10 Titanium 45 Mm Ref. 614.Nx.1170.Rx Marke Hublot Leitung GEIST DES URKNALLS Komplikation 10 TAGE GANGRESERVE Bewegung HAND-WOUND Formular SHAPE Gr\u00f6\u00dfe 45 MM Geh\u00e4use Material Titan W\u00e4hlen Sie SCHELETRATE Riemen CAUCCIU Wasserdicht 50 M<\/p>\n","protected":false},"featured_media":82946,"template":"","meta":{"_crdt_document":"","advanced_seo_description":"","jetpack_seo_html_title":"","jetpack_seo_noindex":false},"product_brand":[],"product_cat":[2222],"product_tag":[],"berocket_brand":[],"woo-feed-brand":[],"class_list":{"0":"post-67794","1":"product","2":"type-product","3":"status-publish","4":"has-post-thumbnail","6":"product_cat-hublot-de","8":"first","9":"instock","10":"sale","11":"taxable","12":"shipping-taxable","13":"purchasable","14":"product-type-simple"},"bundled_by":[],"bundle_stock_status":"instock","bundle_stock_quantity":1,"bundle_virtual":false,"bundle_layout":"","bundle_add_to_cart_form_location":"","bundle_editable_in_cart":false,"bundle_sold_individually_context":"","bundle_item_grouping":"","bundle_min_size":"","bundle_max_size":"","bundle_price":[],"bundled_items":[],"bundle_sell_ids":[],"group_of_quantity":0,"min_quantity":0,"max_quantity":"","exclude_order_quantity_value_rules":"no","exclude_category_quantity_rules":"no","combine_variations":"no","exclude_global_add_ons":[],"addons":[],"jetpack_sharing_enabled":true,"jetpack_likes_enabled":true,"_links":{"self":[{"href":"https:\/\/watchdeluxe.it\/de\/wp-json\/wp\/v2\/product\/67794","targetHints":{"allow":["GET"]}}],"collection":[{"href":"https:\/\/watchdeluxe.it\/de\/wp-json\/wp\/v2\/product"}],"about":[{"href":"https:\/\/watchdeluxe.it\/de\/wp-json\/wp\/v2\/types\/product"}],"wp:featuredmedia":[{"embeddable":true,"href":"https:\/\/watchdeluxe.it\/de\/wp-json\/wp\/v2\/media\/82946"}],"wp:attachment":[{"href":"https:\/\/watchdeluxe.it\/de\/wp-json\/wp\/v2\/media?parent=67794"}],"wp:term":[{"taxonomy":"product_brand","embeddable":true,"href":"https:\/\/watchdeluxe.it\/de\/wp-json\/wp\/v2\/product_brand?post=67794"},{"taxonomy":"product_cat","embeddable":true,"href":"https:\/\/watchdeluxe.it\/de\/wp-json\/wp\/v2\/product_cat?post=67794"},{"taxonomy":"product_tag","embeddable":true,"href":"https:\/\/watchdeluxe.it\/de\/wp-json\/wp\/v2\/product_tag?post=67794"},{"taxonomy":"berocket_brand","embeddable":true,"href":"https:\/\/watchdeluxe.it\/de\/wp-json\/wp\/v2\/berocket_brand?post=67794"},{"taxonomy":"woo-feed-brand","embeddable":true,"href":"https:\/\/watchdeluxe.it\/de\/wp-json\/wp\/v2\/woo-feed-brand?post=67794"}],"curies":[{"name":"wp","href":"https:\/\/api.w.org\/{rel}","templated":true}]}}