{"id":67359,"date":"2025-02-18T16:59:09","date_gmt":"2025-02-18T15:59:09","guid":{"rendered":"https:\/\/watchdeluxe.it\/prodotto\/panerai-radiomir-quaranta-pam01294\/"},"modified":"2025-02-18T16:59:22","modified_gmt":"2025-02-18T15:59:22","slug":"panerai-radiomir-quaranta-pam01294","status":"publish","type":"product","link":"https:\/\/watchdeluxe.it\/de\/prodotto\/panerai-radiomir-quaranta-pam01294\/","title":{"rendered":"Panerai radiomir quaranta PAM01294"},"content":{"rendered":"<p>Panerai radiomir quaranta PAM01294<\/p>\n<div class=\"pan-technical-spec-left\">\n<div class=\"pan-technical-spec-list\">\n<h4 class=\"pan-technical-spec-list-heading\" data-gtm-vis-recent-on-screen-8130187_229=\"21565\" data-gtm-vis-first-on-screen-8130187_229=\"21565\" data-gtm-vis-total-visible-time-8130187_229=\"100\" data-gtm-vis-has-fired-8130187_229=\"1\">Bewegung<\/h4>\n<p class=\"pan-technical-spec-list-detail\">Automatik, Kaliber P.900, 12 \u00bd linig, 4,2 mm dick, 23 Steine, 28.800 Halbschwingungen\/Stunde. Incabloc\u00ae sto\u00dfsichere Vorrichtung. 3 Tage Gangreserve, ein Federhaus. 171 Bestandteile<\/p>\n<\/div>\n<div class=\"pan-technical-spec-list\">\n<h4 class=\"pan-technical-spec-list-heading\" data-gtm-vis-has-fired-8130187_229=\"1\">Funktionen<\/h4>\n<p class=\"pan-technical-spec-list-detail\">Kleine Sekunde, Datumsfenster, Stunden, Minuten<\/p>\n<\/div>\n<div class=\"pan-technical-spec-list\">\n<h4 class=\"pan-technical-spec-list-heading\" data-gtm-vis-has-fired-8130187_229=\"1\">Fall<\/h4>\n<p class=\"pan-technical-spec-list-detail\">Durchmesser 40 mm, polierter Stahl<\/p>\n<\/div>\n<div class=\"pan-technical-spec-list\">\n<h4 class=\"pan-technical-spec-list-heading\" data-gtm-vis-has-fired-8130187_229=\"1\">L\u00fcnette<\/h4>\n<p class=\"pan-technical-spec-list-detail\">Polierter Stahl<\/p>\n<\/div>\n<\/div>\n<div class=\"pan-technical-spec-right\">\n<div class=\"pan-technical-spec-list\">\n<h4 class=\"pan-technical-spec-list-heading\" data-gtm-vis-has-fired-8130187_229=\"1\">Fonds<\/h4>\n<p class=\"pan-technical-spec-list-detail\">Geschlossen, Druckknopfverschluss, Stahl poliert<\/p>\n<\/div>\n<div class=\"pan-technical-spec-list\">\n<h4 class=\"pan-technical-spec-list-heading\" data-gtm-vis-has-fired-8130187_229=\"1\">Kronenschoner<\/h4>\n<p class=\"pan-technical-spec-list-detail\">\n<\/div>\n<div class=\"pan-technical-spec-list\">\n<h4 class=\"pan-technical-spec-list-heading\" data-gtm-vis-has-fired-8130187_229=\"1\">W\u00e4hlen Sie<\/h4>\n<p class=\"pan-technical-spec-list-detail\">Schwarze, satinierte Oberfl\u00e4che, arabische Ziffern und Indexe mit Leuchtmasse. Datum bei 3 Uhr und kleine Sekunde bei 9 Uhr<\/p>\n<\/div>\n<div class=\"pan-technical-spec-list\">\n<h4 class=\"pan-technical-spec-list-heading\" data-gtm-vis-has-fired-8130187_229=\"1\">Wasserdicht<\/h4>\n<p class=\"pan-technical-spec-list-detail\">&#8220;3,0 bar (~30,0 Meter)&#8221;<\/p>\n<\/div>\n<div class=\"pan-technical-spec-list\">\n<h4 class=\"pan-technical-spec-list-heading\" data-gtm-vis-has-fired-8130187_229=\"1\">Riemen<\/h4>\n<p class=\"pan-technical-spec-list-detail\">Schwarzes Alligatorleder, schwarze N\u00e4hte, 24.0\/18.0 Standardabmessungen<\/p>\n<\/div>\n<\/div>\n","protected":false},"excerpt":{"rendered":"<p>Panerai radiomir quaranta PAM01294 Bewegung Automatik, Kaliber P.900, 12 \u00bd linig, 4,2 mm dick, 23 Steine, 28.800 Halbschwingungen\/Stunde. Incabloc\u00ae sto\u00dfsichere Vorrichtung. 3 Tage Gangreserve, ein Federhaus. 171 Bestandteile Funktionen Kleine Sekunde, Datumsfenster, Stunden, Minuten Fall Durchmesser 40 mm, polierter Stahl L\u00fcnette Polierter Stahl Fonds Geschlossen, Druckknopfverschluss, Stahl poliert Kronenschoner W\u00e4hlen Sie Schwarze, satinierte Oberfl\u00e4che, arabische [&hellip;]<\/p>\n","protected":false},"featured_media":66725,"template":"","meta":{"_crdt_document":"","advanced_seo_description":"","jetpack_seo_html_title":"","jetpack_seo_noindex":false,"jetpack_post_was_ever_published":true},"product_brand":[],"product_cat":[2287],"product_tag":[2324],"berocket_brand":[],"woo-feed-brand":[],"class_list":{"0":"post-67359","1":"product","2":"type-product","3":"status-publish","4":"has-post-thumbnail","6":"product_cat-panerai-de","7":"product_tag-luminor-2-de","9":"first","10":"instock","11":"sale","12":"taxable","13":"shipping-taxable","14":"purchasable","15":"product-type-simple"},"bundled_by":[],"bundle_stock_status":"instock","bundle_stock_quantity":1,"bundle_virtual":false,"bundle_layout":"","bundle_add_to_cart_form_location":"","bundle_editable_in_cart":false,"bundle_sold_individually_context":"","bundle_item_grouping":"","bundle_min_size":"","bundle_max_size":"","bundle_price":[],"bundled_items":[],"bundle_sell_ids":[],"group_of_quantity":0,"min_quantity":0,"max_quantity":"","exclude_order_quantity_value_rules":"no","exclude_category_quantity_rules":"no","combine_variations":"no","exclude_global_add_ons":[],"addons":[],"jetpack_sharing_enabled":true,"jetpack_likes_enabled":true,"_links":{"self":[{"href":"https:\/\/watchdeluxe.it\/de\/wp-json\/wp\/v2\/product\/67359","targetHints":{"allow":["GET"]}}],"collection":[{"href":"https:\/\/watchdeluxe.it\/de\/wp-json\/wp\/v2\/product"}],"about":[{"href":"https:\/\/watchdeluxe.it\/de\/wp-json\/wp\/v2\/types\/product"}],"wp:featuredmedia":[{"embeddable":true,"href":"https:\/\/watchdeluxe.it\/de\/wp-json\/wp\/v2\/media\/66725"}],"wp:attachment":[{"href":"https:\/\/watchdeluxe.it\/de\/wp-json\/wp\/v2\/media?parent=67359"}],"wp:term":[{"taxonomy":"product_brand","embeddable":true,"href":"https:\/\/watchdeluxe.it\/de\/wp-json\/wp\/v2\/product_brand?post=67359"},{"taxonomy":"product_cat","embeddable":true,"href":"https:\/\/watchdeluxe.it\/de\/wp-json\/wp\/v2\/product_cat?post=67359"},{"taxonomy":"product_tag","embeddable":true,"href":"https:\/\/watchdeluxe.it\/de\/wp-json\/wp\/v2\/product_tag?post=67359"},{"taxonomy":"berocket_brand","embeddable":true,"href":"https:\/\/watchdeluxe.it\/de\/wp-json\/wp\/v2\/berocket_brand?post=67359"},{"taxonomy":"woo-feed-brand","embeddable":true,"href":"https:\/\/watchdeluxe.it\/de\/wp-json\/wp\/v2\/woo-feed-brand?post=67359"}],"curies":[{"name":"wp","href":"https:\/\/api.w.org\/{rel}","templated":true}]}}