{"id":67287,"date":"2023-06-24T12:14:23","date_gmt":"2023-06-24T10:14:23","guid":{"rendered":"https:\/\/watchdeluxe.it\/prodotto\/panerai-unterwasserfahrzeug-mitternachtsblau-pam02068\/"},"modified":"2026-04-01T11:25:20","modified_gmt":"2026-04-01T09:25:20","slug":"panerai-tauchboot-blaue-nacht-pam02068","status":"publish","type":"product","link":"https:\/\/watchdeluxe.it\/de\/prodotto\/panerai-tauchboot-blaue-nacht-pam02068\/","title":{"rendered":"Panerai Unterwasserfahrzeug Mitternachtsblau PAM02068"},"content":{"rendered":"<p>Panerai Unterwasserfahrzeug Mitternachtsblau PAM02068<\/p>\n<div class=\"pan-technical-spec-left\">\n<div class=\"pan-technical-spec-list\">\n<h4 class=\"pan-technical-spec-list-heading\" data-gtm-vis-recent-on-screen-8130187_229=\"11300\" data-gtm-vis-first-on-screen-8130187_229=\"11300\" data-gtm-vis-total-visible-time-8130187_229=\"100\" data-gtm-vis-has-fired-8130187_229=\"1\">Bewegung<\/h4>\n<p class=\"pan-technical-spec-list-detail\">Automatik, Kaliber P.900, 12 \u00bd linig, 4,2 mm dick, 23 Steine, 28.800 Halbschwingungen\/Stunde. Sto\u00dfsicherung Incabloc\u00ae. 3 Tage Gangreserve, ein Federhaus 171 Komponenten<\/p>\n<\/div>\n<div class=\"pan-technical-spec-list\">\n<h4 class=\"pan-technical-spec-list-heading\" data-gtm-vis-has-fired-8130187_229=\"1\">Funktionen<\/h4>\n<p class=\"pan-technical-spec-list-detail\">Stunden, Minuten, kleine Sekunden, Datumsfenster<\/p>\n<\/div>\n<div class=\"pan-technical-spec-list\">\n<h4 class=\"pan-technical-spec-list-heading\" data-gtm-vis-has-fired-8130187_229=\"1\">L\u00fcnette<\/h4>\n<p class=\"pan-technical-spec-list-detail\">Stahl\/schwarze Keramik. Einseitig drehbare L\u00fcnette gegen den Uhrzeigersinn mit abgestufter Skala<\/p>\n<\/div>\n<\/div>\n<div class=\"pan-technical-spec-right\">\n<div class=\"pan-technical-spec-list\">\n<h4 class=\"pan-technical-spec-list-heading\" data-gtm-vis-has-fired-8130187_229=\"1\">Kronenschoner<\/h4>\n<p class=\"pan-technical-spec-list-detail\">(markenrechtlich gesch\u00fctzt) aus satiniertem Stahl<\/p>\n<\/div>\n<div class=\"pan-technical-spec-list\">\n<h4 class=\"pan-technical-spec-list-heading\" data-gtm-vis-has-fired-8130187_229=\"1\">W\u00e4hlen Sie<\/h4>\n<p class=\"pan-technical-spec-list-detail\">Blaue Sonnenbrillanz mit leuchtenden Indexen und Punkten. Datum bei 3 Uhr, kleine Sekunde bei 9 Uhr<\/p>\n<\/div>\n<div class=\"pan-technical-spec-list\">\n<h4 class=\"pan-technical-spec-list-heading\" data-gtm-vis-has-fired-8130187_229=\"1\">Wasserdicht<\/h4>\n<p class=\"pan-technical-spec-list-detail\">&#8220;30,0 bar (~300,0 Meter)&#8221;<\/p>\n<\/div>\n<div class=\"pan-technical-spec-list\">\n<h4 class=\"pan-technical-spec-list-heading\" data-gtm-vis-has-fired-8130187_229=\"1\">Riemen<\/h4>\n<p class=\"pan-technical-spec-list-detail\">Stahl , \/ 42 mm Abmessungen<\/p>\n<\/div>\n<\/div>\n","protected":false},"excerpt":{"rendered":"<p>Panerai Unterwasserfahrzeug Mitternachtsblau PAM02068 Bewegung Automatik, Kaliber P.900, 12 \u00bd linig, 4,2 mm dick, 23 Steine, 28.800 Halbschwingungen\/Stunde. Sto\u00dfsicherung Incabloc\u00ae. 3 Tage Gangreserve, ein Federhaus 171 Komponenten Funktionen Stunden, Minuten, kleine Sekunden, Datumsfenster L\u00fcnette Stahl\/schwarze Keramik. Einseitig drehbare L\u00fcnette gegen den Uhrzeigersinn mit abgestufter Skala Kronenschoner (markenrechtlich gesch\u00fctzt) aus satiniertem Stahl W\u00e4hlen Sie Blaue Sonnenbrillanz [&hellip;]<\/p>\n","protected":false},"featured_media":66797,"template":"","meta":{"_crdt_document":"","advanced_seo_description":"","jetpack_seo_html_title":"","jetpack_seo_noindex":false,"jetpack_post_was_ever_published":false},"product_brand":[],"product_cat":[2287],"product_tag":[2291],"berocket_brand":[],"woo-feed-brand":[],"class_list":{"0":"post-67287","1":"product","2":"type-product","3":"status-publish","4":"has-post-thumbnail","6":"product_cat-panerai-de","7":"product_tag-untertauchbar","9":"first","10":"instock","11":"sale","12":"taxable","13":"shipping-taxable","14":"purchasable","15":"product-type-simple"},"bundled_by":[],"bundle_stock_status":"instock","bundle_stock_quantity":1,"bundle_virtual":false,"bundle_layout":"","bundle_add_to_cart_form_location":"","bundle_editable_in_cart":false,"bundle_sold_individually_context":"","bundle_item_grouping":"","bundle_min_size":"","bundle_max_size":"","bundle_price":[],"bundled_items":[],"bundle_sell_ids":[],"group_of_quantity":0,"min_quantity":0,"max_quantity":"","exclude_order_quantity_value_rules":"no","exclude_category_quantity_rules":"no","combine_variations":"no","exclude_global_add_ons":[],"addons":[],"jetpack_sharing_enabled":true,"jetpack_likes_enabled":true,"_links":{"self":[{"href":"https:\/\/watchdeluxe.it\/de\/wp-json\/wp\/v2\/product\/67287","targetHints":{"allow":["GET"]}}],"collection":[{"href":"https:\/\/watchdeluxe.it\/de\/wp-json\/wp\/v2\/product"}],"about":[{"href":"https:\/\/watchdeluxe.it\/de\/wp-json\/wp\/v2\/types\/product"}],"wp:featuredmedia":[{"embeddable":true,"href":"https:\/\/watchdeluxe.it\/de\/wp-json\/wp\/v2\/media\/66797"}],"wp:attachment":[{"href":"https:\/\/watchdeluxe.it\/de\/wp-json\/wp\/v2\/media?parent=67287"}],"wp:term":[{"taxonomy":"product_brand","embeddable":true,"href":"https:\/\/watchdeluxe.it\/de\/wp-json\/wp\/v2\/product_brand?post=67287"},{"taxonomy":"product_cat","embeddable":true,"href":"https:\/\/watchdeluxe.it\/de\/wp-json\/wp\/v2\/product_cat?post=67287"},{"taxonomy":"product_tag","embeddable":true,"href":"https:\/\/watchdeluxe.it\/de\/wp-json\/wp\/v2\/product_tag?post=67287"},{"taxonomy":"berocket_brand","embeddable":true,"href":"https:\/\/watchdeluxe.it\/de\/wp-json\/wp\/v2\/berocket_brand?post=67287"},{"taxonomy":"woo-feed-brand","embeddable":true,"href":"https:\/\/watchdeluxe.it\/de\/wp-json\/wp\/v2\/woo-feed-brand?post=67287"}],"curies":[{"name":"wp","href":"https:\/\/api.w.org\/{rel}","templated":true}]}}