{"id":67263,"date":"2023-11-13T14:39:15","date_gmt":"2023-11-13T13:39:15","guid":{"rendered":"https:\/\/watchdeluxe.it\/prodotto\/tag-heuer-monaco-sonderausgabe-titanium-ref-cbl2180-fc6497\/"},"modified":"2026-01-19T15:28:09","modified_gmt":"2026-01-19T14:28:09","slug":"tag-heuer-monaco-sonderausgabe-titan-ref-cbl2180-fc6497","status":"publish","type":"product","link":"https:\/\/watchdeluxe.it\/de\/prodotto\/tag-heuer-monaco-sonderausgabe-titan-ref-cbl2180-fc6497\/","title":{"rendered":"Tag Heuer Monaco Sonderausgabe Titanium ref. CBL2180.FC6497"},"content":{"rendered":"<p>Tag Heuer Monaco Sonderausgabe Titanium ref. CBL2180.FC6497<\/p>\n<p>Die TAG Heuer Monaco Special Edition ist eine Hommage an das seltene und ikonische Modell der Monaco aus den 1970er Jahren und ein Muss f\u00fcr echte Kenner. Das elegante 39-mm-Geh\u00e4use aus Titan mit schwarzer DLC-Beschichtung beherbergt das unbeugsame Heuer-Manufakturkaliber 02.<\/p>\n<p>Das schwarze, geb\u00fcrstete, runde Zifferblatt bildet einen reizvollen Kontrast zu den 5N-ros\u00e9vergoldeten Zeigern und Indizes, die mit leuchtendem Super-Luminova\u00ae gef\u00fcllt sind, und ist bereit f\u00fcr jede Herausforderung.<\/p>\n<p>Der transparente Geh\u00e4useboden gibt den Blick auf das Automatikwerk frei, mit auff\u00e4lligen, zum Zifferblatt passenden, ros\u00e9vergoldeten 5N-Details auf der Schwungmasse. Eine ikonische Darstellung der technischen Meisterschaft.<\/p>\n<p>Dieses stolze und elegante Modell ist bis 100 Meter wasserdicht und verf\u00fcgt \u00fcber ein schwarzes Alligatorlederarmband mit einer schwarzen DLC-beschichteten Titan-Faltschlie\u00dfe und einem doppelten Sicherheitsknopf.<\/p>\n<p><b>Sonderausgabe:<\/b> Unisex<br \/>\n<b>Uhrwerk:<\/b> Automatik-Chronograph Kaliber 02 von Heuer<br \/>\nGangreserve: 80 Stunden<br \/>\n<b>Zifferblatt:<\/b> Schwarz<br \/>\nIndikatoren<b>:<\/b> Indizes<br \/>\n<b>Geh\u00e4use:<\/b> Titan mit DLC-Beschichtung<br \/>\n<b>Gr\u00f6\u00dfe:<\/b> 39 mm<br \/>\n<b>Armband\/Riemen:<\/b> schwarzes Alligatorleder<br \/>\n<b>Wasserdichtigkeit:<\/b> 100 Meter<br \/>\n<b>Glas:<\/b> Saphir<br \/>\n<b>Geschlecht:<\/b> Unisex<\/p>\n","protected":false},"excerpt":{"rendered":"<p>Tag Heuer Monaco Sonderausgabe Titanium ref. CBL2180.FC6497 Die TAG Heuer Monaco Special Edition ist eine Hommage an das seltene und ikonische Modell der Monaco aus den 1970er Jahren und ein Muss f\u00fcr echte Kenner. Das elegante 39-mm-Geh\u00e4use aus Titan mit schwarzer DLC-Beschichtung beherbergt das unbeugsame Heuer-Manufakturkaliber 02. Das schwarze, geb\u00fcrstete, runde Zifferblatt bildet einen reizvollen [&hellip;]<\/p>\n","protected":false},"featured_media":66833,"template":"","meta":{"_crdt_document":"","advanced_seo_description":"","jetpack_seo_html_title":"","jetpack_seo_noindex":false},"product_brand":[],"product_cat":[2255],"product_tag":[2299],"berocket_brand":[],"woo-feed-brand":[],"class_list":{"0":"post-67263","1":"product","2":"type-product","3":"status-publish","4":"has-post-thumbnail","6":"product_cat-tag-heuer-de","7":"product_tag-monaco-de","9":"first","10":"instock","11":"sale","12":"taxable","13":"shipping-taxable","14":"purchasable","15":"product-type-simple"},"bundled_by":[],"bundle_stock_status":"instock","bundle_stock_quantity":1,"bundle_virtual":false,"bundle_layout":"","bundle_add_to_cart_form_location":"","bundle_editable_in_cart":false,"bundle_sold_individually_context":"","bundle_item_grouping":"","bundle_min_size":"","bundle_max_size":"","bundle_price":[],"bundled_items":[],"bundle_sell_ids":[],"group_of_quantity":0,"min_quantity":0,"max_quantity":"","exclude_order_quantity_value_rules":"no","exclude_category_quantity_rules":"no","combine_variations":"no","exclude_global_add_ons":[],"addons":[],"jetpack_sharing_enabled":true,"jetpack_likes_enabled":true,"_links":{"self":[{"href":"https:\/\/watchdeluxe.it\/de\/wp-json\/wp\/v2\/product\/67263","targetHints":{"allow":["GET"]}}],"collection":[{"href":"https:\/\/watchdeluxe.it\/de\/wp-json\/wp\/v2\/product"}],"about":[{"href":"https:\/\/watchdeluxe.it\/de\/wp-json\/wp\/v2\/types\/product"}],"wp:featuredmedia":[{"embeddable":true,"href":"https:\/\/watchdeluxe.it\/de\/wp-json\/wp\/v2\/media\/66833"}],"wp:attachment":[{"href":"https:\/\/watchdeluxe.it\/de\/wp-json\/wp\/v2\/media?parent=67263"}],"wp:term":[{"taxonomy":"product_brand","embeddable":true,"href":"https:\/\/watchdeluxe.it\/de\/wp-json\/wp\/v2\/product_brand?post=67263"},{"taxonomy":"product_cat","embeddable":true,"href":"https:\/\/watchdeluxe.it\/de\/wp-json\/wp\/v2\/product_cat?post=67263"},{"taxonomy":"product_tag","embeddable":true,"href":"https:\/\/watchdeluxe.it\/de\/wp-json\/wp\/v2\/product_tag?post=67263"},{"taxonomy":"berocket_brand","embeddable":true,"href":"https:\/\/watchdeluxe.it\/de\/wp-json\/wp\/v2\/berocket_brand?post=67263"},{"taxonomy":"woo-feed-brand","embeddable":true,"href":"https:\/\/watchdeluxe.it\/de\/wp-json\/wp\/v2\/woo-feed-brand?post=67263"}],"curies":[{"name":"wp","href":"https:\/\/api.w.org\/{rel}","templated":true}]}}