{"id":67242,"date":"2025-02-17T10:47:38","date_gmt":"2025-02-17T09:47:38","guid":{"rendered":"https:\/\/watchdeluxe.it\/prodotto\/iwc-portofino-pointer-datum-ref-iw359201\/"},"modified":"2025-02-17T10:47:52","modified_gmt":"2025-02-17T09:47:52","slug":"iwc-portofino-zeiger-datum-ref-iw359201","status":"publish","type":"product","link":"https:\/\/watchdeluxe.it\/de\/prodotto\/iwc-portofino-zeiger-datum-ref-iw359201\/","title":{"rendered":"IWC Portofino Pointer Datum ref. IW359201"},"content":{"rendered":"<p>IWC Portofino Pointer Datum ref. IW359201<\/p>\n<p><b>Neu:<\/b> 2023<br \/>\n<b>Uhrwerk:<\/b> Automatischer Aufzug<br \/>\n<b>Gangreserve:<\/b> 50 Stunden<br \/>\n<b>Zifferblatt:<\/b> Wei\u00df<br \/>\n<b>Indikatoren:<\/b> R\u00f6mische Ziffern und Indizes<br \/>\n<b>Geh\u00e4use:<\/b> Rostfreier Stahl<br \/>\n<b>Gr\u00f6\u00dfe:<\/b> 39 mm<br \/>\n<b>Armband\/Riemen:<\/b> braunes Kalbsleder<br \/>\n<b>Wasserdichtigkeit:<\/b> 50 Meter<br \/>\n<b>Glas:<\/b> beidseitig entspiegeltes, gew\u00f6lbtes Saphirglas<br \/>\n<b>Geschlecht:<\/b> Unisex<\/p>\n","protected":false},"excerpt":{"rendered":"<p>IWC Portofino Pointer Datum ref. IW359201 Neu: 2023 Uhrwerk: Automatischer Aufzug Gangreserve: 50 Stunden Zifferblatt: Wei\u00df Indikatoren: R\u00f6mische Ziffern und Indizes Geh\u00e4use: Rostfreier Stahl Gr\u00f6\u00dfe: 39 mm Armband\/Riemen: braunes Kalbsleder Wasserdichtigkeit: 50 Meter Glas: beidseitig entspiegeltes, gew\u00f6lbtes Saphirglas Geschlecht: Unisex<\/p>\n","protected":false},"featured_media":66889,"template":"","meta":{"_crdt_document":"","advanced_seo_description":"","jetpack_seo_html_title":"","jetpack_seo_noindex":false,"jetpack_post_was_ever_published":true},"product_brand":[],"product_cat":[2234],"product_tag":[2272],"berocket_brand":[],"woo-feed-brand":[],"class_list":{"0":"post-67242","1":"product","2":"type-product","3":"status-publish","4":"has-post-thumbnail","6":"product_cat-iwc-de","7":"product_tag-portofino-de","9":"first","10":"instock","11":"sale","12":"taxable","13":"shipping-taxable","14":"purchasable","15":"product-type-simple"},"bundled_by":[],"bundle_stock_status":"instock","bundle_stock_quantity":1,"bundle_virtual":false,"bundle_layout":"","bundle_add_to_cart_form_location":"","bundle_editable_in_cart":false,"bundle_sold_individually_context":"","bundle_item_grouping":"","bundle_min_size":"","bundle_max_size":"","bundle_price":[],"bundled_items":[],"bundle_sell_ids":[],"group_of_quantity":0,"min_quantity":0,"max_quantity":"","exclude_order_quantity_value_rules":"no","exclude_category_quantity_rules":"no","combine_variations":"no","exclude_global_add_ons":[],"addons":[],"jetpack_sharing_enabled":true,"jetpack_likes_enabled":true,"_links":{"self":[{"href":"https:\/\/watchdeluxe.it\/de\/wp-json\/wp\/v2\/product\/67242","targetHints":{"allow":["GET"]}}],"collection":[{"href":"https:\/\/watchdeluxe.it\/de\/wp-json\/wp\/v2\/product"}],"about":[{"href":"https:\/\/watchdeluxe.it\/de\/wp-json\/wp\/v2\/types\/product"}],"wp:featuredmedia":[{"embeddable":true,"href":"https:\/\/watchdeluxe.it\/de\/wp-json\/wp\/v2\/media\/66889"}],"wp:attachment":[{"href":"https:\/\/watchdeluxe.it\/de\/wp-json\/wp\/v2\/media?parent=67242"}],"wp:term":[{"taxonomy":"product_brand","embeddable":true,"href":"https:\/\/watchdeluxe.it\/de\/wp-json\/wp\/v2\/product_brand?post=67242"},{"taxonomy":"product_cat","embeddable":true,"href":"https:\/\/watchdeluxe.it\/de\/wp-json\/wp\/v2\/product_cat?post=67242"},{"taxonomy":"product_tag","embeddable":true,"href":"https:\/\/watchdeluxe.it\/de\/wp-json\/wp\/v2\/product_tag?post=67242"},{"taxonomy":"berocket_brand","embeddable":true,"href":"https:\/\/watchdeluxe.it\/de\/wp-json\/wp\/v2\/berocket_brand?post=67242"},{"taxonomy":"woo-feed-brand","embeddable":true,"href":"https:\/\/watchdeluxe.it\/de\/wp-json\/wp\/v2\/woo-feed-brand?post=67242"}],"curies":[{"name":"wp","href":"https:\/\/api.w.org\/{rel}","templated":true}]}}