{"id":67135,"date":"2023-07-14T10:34:23","date_gmt":"2023-07-14T08:34:23","guid":{"rendered":"https:\/\/watchdeluxe.it\/prodotto\/chronograph-classic-fusion-keramik-blau-42-mm-541-cm-7170-rx\/"},"modified":"2026-01-20T15:39:15","modified_gmt":"2026-01-20T14:39:15","slug":"classic-fusion-ceramic-blue-chronograph-42-mm-541-cm-7170-rx","status":"publish","type":"product","link":"https:\/\/watchdeluxe.it\/de\/prodotto\/classic-fusion-ceramic-blue-chronograph-42-mm-541-cm-7170-rx\/","title":{"rendered":"Chronograph Classic Fusion Keramik blau 42 mm 541.cm.7170.rx"},"content":{"rendered":"<p>Chronograph Classic Fusion Keramik blau 42 mm 541.cm.7170.rx<\/p>\n<p><strong class=\"info_name\">Aktenzeichen:<\/strong> 541.CM.7170.RX<br \/>\n<strong class=\"info_name\">Geschlecht:<\/strong> M\u00e4nnlich<br \/>\n<strong class=\"info_name\">Aufladung:<\/strong> Automatisch<br \/>\n<strong class=\"info_name\">Zifferblattfarbe:<\/strong> blau<br \/>\n<strong class=\"info_name\">Material Geh\u00e4use:<\/strong> Keramik<br \/>\n<strong class=\"info_name\">Material des Armbandes:<\/strong> Gummi<br \/>\n<strong class=\"info_name\">Produktionsjahr:<\/strong> 2023<\/p>\n<p><strong class=\"info_name\">Farbe des Armbands:<\/strong> Blau<br \/>\n<strong class=\"info_name\">Schlie\u00dfung:<\/strong> DEPLOYING<br \/>\n<strong class=\"info_name\">Material Verschluss:<\/strong> Schwarzer Stahl<\/p>\n<p><strong class=\"info_name\">Geh\u00e4use-Durchmesser:<\/strong> 42 MM<br \/>\n<strong class=\"info_name\">H\u00f6he des Geh\u00e4uses:<\/strong> &#8211;<br \/>\n<strong class=\"info_name\">Wasserdichtigkeit:<\/strong> 5 ATM<br \/>\n<strong class=\"info_name\">Nummern w\u00e4hlen:<\/strong> Keine Nummern<br \/>\n<strong class=\"info_name\">Glasmaterial:<\/strong> Saphir<br \/>\n<strong class=\"info_name\">L\u00fcnette Material:<\/strong> Keramik<br \/>\n<strong class=\"info_name\">Kaliber\/Mechanismus:<\/strong> HUB1143 Selbstaufziehender Chronograph<\/p>\n","protected":false},"excerpt":{"rendered":"<p>Chronograph Classic Fusion Keramik blau 42 mm 541.cm.7170.rx Aktenzeichen: 541.CM.7170.RX Geschlecht: M\u00e4nnlich Aufladung: Automatisch Zifferblattfarbe: blau Material Geh\u00e4use: Keramik Material des Armbandes: Gummi Produktionsjahr: 2023 Farbe des Armbands: Blau Schlie\u00dfung: DEPLOYING Material Verschluss: Schwarzer Stahl Geh\u00e4use-Durchmesser: 42 MM H\u00f6he des Geh\u00e4uses: &#8211; Wasserdichtigkeit: 5 ATM Nummern w\u00e4hlen: Keine Nummern Glasmaterial: Saphir L\u00fcnette Material: Keramik Kaliber\/Mechanismus: [&hellip;]<\/p>\n","protected":false},"featured_media":84448,"template":"","meta":{"_crdt_document":"","advanced_seo_description":"","jetpack_seo_html_title":"","jetpack_seo_noindex":false},"product_brand":[],"product_cat":[2222],"product_tag":[2224],"berocket_brand":[],"woo-feed-brand":[],"class_list":{"0":"post-67135","1":"product","2":"type-product","3":"status-publish","4":"has-post-thumbnail","6":"product_cat-hublot-de","7":"product_tag-klassische-fusion","9":"first","10":"instock","11":"sale","12":"taxable","13":"shipping-taxable","14":"purchasable","15":"product-type-simple"},"bundled_by":[],"bundle_stock_status":"instock","bundle_stock_quantity":1,"bundle_virtual":false,"bundle_layout":"","bundle_add_to_cart_form_location":"","bundle_editable_in_cart":false,"bundle_sold_individually_context":"","bundle_item_grouping":"","bundle_min_size":"","bundle_max_size":"","bundle_price":[],"bundled_items":[],"bundle_sell_ids":[],"group_of_quantity":0,"min_quantity":0,"max_quantity":"","exclude_order_quantity_value_rules":"no","exclude_category_quantity_rules":"no","combine_variations":"no","exclude_global_add_ons":[],"addons":[],"jetpack_sharing_enabled":true,"jetpack_likes_enabled":true,"_links":{"self":[{"href":"https:\/\/watchdeluxe.it\/de\/wp-json\/wp\/v2\/product\/67135","targetHints":{"allow":["GET"]}}],"collection":[{"href":"https:\/\/watchdeluxe.it\/de\/wp-json\/wp\/v2\/product"}],"about":[{"href":"https:\/\/watchdeluxe.it\/de\/wp-json\/wp\/v2\/types\/product"}],"wp:featuredmedia":[{"embeddable":true,"href":"https:\/\/watchdeluxe.it\/de\/wp-json\/wp\/v2\/media\/84448"}],"wp:attachment":[{"href":"https:\/\/watchdeluxe.it\/de\/wp-json\/wp\/v2\/media?parent=67135"}],"wp:term":[{"taxonomy":"product_brand","embeddable":true,"href":"https:\/\/watchdeluxe.it\/de\/wp-json\/wp\/v2\/product_brand?post=67135"},{"taxonomy":"product_cat","embeddable":true,"href":"https:\/\/watchdeluxe.it\/de\/wp-json\/wp\/v2\/product_cat?post=67135"},{"taxonomy":"product_tag","embeddable":true,"href":"https:\/\/watchdeluxe.it\/de\/wp-json\/wp\/v2\/product_tag?post=67135"},{"taxonomy":"berocket_brand","embeddable":true,"href":"https:\/\/watchdeluxe.it\/de\/wp-json\/wp\/v2\/berocket_brand?post=67135"},{"taxonomy":"woo-feed-brand","embeddable":true,"href":"https:\/\/watchdeluxe.it\/de\/wp-json\/wp\/v2\/woo-feed-brand?post=67135"}],"curies":[{"name":"wp","href":"https:\/\/api.w.org\/{rel}","templated":true}]}}