{"id":179559,"date":"2026-04-25T10:11:36","date_gmt":"2026-04-25T08:11:36","guid":{"rendered":"https:\/\/watchdeluxe.it\/prodotto\/longines-hydroconquest-ref-l37804566\/"},"modified":"2026-04-25T10:11:36","modified_gmt":"2026-04-25T08:11:36","slug":"longines-hydroconquest-ref-l37804566","status":"publish","type":"product","link":"https:\/\/watchdeluxe.it\/de\/prodotto\/longines-hydroconquest-ref-l37804566\/","title":{"rendered":"Longines HydroConquest Ref. L37804566"},"content":{"rendered":"<p>LONGINES L37804566<\/p>\n<p>Die HydroConquest-Kollektion von Longines ist die Referenz f\u00fcr Wassersportliebhaber, die auf Eleganz nicht verzichten. Dieser Zeitmesser vereint die technische Innovation einer professionellen Taucheruhr mit der \u00e4sthetischen Raffinesse der Uhrmachertradition aus Saint-Imier und macht ihn zum idealen Begleiter f\u00fcr jede Herausforderung des Alltags.<\/p>\n<ul>\n<li><strong>Geh\u00e4usematerial:<\/strong> Edelstahl und Keramikl\u00fcnette<\/li>\n<li><strong>Glas:<\/strong> Kratzfestes Saphirglas mit mehrschichtiger Entspiegelung auf beiden Seiten<\/li>\n<li><strong>Abmessungen:<\/strong> Durchmesser 39,00 mm<\/li>\n<li><strong>Wasserdichtigkeit:<\/strong> Bis 30 bar (300 Meter)<\/li>\n<li><strong>Uhrwerk:<\/strong> Mechanisches Uhrwerk mit Automatikaufzug, Kaliber L888<\/li>\n<li><strong>Gangreserve:<\/strong> Ca. 72 Stunden<\/li>\n<li><strong>Zifferblatt:<\/strong> Schwarz mit Sonnenschliff und applizierten arabischen Ziffern und Indizes<\/li>\n<li><strong>Zeiger:<\/strong> Silberfarben poliert mit Swiss Super-LumiNova\u00ae<\/li>\n<li><strong>Armband:<\/strong> Edelstahl mit doppelter Sicherheitsfaltschlie\u00dfe und Taucherextension<\/li>\n<li><strong>Merkmale:<\/strong> Verschraubte Krone und unidirektionale drehbare L\u00fcnette<\/li>\n<\/ul>\n","protected":false},"excerpt":{"rendered":"<p>Eleganz trifft auf h\u00f6chste Tauchleistung in der Longines HydroConquest, einer Ikone Schweizer Pr\u00e4zision und zeitlosen Designs. Ein Meisterwerk der Ingenieurskunst f\u00fcr alle, die keine Kompromisse zwischen Stil und professioneller Funktionalit\u00e4t akzeptieren. <\/p>\n","protected":false},"featured_media":179395,"template":"","meta":{"_crdt_document":"","advanced_seo_description":"","jetpack_seo_html_title":"","jetpack_seo_noindex":false},"product_brand":[],"product_cat":[1923],"product_tag":[3737],"berocket_brand":[],"woo-feed-brand":[],"class_list":{"0":"post-179559","1":"product","2":"type-product","3":"status-publish","4":"has-post-thumbnail","6":"product_cat-longines","7":"product_tag-hydroconquest-2","9":"first","10":"instock","11":"sale","12":"taxable","13":"shipping-taxable","14":"purchasable","15":"product-type-simple"},"bundled_by":[],"bundle_stock_status":"instock","bundle_stock_quantity":1,"bundle_virtual":false,"bundle_layout":"","bundle_add_to_cart_form_location":"","bundle_editable_in_cart":false,"bundle_sold_individually_context":"","bundle_item_grouping":"","bundle_min_size":"","bundle_max_size":"","bundle_price":[],"bundled_items":[],"bundle_sell_ids":[],"group_of_quantity":0,"min_quantity":0,"max_quantity":"","exclude_order_quantity_value_rules":"no","exclude_category_quantity_rules":"no","combine_variations":"no","jetpack_sharing_enabled":true,"jetpack_likes_enabled":true,"_links":{"self":[{"href":"https:\/\/watchdeluxe.it\/de\/wp-json\/wp\/v2\/product\/179559","targetHints":{"allow":["GET"]}}],"collection":[{"href":"https:\/\/watchdeluxe.it\/de\/wp-json\/wp\/v2\/product"}],"about":[{"href":"https:\/\/watchdeluxe.it\/de\/wp-json\/wp\/v2\/types\/product"}],"wp:featuredmedia":[{"embeddable":true,"href":"https:\/\/watchdeluxe.it\/de\/wp-json\/wp\/v2\/media\/179395"}],"wp:attachment":[{"href":"https:\/\/watchdeluxe.it\/de\/wp-json\/wp\/v2\/media?parent=179559"}],"wp:term":[{"taxonomy":"product_brand","embeddable":true,"href":"https:\/\/watchdeluxe.it\/de\/wp-json\/wp\/v2\/product_brand?post=179559"},{"taxonomy":"product_cat","embeddable":true,"href":"https:\/\/watchdeluxe.it\/de\/wp-json\/wp\/v2\/product_cat?post=179559"},{"taxonomy":"product_tag","embeddable":true,"href":"https:\/\/watchdeluxe.it\/de\/wp-json\/wp\/v2\/product_tag?post=179559"},{"taxonomy":"berocket_brand","embeddable":true,"href":"https:\/\/watchdeluxe.it\/de\/wp-json\/wp\/v2\/berocket_brand?post=179559"},{"taxonomy":"woo-feed-brand","embeddable":true,"href":"https:\/\/watchdeluxe.it\/de\/wp-json\/wp\/v2\/woo-feed-brand?post=179559"}],"curies":[{"name":"wp","href":"https:\/\/api.w.org\/{rel}","templated":true}]}}