{"id":179255,"date":"2026-04-25T09:07:32","date_gmt":"2026-04-25T07:07:32","guid":{"rendered":"https:\/\/watchdeluxe.it\/prodotto\/longines-lyre-ref-l49614126\/"},"modified":"2026-04-25T09:07:32","modified_gmt":"2026-04-25T07:07:32","slug":"longines-lyre-ref-l49614126","status":"publish","type":"product","link":"https:\/\/watchdeluxe.it\/de\/prodotto\/longines-lyre-ref-l49614126\/","title":{"rendered":"Longines Lyre Ref. L49614126"},"content":{"rendered":"<p>Longines Lyre Ref. L49614126<\/p>\n<ul>\n<li><strong>Kollektion:<\/strong> Lyre<\/li>\n<li><strong>Material:<\/strong> Edelstahl<\/li>\n<li><strong>Glas:<\/strong> Kratzfestes Saphirglas<\/li>\n<li><strong>Abmessungen:<\/strong> 40,00 mm<\/li>\n<li><strong>Geh\u00e4useboden:<\/strong> Transparent aus Saphirglas<\/li>\n<li><strong>Uhrwerk:<\/strong> Mechanisches Uhrwerk mit Automatikaufzug Kaliber L888<\/li>\n<li><strong>Gangreserve:<\/strong> Ca. 72 Stunden<\/li>\n<li><strong>Zifferblatt:<\/strong> Mattwei\u00df mit applizierten Indizes<\/li>\n<li><strong>Wasserdichtigkeit:<\/strong> Bis zu 3 bar (30 Meter)<\/li>\n<li><strong>Armband:<\/strong> Edelstahl mit dreifach gesicherter Faltschlie\u00dfe<\/li>\n<\/ul>\n","protected":false},"excerpt":{"rendered":"<p>Ein Meisterwerk stilistischer Reinheit, das die Schweizer Uhrmachertradition mit einem schlanken Design und zeitloser Eleganz feiert. Die Longines Lyre ist der ideale Begleiter f\u00fcr alle, die Exklusivit\u00e4t und herausragende mechanische Pr\u00e4zision suchen. <\/p>\n","protected":false},"featured_media":179231,"template":"","meta":{"_crdt_document":"","advanced_seo_description":"","jetpack_seo_html_title":"","jetpack_seo_noindex":false},"product_brand":[],"product_cat":[1923],"product_tag":[1511],"berocket_brand":[],"woo-feed-brand":[],"class_list":{"0":"post-179255","1":"product","2":"type-product","3":"status-publish","4":"has-post-thumbnail","6":"product_cat-longines","7":"product_tag-lyre","9":"first","10":"instock","11":"sale","12":"taxable","13":"shipping-taxable","14":"purchasable","15":"product-type-simple"},"bundled_by":[],"bundle_stock_status":"instock","bundle_stock_quantity":1,"bundle_virtual":false,"bundle_layout":"","bundle_add_to_cart_form_location":"","bundle_editable_in_cart":false,"bundle_sold_individually_context":"","bundle_item_grouping":"","bundle_min_size":"","bundle_max_size":"","bundle_price":[],"bundled_items":[],"bundle_sell_ids":[],"group_of_quantity":0,"min_quantity":0,"max_quantity":"","exclude_order_quantity_value_rules":"no","exclude_category_quantity_rules":"no","combine_variations":"no","jetpack_sharing_enabled":true,"jetpack_likes_enabled":true,"_links":{"self":[{"href":"https:\/\/watchdeluxe.it\/de\/wp-json\/wp\/v2\/product\/179255","targetHints":{"allow":["GET"]}}],"collection":[{"href":"https:\/\/watchdeluxe.it\/de\/wp-json\/wp\/v2\/product"}],"about":[{"href":"https:\/\/watchdeluxe.it\/de\/wp-json\/wp\/v2\/types\/product"}],"wp:featuredmedia":[{"embeddable":true,"href":"https:\/\/watchdeluxe.it\/de\/wp-json\/wp\/v2\/media\/179231"}],"wp:attachment":[{"href":"https:\/\/watchdeluxe.it\/de\/wp-json\/wp\/v2\/media?parent=179255"}],"wp:term":[{"taxonomy":"product_brand","embeddable":true,"href":"https:\/\/watchdeluxe.it\/de\/wp-json\/wp\/v2\/product_brand?post=179255"},{"taxonomy":"product_cat","embeddable":true,"href":"https:\/\/watchdeluxe.it\/de\/wp-json\/wp\/v2\/product_cat?post=179255"},{"taxonomy":"product_tag","embeddable":true,"href":"https:\/\/watchdeluxe.it\/de\/wp-json\/wp\/v2\/product_tag?post=179255"},{"taxonomy":"berocket_brand","embeddable":true,"href":"https:\/\/watchdeluxe.it\/de\/wp-json\/wp\/v2\/berocket_brand?post=179255"},{"taxonomy":"woo-feed-brand","embeddable":true,"href":"https:\/\/watchdeluxe.it\/de\/wp-json\/wp\/v2\/woo-feed-brand?post=179255"}],"curies":[{"name":"wp","href":"https:\/\/api.w.org\/{rel}","templated":true}]}}