{"id":178877,"date":"2026-04-24T15:29:16","date_gmt":"2026-04-24T13:29:16","guid":{"rendered":"https:\/\/watchdeluxe.it\/prodotto\/mido-ocean-star-600-ref-m0266083305100\/"},"modified":"2026-04-24T15:29:16","modified_gmt":"2026-04-24T13:29:16","slug":"mido-ocean-star-600-ref-m0266083305100","status":"publish","type":"product","link":"https:\/\/watchdeluxe.it\/de\/prodotto\/mido-ocean-star-600-ref-m0266083305100\/","title":{"rendered":"Mido Ocean Star 600 Ref. M0266083305100"},"content":{"rendered":"<p>Mido Ocean Star 600 Ref. M0266083305100<\/p>\n<ul>\n<li><strong>Uhrwerk:<\/strong> Mido Kaliber 80 (Basis ETA C07.821) Automatik, COSC-zertifizierter Chronometer<\/li>\n<li><strong>Gangreserve:<\/strong> Bis zu 80 h<\/li>\n<li><strong>Spiralfeder:<\/strong> Aus Silizium, f\u00fcr eine h\u00f6here Widerstandsf\u00e4higkeit gegen\u00fcber Magnetfeldern und St\u00f6\u00dfen<\/li>\n<li><strong>Geh\u00e4usematerial:<\/strong> Edelstahl mit schwarzer DLC-Beschichtung und Keramikl\u00fcnette<\/li>\n<li><strong>Wasserdichtigkeit:<\/strong> 60 bar (600 Meter \/ 1968 Fu\u00df) mit Heliumventil<\/li>\n<li><strong>Glas:<\/strong> Saphir mit beidseitiger Antireflexionsbeschichtung<\/li>\n<li><strong>Leuchtmasse:<\/strong> Super-LumiNova Grade X f\u00fcr \u00fcberragende Ablesbarkeit bei Dunkelheit<\/li>\n<li><strong>Durchmesser:<\/strong> 43,50 mm<\/li>\n<li><strong>Zifferblatt:<\/strong> Schwarz lackiert mit applizierten Indizes und Datumsanzeige<\/li>\n<li><strong>Armband:<\/strong> Edelstahl mit schwarzer DLC-Beschichtung und Faltschlie\u00dfe mit Taucherverl\u00e4ngerung<\/li>\n<\/ul>\n","protected":false},"excerpt":{"rendered":"<p>Der Gipfel der Schweizer Taucheruhrentechnik: Der Mido Ocean Star 600 Chronometer kombiniert ein DLC-Design in Total Black mit h\u00f6chster chronometrischer Pr\u00e4zision, um die Tiefen zu beherrschen.<\/p>\n","protected":false},"featured_media":178867,"template":"","meta":{"_crdt_document":"","advanced_seo_description":"","jetpack_seo_html_title":"","jetpack_seo_noindex":false},"product_brand":[],"product_cat":[1922],"product_tag":[3739],"berocket_brand":[],"woo-feed-brand":[],"class_list":{"0":"post-178877","1":"product","2":"type-product","3":"status-publish","4":"has-post-thumbnail","6":"product_cat-mido","7":"product_tag-ocean-star-2","9":"first","10":"instock","11":"sale","12":"taxable","13":"shipping-taxable","14":"purchasable","15":"product-type-simple"},"bundled_by":[],"bundle_stock_status":"instock","bundle_stock_quantity":1,"bundle_virtual":false,"bundle_layout":"","bundle_add_to_cart_form_location":"","bundle_editable_in_cart":false,"bundle_sold_individually_context":"","bundle_item_grouping":"","bundle_min_size":"","bundle_max_size":"","bundle_price":[],"bundled_items":[],"bundle_sell_ids":[],"group_of_quantity":0,"min_quantity":0,"max_quantity":"","exclude_order_quantity_value_rules":"no","exclude_category_quantity_rules":"no","combine_variations":"no","jetpack_sharing_enabled":true,"jetpack_likes_enabled":true,"_links":{"self":[{"href":"https:\/\/watchdeluxe.it\/de\/wp-json\/wp\/v2\/product\/178877","targetHints":{"allow":["GET"]}}],"collection":[{"href":"https:\/\/watchdeluxe.it\/de\/wp-json\/wp\/v2\/product"}],"about":[{"href":"https:\/\/watchdeluxe.it\/de\/wp-json\/wp\/v2\/types\/product"}],"wp:featuredmedia":[{"embeddable":true,"href":"https:\/\/watchdeluxe.it\/de\/wp-json\/wp\/v2\/media\/178867"}],"wp:attachment":[{"href":"https:\/\/watchdeluxe.it\/de\/wp-json\/wp\/v2\/media?parent=178877"}],"wp:term":[{"taxonomy":"product_brand","embeddable":true,"href":"https:\/\/watchdeluxe.it\/de\/wp-json\/wp\/v2\/product_brand?post=178877"},{"taxonomy":"product_cat","embeddable":true,"href":"https:\/\/watchdeluxe.it\/de\/wp-json\/wp\/v2\/product_cat?post=178877"},{"taxonomy":"product_tag","embeddable":true,"href":"https:\/\/watchdeluxe.it\/de\/wp-json\/wp\/v2\/product_tag?post=178877"},{"taxonomy":"berocket_brand","embeddable":true,"href":"https:\/\/watchdeluxe.it\/de\/wp-json\/wp\/v2\/berocket_brand?post=178877"},{"taxonomy":"woo-feed-brand","embeddable":true,"href":"https:\/\/watchdeluxe.it\/de\/wp-json\/wp\/v2\/woo-feed-brand?post=178877"}],"curies":[{"name":"wp","href":"https:\/\/api.w.org\/{rel}","templated":true}]}}