{"id":178651,"date":"2026-04-24T15:10:09","date_gmt":"2026-04-24T13:10:09","guid":{"rendered":"https:\/\/watchdeluxe.it\/prodotto\/mido-baroncelli-signature-gent-ref-m0374071104100\/"},"modified":"2026-04-24T15:10:09","modified_gmt":"2026-04-24T13:10:09","slug":"mido-baroncelli-signature-gent-ref-m0374071104100","status":"publish","type":"product","link":"https:\/\/watchdeluxe.it\/de\/prodotto\/mido-baroncelli-signature-gent-ref-m0374071104100\/","title":{"rendered":"Mido Baroncelli Signature Gent Ref. M0374071104100"},"content":{"rendered":"<p>Mido Baroncelli Signature Gent Ref. M0374071104100<\/p>\n<ul>\n<li><strong>Kollektion:<\/strong> Baroncelli Signature<\/li>\n<li><strong>Uhrwerk:<\/strong> Automatik Mido Kaliber 80 (bis zu 80 Stunden Gangreserve)<\/li>\n<li><strong>Geh\u00e4usematerial:<\/strong> Hochwertiger Edelstahl<\/li>\n<li><strong>Durchmesser:<\/strong> 39,00 mm<\/li>\n<li><strong>Geh\u00e4usedicke:<\/strong> 9,9 mm<\/li>\n<li><strong>Glas:<\/strong> Saphirglas, beidseitig entspiegelt<\/li>\n<li><strong>Innovation:<\/strong> Nivachron\u2122-Spirale (magnetfeld- und sto\u00dffest)<\/li>\n<li><strong>Geh\u00e4useboden:<\/strong> Transparent aus Saphirglas mit Einblick ins Werk<\/li>\n<li><strong>Wasserdichtigkeit:<\/strong> 5 bar (50 Meter \/ 165 Fu\u00df)<\/li>\n<li><strong>Armband:<\/strong> Edelstahl mit Faltschlie\u00dfe<\/li>\n<li><strong>Zifferblatt:<\/strong> Tiefblau mit edler Veredelung<\/li>\n<\/ul>\n","protected":false},"excerpt":{"rendered":"<p>Die Essenz klassischer Eleganz trifft auf Schweizer mechanische Avantgarde: Die Mido Baroncelli Signature ist ein Meisterwerk an Schlichtheit und Pr\u00e4zision. Ein Zeitmesser mit zeitlosem Design, perfekt f\u00fcr den Herrn, der Distinktion und technische Exzellenz in jedem Detail sch\u00e4tzt. <\/p>\n","protected":false},"featured_media":178645,"template":"","meta":{"_crdt_document":"","advanced_seo_description":"","jetpack_seo_html_title":"","jetpack_seo_noindex":false},"product_brand":[],"product_cat":[1922],"product_tag":[1515],"berocket_brand":[],"woo-feed-brand":[],"class_list":{"0":"post-178651","1":"product","2":"type-product","3":"status-publish","4":"has-post-thumbnail","6":"product_cat-mido","7":"product_tag-baroncelli","9":"first","10":"instock","11":"sale","12":"taxable","13":"shipping-taxable","14":"purchasable","15":"product-type-simple"},"bundled_by":[],"bundle_stock_status":"instock","bundle_stock_quantity":1,"bundle_virtual":false,"bundle_layout":"","bundle_add_to_cart_form_location":"","bundle_editable_in_cart":false,"bundle_sold_individually_context":"","bundle_item_grouping":"","bundle_min_size":"","bundle_max_size":"","bundle_price":[],"bundled_items":[],"bundle_sell_ids":[],"group_of_quantity":0,"min_quantity":0,"max_quantity":"","exclude_order_quantity_value_rules":"no","exclude_category_quantity_rules":"no","combine_variations":"no","jetpack_sharing_enabled":true,"jetpack_likes_enabled":true,"_links":{"self":[{"href":"https:\/\/watchdeluxe.it\/de\/wp-json\/wp\/v2\/product\/178651","targetHints":{"allow":["GET"]}}],"collection":[{"href":"https:\/\/watchdeluxe.it\/de\/wp-json\/wp\/v2\/product"}],"about":[{"href":"https:\/\/watchdeluxe.it\/de\/wp-json\/wp\/v2\/types\/product"}],"wp:featuredmedia":[{"embeddable":true,"href":"https:\/\/watchdeluxe.it\/de\/wp-json\/wp\/v2\/media\/178645"}],"wp:attachment":[{"href":"https:\/\/watchdeluxe.it\/de\/wp-json\/wp\/v2\/media?parent=178651"}],"wp:term":[{"taxonomy":"product_brand","embeddable":true,"href":"https:\/\/watchdeluxe.it\/de\/wp-json\/wp\/v2\/product_brand?post=178651"},{"taxonomy":"product_cat","embeddable":true,"href":"https:\/\/watchdeluxe.it\/de\/wp-json\/wp\/v2\/product_cat?post=178651"},{"taxonomy":"product_tag","embeddable":true,"href":"https:\/\/watchdeluxe.it\/de\/wp-json\/wp\/v2\/product_tag?post=178651"},{"taxonomy":"berocket_brand","embeddable":true,"href":"https:\/\/watchdeluxe.it\/de\/wp-json\/wp\/v2\/berocket_brand?post=178651"},{"taxonomy":"woo-feed-brand","embeddable":true,"href":"https:\/\/watchdeluxe.it\/de\/wp-json\/wp\/v2\/woo-feed-brand?post=178651"}],"curies":[{"name":"wp","href":"https:\/\/api.w.org\/{rel}","templated":true}]}}