{"id":178491,"date":"2026-04-24T11:58:00","date_gmt":"2026-04-24T09:58:00","guid":{"rendered":"https:\/\/watchdeluxe.it\/prodotto\/mido-multifort-tv-big-date-ref-m0495261109100\/"},"modified":"2026-04-24T11:58:00","modified_gmt":"2026-04-24T09:58:00","slug":"mido-multifort-tv-big-date-ref-m0495261109100","status":"publish","type":"product","link":"https:\/\/watchdeluxe.it\/de\/prodotto\/mido-multifort-tv-big-date-ref-m0495261109100\/","title":{"rendered":"Mido Multifort TV Big Date Ref. M0495261109100"},"content":{"rendered":"<p>Mido Multifort TV Big Date Ref. M0495261109100\n<\/p>\n<ul>\n<li><strong>Kollektion:<\/strong> Multifort TV Big Date<\/li>\n<li><strong>Uhrwerk:<\/strong> Automatik Mido Kaliber 80 (Basis ETA C07.651)<\/li>\n<li><strong>Gangreserve:<\/strong> Bis zu 80 h<\/li>\n<li><strong>Geh\u00e4usematerial:<\/strong> Edelstahl 316L<\/li>\n<li><strong>Abmessungen:<\/strong> Durchmesser 40,00 x 39,20 mm, Dicke 11,5 mm<\/li>\n<li><strong>Glas:<\/strong> Saphirglas, beidseitig entspiegelt<\/li>\n<li><strong>Besonderheiten:<\/strong> Gro\u00dfdatum (Big Date) bei 12 Uhr<\/li>\n<li><strong>Technologie:<\/strong> Nivachron\u2122-Spiralfeder, magnetfeld- und sto\u00dffest<\/li>\n<li><strong>Wasserdichtigkeit:<\/strong> 10 bar (100 m \/ 330 ft) mit verschraubter Krone<\/li>\n<li><strong>Geh\u00e4useboden:<\/strong> Sichtboden aus Saphirglas, um das verzierte Uhrwerk zu bewundern<\/li>\n<\/ul>\n","protected":false},"excerpt":{"rendered":"<p>Die ikonische Eleganz der 70er Jahre lebt im MIDO Multifort TV Big Date wieder auf \u2013 ein k\u00fchner Zeitmesser mit gr\u00fcnem Zifferblatt mit Farbverlauf, der Retro-Design und modernste Schweizer Pr\u00e4zision vereint.<\/p>\n","protected":false},"featured_media":178461,"template":"","meta":{"_crdt_document":"","advanced_seo_description":"","jetpack_seo_html_title":"","jetpack_seo_noindex":false},"product_brand":[],"product_cat":[1922],"product_tag":[3719],"berocket_brand":[],"woo-feed-brand":[],"class_list":{"0":"post-178491","1":"product","2":"type-product","3":"status-publish","4":"has-post-thumbnail","6":"product_cat-mido","7":"product_tag-multifort","9":"first","10":"instock","11":"sale","12":"taxable","13":"shipping-taxable","14":"purchasable","15":"product-type-simple"},"bundled_by":[],"bundle_stock_status":"instock","bundle_stock_quantity":1,"bundle_virtual":false,"bundle_layout":"","bundle_add_to_cart_form_location":"","bundle_editable_in_cart":false,"bundle_sold_individually_context":"","bundle_item_grouping":"","bundle_min_size":"","bundle_max_size":"","bundle_price":[],"bundled_items":[],"bundle_sell_ids":[],"group_of_quantity":0,"min_quantity":0,"max_quantity":"","exclude_order_quantity_value_rules":"no","exclude_category_quantity_rules":"no","combine_variations":"no","jetpack_sharing_enabled":true,"jetpack_likes_enabled":true,"_links":{"self":[{"href":"https:\/\/watchdeluxe.it\/de\/wp-json\/wp\/v2\/product\/178491","targetHints":{"allow":["GET"]}}],"collection":[{"href":"https:\/\/watchdeluxe.it\/de\/wp-json\/wp\/v2\/product"}],"about":[{"href":"https:\/\/watchdeluxe.it\/de\/wp-json\/wp\/v2\/types\/product"}],"wp:featuredmedia":[{"embeddable":true,"href":"https:\/\/watchdeluxe.it\/de\/wp-json\/wp\/v2\/media\/178461"}],"wp:attachment":[{"href":"https:\/\/watchdeluxe.it\/de\/wp-json\/wp\/v2\/media?parent=178491"}],"wp:term":[{"taxonomy":"product_brand","embeddable":true,"href":"https:\/\/watchdeluxe.it\/de\/wp-json\/wp\/v2\/product_brand?post=178491"},{"taxonomy":"product_cat","embeddable":true,"href":"https:\/\/watchdeluxe.it\/de\/wp-json\/wp\/v2\/product_cat?post=178491"},{"taxonomy":"product_tag","embeddable":true,"href":"https:\/\/watchdeluxe.it\/de\/wp-json\/wp\/v2\/product_tag?post=178491"},{"taxonomy":"berocket_brand","embeddable":true,"href":"https:\/\/watchdeluxe.it\/de\/wp-json\/wp\/v2\/berocket_brand?post=178491"},{"taxonomy":"woo-feed-brand","embeddable":true,"href":"https:\/\/watchdeluxe.it\/de\/wp-json\/wp\/v2\/woo-feed-brand?post=178491"}],"curies":[{"name":"wp","href":"https:\/\/api.w.org\/{rel}","templated":true}]}}