{"id":178126,"date":"2026-04-04T09:19:43","date_gmt":"2026-04-04T07:19:43","guid":{"rendered":"https:\/\/watchdeluxe.it\/prodotto\/longines-pilot-majetek-ref-l28384530\/"},"modified":"2026-04-04T09:19:43","modified_gmt":"2026-04-04T07:19:43","slug":"longines-pilot-majetek-ref-l28384530","status":"publish","type":"product","link":"https:\/\/watchdeluxe.it\/de\/prodotto\/longines-pilot-majetek-ref-l28384530\/","title":{"rendered":"Longines Pilot Majetek Ref. L28384530"},"content":{"rendered":"<p>Longines Pilot Majetek Ref. L28384530<\/p>\n<ul>\n<li><strong>Geh\u00e4use:<\/strong> Kissenf\u00f6rmiger Edelstahl<\/li>\n<li><strong>Durchmesser:<\/strong> 43,00 mm<\/li>\n<li><strong>Uhrwerk:<\/strong> Mechanisch mit Automatikaufzug Kaliber L893<\/li>\n<li><strong>Eigenschaften:<\/strong> Antimagnetische Siliziumspirale und COSC-Zertifizierung<\/li>\n<li><strong>Gangreserve:<\/strong> Bis zu 72 Stunden<\/li>\n<li><strong>Glas:<\/strong> Kratzfestes Saphirglas mit mehrschichtiger Entspiegelung<\/li>\n<li><strong>Zifferblatt:<\/strong> Mattschwarz mit erhabenen arabischen Ziffern und kleiner Sekunde<\/li>\n<li><strong>L\u00fcnette:<\/strong> Bidirektional drehbar, geriffelt mit Zeitanzeige<\/li>\n<li><strong>Armband:<\/strong> Braunes Kalbsleder mit beigefarbenen N\u00e4hten<\/li>\n<li><strong>Wasserdichtigkeit:<\/strong> Bis 10 bar (100 Meter)<\/li>\n<\/ul>\n","protected":false},"excerpt":{"rendered":"<p>Die Longines Pilot Majetek verk\u00f6rpert die Essenz der historischen Luftfahrt mit einem markanten Kissengeh\u00e4use und hochmoderner chronometrischer Pr\u00e4zision.<\/p>\n","protected":false},"featured_media":178119,"template":"","meta":{"_crdt_document":"","advanced_seo_description":"","jetpack_seo_html_title":"","jetpack_seo_noindex":false},"product_brand":[],"product_cat":[1918],"product_tag":[3715],"berocket_brand":[],"woo-feed-brand":[],"class_list":{"0":"post-178126","1":"product","2":"type-product","3":"status-publish","4":"has-post-thumbnail","6":"product_cat-iwc","7":"product_tag-pilot-2","9":"first","10":"instock","11":"sale","12":"taxable","13":"shipping-taxable","14":"purchasable","15":"product-type-simple"},"bundled_by":[],"bundle_stock_status":"instock","bundle_stock_quantity":1,"bundle_virtual":false,"bundle_layout":"","bundle_add_to_cart_form_location":"","bundle_editable_in_cart":false,"bundle_sold_individually_context":"","bundle_item_grouping":"","bundle_min_size":"","bundle_max_size":"","bundle_price":[],"bundled_items":[],"bundle_sell_ids":[],"group_of_quantity":0,"min_quantity":0,"max_quantity":"","exclude_order_quantity_value_rules":"no","exclude_category_quantity_rules":"no","combine_variations":"no","jetpack_sharing_enabled":true,"jetpack_likes_enabled":true,"_links":{"self":[{"href":"https:\/\/watchdeluxe.it\/de\/wp-json\/wp\/v2\/product\/178126","targetHints":{"allow":["GET"]}}],"collection":[{"href":"https:\/\/watchdeluxe.it\/de\/wp-json\/wp\/v2\/product"}],"about":[{"href":"https:\/\/watchdeluxe.it\/de\/wp-json\/wp\/v2\/types\/product"}],"wp:featuredmedia":[{"embeddable":true,"href":"https:\/\/watchdeluxe.it\/de\/wp-json\/wp\/v2\/media\/178119"}],"wp:attachment":[{"href":"https:\/\/watchdeluxe.it\/de\/wp-json\/wp\/v2\/media?parent=178126"}],"wp:term":[{"taxonomy":"product_brand","embeddable":true,"href":"https:\/\/watchdeluxe.it\/de\/wp-json\/wp\/v2\/product_brand?post=178126"},{"taxonomy":"product_cat","embeddable":true,"href":"https:\/\/watchdeluxe.it\/de\/wp-json\/wp\/v2\/product_cat?post=178126"},{"taxonomy":"product_tag","embeddable":true,"href":"https:\/\/watchdeluxe.it\/de\/wp-json\/wp\/v2\/product_tag?post=178126"},{"taxonomy":"berocket_brand","embeddable":true,"href":"https:\/\/watchdeluxe.it\/de\/wp-json\/wp\/v2\/berocket_brand?post=178126"},{"taxonomy":"woo-feed-brand","embeddable":true,"href":"https:\/\/watchdeluxe.it\/de\/wp-json\/wp\/v2\/woo-feed-brand?post=178126"}],"curies":[{"name":"wp","href":"https:\/\/api.w.org\/{rel}","templated":true}]}}