{"id":177832,"date":"2026-04-22T15:50:48","date_gmt":"2026-04-22T13:50:48","guid":{"rendered":"https:\/\/watchdeluxe.it\/prodotto\/oris-big-crown-pointer-date-ref-75477413168-0782001\/"},"modified":"2026-04-22T15:50:48","modified_gmt":"2026-04-22T13:50:48","slug":"oris-big-crown-pointer-date-ref-75477413168-0782001","status":"publish","type":"product","link":"https:\/\/watchdeluxe.it\/de\/prodotto\/oris-big-crown-pointer-date-ref-75477413168-0782001\/","title":{"rendered":"Oris Big Crown Pointer Date Ref. 75477413168-0782001"},"content":{"rendered":"<p>Oris Big Crown Pointer Date Ref. 75477413168-0782001<\/p>\n<ul>\n<li><strong>Referenz:<\/strong> 01 754 7741 3168-07 8 20 01<\/li>\n<li><strong>Geh\u00e4use:<\/strong> Mehrteiliges Edelstahlgeh\u00e4use, Durchmesser 40,00 mm<\/li>\n<li><strong>L\u00fcnette:<\/strong> Oberer Ring aus Bronze mit geriffeltem Rand<\/li>\n<li><strong>Uhrwerk:<\/strong> Kaliber Oris 754 auf Basis SW 200-1, automatisch<\/li>\n<li><strong>Besondere Funktion:<\/strong> Zentraler Datumszeiger (Pointer Date) mit Schnellkorrektur<\/li>\n<li><strong>Glas:<\/strong> Saphirglas, beidseitig gew\u00f6lbt, Innenseite entspiegelt<\/li>\n<li><strong>Zifferblatt:<\/strong> Blau mit Ziffern und Zeigern mit Super-LumiNova C1\/C3<\/li>\n<li><strong>Geh\u00e4useboden:<\/strong> Edelstahl, verschraubt, mit Mineralglas-Sichtfenster<\/li>\n<li><strong>Gangreserve:<\/strong> 38 Stunden<\/li>\n<li><strong>Armband:<\/strong> Mehrteiliges Edelstahlarmband mit Faltschlie\u00dfe<\/li>\n<\/ul>\n","protected":false},"excerpt":{"rendered":"<p>Eine Ikone der Luftfahrt, die die Eleganz von Stahl mit der W\u00e4rme von Bronze verbindet, gepr\u00e4gt durch die legend\u00e4re Pointer-Date-Funktion und zeitloses Schweizer Design.<\/p>\n","protected":false},"featured_media":177822,"template":"","meta":{"_crdt_document":"","advanced_seo_description":"","jetpack_seo_html_title":"","jetpack_seo_noindex":false},"product_brand":[],"product_cat":[1928],"product_tag":[4078],"berocket_brand":[],"woo-feed-brand":[],"class_list":{"0":"post-177832","1":"product","2":"type-product","3":"status-publish","4":"has-post-thumbnail","6":"product_cat-oris","7":"product_tag-big-crown-2","9":"first","10":"instock","11":"sale","12":"taxable","13":"shipping-taxable","14":"purchasable","15":"product-type-simple"},"bundled_by":[],"bundle_stock_status":"instock","bundle_stock_quantity":1,"bundle_virtual":false,"bundle_layout":"","bundle_add_to_cart_form_location":"","bundle_editable_in_cart":false,"bundle_sold_individually_context":"","bundle_item_grouping":"","bundle_min_size":"","bundle_max_size":"","bundle_price":[],"bundled_items":[],"bundle_sell_ids":[],"group_of_quantity":0,"min_quantity":0,"max_quantity":"","exclude_order_quantity_value_rules":"no","exclude_category_quantity_rules":"no","combine_variations":"no","jetpack_sharing_enabled":true,"jetpack_likes_enabled":true,"_links":{"self":[{"href":"https:\/\/watchdeluxe.it\/de\/wp-json\/wp\/v2\/product\/177832","targetHints":{"allow":["GET"]}}],"collection":[{"href":"https:\/\/watchdeluxe.it\/de\/wp-json\/wp\/v2\/product"}],"about":[{"href":"https:\/\/watchdeluxe.it\/de\/wp-json\/wp\/v2\/types\/product"}],"wp:featuredmedia":[{"embeddable":true,"href":"https:\/\/watchdeluxe.it\/de\/wp-json\/wp\/v2\/media\/177822"}],"wp:attachment":[{"href":"https:\/\/watchdeluxe.it\/de\/wp-json\/wp\/v2\/media?parent=177832"}],"wp:term":[{"taxonomy":"product_brand","embeddable":true,"href":"https:\/\/watchdeluxe.it\/de\/wp-json\/wp\/v2\/product_brand?post=177832"},{"taxonomy":"product_cat","embeddable":true,"href":"https:\/\/watchdeluxe.it\/de\/wp-json\/wp\/v2\/product_cat?post=177832"},{"taxonomy":"product_tag","embeddable":true,"href":"https:\/\/watchdeluxe.it\/de\/wp-json\/wp\/v2\/product_tag?post=177832"},{"taxonomy":"berocket_brand","embeddable":true,"href":"https:\/\/watchdeluxe.it\/de\/wp-json\/wp\/v2\/berocket_brand?post=177832"},{"taxonomy":"woo-feed-brand","embeddable":true,"href":"https:\/\/watchdeluxe.it\/de\/wp-json\/wp\/v2\/woo-feed-brand?post=177832"}],"curies":[{"name":"wp","href":"https:\/\/api.w.org\/{rel}","templated":true}]}}