{"id":177779,"date":"2026-04-22T15:37:14","date_gmt":"2026-04-22T13:37:14","guid":{"rendered":"https:\/\/watchdeluxe.it\/prodotto\/oris-artelier-ref-78177294031-0752165fc\/"},"modified":"2026-04-22T15:37:14","modified_gmt":"2026-04-22T13:37:14","slug":"oris-artelier-ref-78177294031-0752165fc","status":"publish","type":"product","link":"https:\/\/watchdeluxe.it\/de\/prodotto\/oris-artelier-ref-78177294031-0752165fc\/","title":{"rendered":"Oris Artelier Ref. 78177294031-0752165FC"},"content":{"rendered":"<p>Oris Artelier Ref. 78177294031-0752165FC<\/p>\n<ul>\n<li><strong>Kollektion:<\/strong> Oris Artelier<\/li>\n<li><strong>Uhrwerk:<\/strong> Oris 781 Automatik, Basis SW 200-1<\/li>\n<li><strong>Funktionen:<\/strong> Stunden, Minuten, Sekunden, Datum, Wochentag, zweite Zeitzone (24h) und Mondphase<\/li>\n<li><strong>Geh\u00e4use:<\/strong> Mehrteiliges Edelstahlgeh\u00e4use (40,00 mm)<\/li>\n<li><strong>Glas:<\/strong> Saphir, beidseitig gew\u00f6lbt, Innenseite entspiegelt<\/li>\n<li><strong>Geh\u00e4useboden:<\/strong> Edelstahl, verschraubt, mit Mineralglas-Sichtfenster<\/li>\n<li><strong>Zifferblatt:<\/strong> Silber mit applizierten Indizes und Zeigern<\/li>\n<li><strong>Armband:<\/strong> Dunkelbraunes Leder mit Edelstahl-Faltschlie\u00dfe<\/li>\n<li><strong>Gangreserve:<\/strong> 38 Stunden<\/li>\n<li><strong>Wasserdichtigkeit:<\/strong> 5 bar (50 Meter)<\/li>\n<\/ul>\n","protected":false},"excerpt":{"rendered":"<p>Die Oris Artelier Complication ist der Inbegriff mechanischer Eleganz und vereint Schweizer Pr\u00e4zision mit astronomischen Komplikationen von zeitlosem Charme. Ein anspruchsvoller Zeitmesser f\u00fcr alle, die sich durch Stil und \u00fcberlegene Technik abheben m\u00f6chten. <\/p>\n","protected":false},"featured_media":177762,"template":"","meta":{"_crdt_document":"","advanced_seo_description":"","jetpack_seo_html_title":"","jetpack_seo_noindex":false},"product_brand":[],"product_cat":[1928],"product_tag":[1823],"berocket_brand":[],"woo-feed-brand":[],"class_list":{"0":"post-177779","1":"product","2":"type-product","3":"status-publish","4":"has-post-thumbnail","6":"product_cat-oris","7":"product_tag-artelier-date","9":"first","10":"instock","11":"sale","12":"taxable","13":"shipping-taxable","14":"purchasable","15":"product-type-simple"},"bundled_by":[],"bundle_stock_status":"instock","bundle_stock_quantity":1,"bundle_virtual":false,"bundle_layout":"","bundle_add_to_cart_form_location":"","bundle_editable_in_cart":false,"bundle_sold_individually_context":"","bundle_item_grouping":"","bundle_min_size":"","bundle_max_size":"","bundle_price":[],"bundled_items":[],"bundle_sell_ids":[],"group_of_quantity":0,"min_quantity":0,"max_quantity":"","exclude_order_quantity_value_rules":"no","exclude_category_quantity_rules":"no","combine_variations":"no","jetpack_sharing_enabled":true,"jetpack_likes_enabled":true,"_links":{"self":[{"href":"https:\/\/watchdeluxe.it\/de\/wp-json\/wp\/v2\/product\/177779","targetHints":{"allow":["GET"]}}],"collection":[{"href":"https:\/\/watchdeluxe.it\/de\/wp-json\/wp\/v2\/product"}],"about":[{"href":"https:\/\/watchdeluxe.it\/de\/wp-json\/wp\/v2\/types\/product"}],"wp:featuredmedia":[{"embeddable":true,"href":"https:\/\/watchdeluxe.it\/de\/wp-json\/wp\/v2\/media\/177762"}],"wp:attachment":[{"href":"https:\/\/watchdeluxe.it\/de\/wp-json\/wp\/v2\/media?parent=177779"}],"wp:term":[{"taxonomy":"product_brand","embeddable":true,"href":"https:\/\/watchdeluxe.it\/de\/wp-json\/wp\/v2\/product_brand?post=177779"},{"taxonomy":"product_cat","embeddable":true,"href":"https:\/\/watchdeluxe.it\/de\/wp-json\/wp\/v2\/product_cat?post=177779"},{"taxonomy":"product_tag","embeddable":true,"href":"https:\/\/watchdeluxe.it\/de\/wp-json\/wp\/v2\/product_tag?post=177779"},{"taxonomy":"berocket_brand","embeddable":true,"href":"https:\/\/watchdeluxe.it\/de\/wp-json\/wp\/v2\/berocket_brand?post=177779"},{"taxonomy":"woo-feed-brand","embeddable":true,"href":"https:\/\/watchdeluxe.it\/de\/wp-json\/wp\/v2\/woo-feed-brand?post=177779"}],"curies":[{"name":"wp","href":"https:\/\/api.w.org\/{rel}","templated":true}]}}