{"id":177684,"date":"2026-04-22T11:52:34","date_gmt":"2026-04-22T09:52:34","guid":{"rendered":"https:\/\/watchdeluxe.it\/prodotto\/omega-seamaster-aqua-terra-ref-220-10-41-21-02-002\/"},"modified":"2026-04-22T11:52:34","modified_gmt":"2026-04-22T09:52:34","slug":"omega-seamaster-aqua-terra-ref-220-10-41-21-02-002","status":"publish","type":"product","link":"https:\/\/watchdeluxe.it\/de\/prodotto\/omega-seamaster-aqua-terra-ref-220-10-41-21-02-002\/","title":{"rendered":"Omega Seamaster Aqua Terra Ref. 220.10.41.21.02.002"},"content":{"rendered":"<p>Omega Seamaster Aqua Terra Ref. 220.10.41.21.02.002<\/p>\n<ul>\n<li><strong>Uhrwerk:<\/strong> OMEGA Co-Axial Master Chronometer Kaliber 8916<\/li>\n<li><strong>Geh\u00e4use:<\/strong> Edelstahl mit 41 mm Durchmesser<\/li>\n<li><strong>Zifferblatt:<\/strong> Silbern geb\u00fcrstet mit horizontalem Teak-Dekor<\/li>\n<li><strong>Kleine Sekunde:<\/strong> Opalin-Hilfszifferblatt bei 6 Uhr mit br\u00fcniertem Ring<\/li>\n<li><strong>Magnetresistenz:<\/strong> Getestet auf Widerstandsf\u00e4higkeit gegen\u00fcber Feldern von \u00fcber 15.000 Gau\u00df<\/li>\n<li><strong>Wasserdichtigkeit:<\/strong> 15 bar (150 Meter \/ 500 Fu\u00df)<\/li>\n<li><strong>Glas:<\/strong> Gew\u00f6lbtes kratzfestes Saphirglas mit Entspiegelung<\/li>\n<li><strong>Geh\u00e4useboden:<\/strong> Transparent aus Saphirglas zur Sicht auf das Uhrwerk<\/li>\n<li><strong>Armband:<\/strong> Edelstahl mit poliertem und geb\u00fcrstetem Finish<\/li>\n<li><strong>Gangreserve:<\/strong> 60 Stunden<\/li>\n<\/ul>\n","protected":false},"excerpt":{"rendered":"<p>Die OMEGA Seamaster Aqua Terra 150M Small Seconds vereint meisterhaft nautischen Geist mit mechanischer Innovation und bietet zeitlose Eleganz. Ein Meisterwerk zertifizierter Master-Chronometer-Pr\u00e4zision, ideal f\u00fcr alle, die einen vielseitigen Zeitmesser mit raffinierter Ausstrahlung suchen. <\/p>\n","protected":false},"featured_media":177674,"template":"","meta":{"_crdt_document":"","advanced_seo_description":"","jetpack_seo_html_title":"","jetpack_seo_noindex":false},"product_brand":[],"product_cat":[1921],"product_tag":[3961],"berocket_brand":[],"woo-feed-brand":[],"class_list":{"0":"post-177684","1":"product","2":"type-product","3":"status-publish","4":"has-post-thumbnail","6":"product_cat-omega","7":"product_tag-seamaster-2","9":"first","10":"instock","11":"sale","12":"taxable","13":"shipping-taxable","14":"purchasable","15":"product-type-simple"},"bundled_by":[],"bundle_stock_status":"instock","bundle_stock_quantity":1,"bundle_virtual":false,"bundle_layout":"","bundle_add_to_cart_form_location":"","bundle_editable_in_cart":false,"bundle_sold_individually_context":"","bundle_item_grouping":"","bundle_min_size":"","bundle_max_size":"","bundle_price":[],"bundled_items":[],"bundle_sell_ids":[],"group_of_quantity":0,"min_quantity":0,"max_quantity":"","exclude_order_quantity_value_rules":"no","exclude_category_quantity_rules":"no","combine_variations":"no","jetpack_sharing_enabled":true,"jetpack_likes_enabled":true,"_links":{"self":[{"href":"https:\/\/watchdeluxe.it\/de\/wp-json\/wp\/v2\/product\/177684","targetHints":{"allow":["GET"]}}],"collection":[{"href":"https:\/\/watchdeluxe.it\/de\/wp-json\/wp\/v2\/product"}],"about":[{"href":"https:\/\/watchdeluxe.it\/de\/wp-json\/wp\/v2\/types\/product"}],"wp:featuredmedia":[{"embeddable":true,"href":"https:\/\/watchdeluxe.it\/de\/wp-json\/wp\/v2\/media\/177674"}],"wp:attachment":[{"href":"https:\/\/watchdeluxe.it\/de\/wp-json\/wp\/v2\/media?parent=177684"}],"wp:term":[{"taxonomy":"product_brand","embeddable":true,"href":"https:\/\/watchdeluxe.it\/de\/wp-json\/wp\/v2\/product_brand?post=177684"},{"taxonomy":"product_cat","embeddable":true,"href":"https:\/\/watchdeluxe.it\/de\/wp-json\/wp\/v2\/product_cat?post=177684"},{"taxonomy":"product_tag","embeddable":true,"href":"https:\/\/watchdeluxe.it\/de\/wp-json\/wp\/v2\/product_tag?post=177684"},{"taxonomy":"berocket_brand","embeddable":true,"href":"https:\/\/watchdeluxe.it\/de\/wp-json\/wp\/v2\/berocket_brand?post=177684"},{"taxonomy":"woo-feed-brand","embeddable":true,"href":"https:\/\/watchdeluxe.it\/de\/wp-json\/wp\/v2\/woo-feed-brand?post=177684"}],"curies":[{"name":"wp","href":"https:\/\/api.w.org\/{rel}","templated":true}]}}