{"id":176727,"date":"2026-04-17T10:20:58","date_gmt":"2026-04-17T08:20:58","guid":{"rendered":"https:\/\/watchdeluxe.it\/prodotto\/omega-seamaster-diver-300m-007-edition-ref-210-90-42-20-01-001\/"},"modified":"2026-04-17T10:20:58","modified_gmt":"2026-04-17T08:20:58","slug":"omega-seamaster-diver-300m-007-edition-ref-210-90-42-20-01-001","status":"publish","type":"product","link":"https:\/\/watchdeluxe.it\/de\/prodotto\/omega-seamaster-diver-300m-007-edition-ref-210-90-42-20-01-001\/","title":{"rendered":"Omega Seamaster Diver 300M 007 Edition Ref. 210.90.42.20.01.001"},"content":{"rendered":"<p>Omega Seamaster Diver 300M 007 Edition Ref. 210.90.42.20.01.001\n<\/p>\n<ul>\n<li><strong>Referenz:<\/strong> 210.90.42.20.01.001<\/li>\n<li><strong>Geh\u00e4usematerial:<\/strong> Titan Grad 2<\/li>\n<li><strong>Uhrwerk:<\/strong> OMEGA Co-Axial Master Chronometer Kaliber 8806<\/li>\n<li><strong>Zertifizierung:<\/strong> Als Master Chronometer vom METAS zertifiziert, unempfindlich gegen\u00fcber Magnetfeldern bis zu 15.000 Gau\u00df<\/li>\n<li><strong>Zifferblatt und L\u00fcnette:<\/strong> Mattbraunes &#8220;tropisches&#8221; Aluminium mit Vintage-Indizes<\/li>\n<li><strong>Glas:<\/strong> Kratzfestes gew\u00f6lbtes Saphirglas mit innenliegender Entspiegelung<\/li>\n<li><strong>Wasserdichtigkeit:<\/strong> 30 bar (300 Meter \/ 1000 Fu\u00df)<\/li>\n<li><strong>Armband:<\/strong> Titan-Gliederarmband mit innovativer verstellbarer Schlie\u00dfe<\/li>\n<li><strong>Gangreserve:<\/strong> 55 Stunden<\/li>\n<li><strong>Besondere Funktionen:<\/strong> Heliumventil und unidirektionale drehbare L\u00fcnette<\/li>\n<\/ul>\n","protected":false},"excerpt":{"rendered":"<p>Die ultimative Verk\u00f6rperung des Bond-Stils: ein Zeitmesser aus Titan Grad 2, leicht und ultrawiderstandsf\u00e4hig, konzipiert f\u00fcr Elite-Abenteuer und zeitlose Eleganz.<\/p>\n","protected":false},"featured_media":176719,"template":"","meta":{"_crdt_document":"","advanced_seo_description":"","jetpack_seo_html_title":"","jetpack_seo_noindex":false},"product_brand":[],"product_cat":[1921],"product_tag":[3961],"berocket_brand":[],"woo-feed-brand":[],"class_list":{"0":"post-176727","1":"product","2":"type-product","3":"status-publish","4":"has-post-thumbnail","6":"product_cat-omega","7":"product_tag-seamaster-2","9":"first","10":"instock","11":"sale","12":"taxable","13":"shipping-taxable","14":"purchasable","15":"product-type-simple"},"bundled_by":[],"bundle_stock_status":"instock","bundle_stock_quantity":1,"bundle_virtual":false,"bundle_layout":"","bundle_add_to_cart_form_location":"","bundle_editable_in_cart":false,"bundle_sold_individually_context":"","bundle_item_grouping":"","bundle_min_size":"","bundle_max_size":"","bundle_price":[],"bundled_items":[],"bundle_sell_ids":[],"group_of_quantity":0,"min_quantity":0,"max_quantity":"","exclude_order_quantity_value_rules":"no","exclude_category_quantity_rules":"no","combine_variations":"no","jetpack_sharing_enabled":true,"jetpack_likes_enabled":true,"_links":{"self":[{"href":"https:\/\/watchdeluxe.it\/de\/wp-json\/wp\/v2\/product\/176727","targetHints":{"allow":["GET"]}}],"collection":[{"href":"https:\/\/watchdeluxe.it\/de\/wp-json\/wp\/v2\/product"}],"about":[{"href":"https:\/\/watchdeluxe.it\/de\/wp-json\/wp\/v2\/types\/product"}],"wp:featuredmedia":[{"embeddable":true,"href":"https:\/\/watchdeluxe.it\/de\/wp-json\/wp\/v2\/media\/176719"}],"wp:attachment":[{"href":"https:\/\/watchdeluxe.it\/de\/wp-json\/wp\/v2\/media?parent=176727"}],"wp:term":[{"taxonomy":"product_brand","embeddable":true,"href":"https:\/\/watchdeluxe.it\/de\/wp-json\/wp\/v2\/product_brand?post=176727"},{"taxonomy":"product_cat","embeddable":true,"href":"https:\/\/watchdeluxe.it\/de\/wp-json\/wp\/v2\/product_cat?post=176727"},{"taxonomy":"product_tag","embeddable":true,"href":"https:\/\/watchdeluxe.it\/de\/wp-json\/wp\/v2\/product_tag?post=176727"},{"taxonomy":"berocket_brand","embeddable":true,"href":"https:\/\/watchdeluxe.it\/de\/wp-json\/wp\/v2\/berocket_brand?post=176727"},{"taxonomy":"woo-feed-brand","embeddable":true,"href":"https:\/\/watchdeluxe.it\/de\/wp-json\/wp\/v2\/woo-feed-brand?post=176727"}],"curies":[{"name":"wp","href":"https:\/\/api.w.org\/{rel}","templated":true}]}}