{"id":175772,"date":"2026-04-15T09:48:36","date_gmt":"2026-04-15T07:48:36","guid":{"rendered":"https:\/\/watchdeluxe.it\/prodotto\/hublot-classic-fusion-ref-581-nx-8970-lr\/"},"modified":"2026-04-15T09:48:36","modified_gmt":"2026-04-15T07:48:36","slug":"hublot-classic-fusion-ref-581-nx-8970-lr","status":"publish","type":"product","link":"https:\/\/watchdeluxe.it\/de\/prodotto\/hublot-classic-fusion-ref-581-nx-8970-lr\/","title":{"rendered":"Hublot Classic Fusion Ref. 581.NX.8970.LR"},"content":{"rendered":"<p>Hublot Classic Fusion Ref. 581.NX.8970.LR<\/p>\n<ul>\n<li><strong>Referenz:<\/strong> 581.NX.8970.LR<\/li>\n<li><strong>Kollektion:<\/strong> Classic Fusion<\/li>\n<li><strong>Geh\u00e4use:<\/strong> Titan, poliert und satiniert<\/li>\n<li><strong>Durchmesser:<\/strong> 33 mm<\/li>\n<li><strong>Uhrwerk:<\/strong> Quarz HUB2912<\/li>\n<li><strong>Zifferblatt:<\/strong> Gr\u00fcn satiniert mit Sonnenschliff<\/li>\n<li><strong>L\u00fcnette:<\/strong> Titan mit 6 H-f\u00f6rmigen Schrauben<\/li>\n<li><strong>Glas:<\/strong> Entspiegeltes Saphirglas<\/li>\n<li><strong>Armband:<\/strong> Gr\u00fcnes Alligatorleder und schwarzer Kautschuk<\/li>\n<li><strong>Wasserdichtigkeit:<\/strong> 50 Meter (5 ATM)<\/li>\n<\/ul>\n","protected":false},"excerpt":{"rendered":"<p>Die Hublot Classic Fusion Titanium Green 33 mm verk\u00f6rpert die Essenz zeitgen\u00f6ssischer Eleganz und verschmilzt die Widerstandsf\u00e4higkeit von Titan Grad 5 mit der magnetischen Intensit\u00e4t eines gr\u00fcn satinierten Zifferblatts.<\/p>\n","protected":false},"featured_media":175768,"template":"","meta":{"_crdt_document":"","advanced_seo_description":"","jetpack_seo_html_title":"","jetpack_seo_noindex":false},"product_brand":[],"product_cat":[1917],"product_tag":[3889],"berocket_brand":[],"woo-feed-brand":[],"class_list":{"0":"post-175772","1":"product","2":"type-product","3":"status-publish","4":"has-post-thumbnail","6":"product_cat-hublot","7":"product_tag-classic-fusion-2","9":"first","10":"instock","11":"sale","12":"taxable","13":"shipping-taxable","14":"purchasable","15":"product-type-simple"},"bundled_by":[],"bundle_stock_status":"instock","bundle_stock_quantity":1,"bundle_virtual":false,"bundle_layout":"","bundle_add_to_cart_form_location":"","bundle_editable_in_cart":false,"bundle_sold_individually_context":"","bundle_item_grouping":"","bundle_min_size":"","bundle_max_size":"","bundle_price":[],"bundled_items":[],"bundle_sell_ids":[],"group_of_quantity":0,"min_quantity":0,"max_quantity":"","exclude_order_quantity_value_rules":"no","exclude_category_quantity_rules":"no","combine_variations":"no","exclude_global_add_ons":[],"addons":[],"jetpack_sharing_enabled":true,"jetpack_likes_enabled":true,"_links":{"self":[{"href":"https:\/\/watchdeluxe.it\/de\/wp-json\/wp\/v2\/product\/175772","targetHints":{"allow":["GET"]}}],"collection":[{"href":"https:\/\/watchdeluxe.it\/de\/wp-json\/wp\/v2\/product"}],"about":[{"href":"https:\/\/watchdeluxe.it\/de\/wp-json\/wp\/v2\/types\/product"}],"wp:featuredmedia":[{"embeddable":true,"href":"https:\/\/watchdeluxe.it\/de\/wp-json\/wp\/v2\/media\/175768"}],"wp:attachment":[{"href":"https:\/\/watchdeluxe.it\/de\/wp-json\/wp\/v2\/media?parent=175772"}],"wp:term":[{"taxonomy":"product_brand","embeddable":true,"href":"https:\/\/watchdeluxe.it\/de\/wp-json\/wp\/v2\/product_brand?post=175772"},{"taxonomy":"product_cat","embeddable":true,"href":"https:\/\/watchdeluxe.it\/de\/wp-json\/wp\/v2\/product_cat?post=175772"},{"taxonomy":"product_tag","embeddable":true,"href":"https:\/\/watchdeluxe.it\/de\/wp-json\/wp\/v2\/product_tag?post=175772"},{"taxonomy":"berocket_brand","embeddable":true,"href":"https:\/\/watchdeluxe.it\/de\/wp-json\/wp\/v2\/berocket_brand?post=175772"},{"taxonomy":"woo-feed-brand","embeddable":true,"href":"https:\/\/watchdeluxe.it\/de\/wp-json\/wp\/v2\/woo-feed-brand?post=175772"}],"curies":[{"name":"wp","href":"https:\/\/api.w.org\/{rel}","templated":true}]}}