{"id":175636,"date":"2026-04-14T18:12:07","date_gmt":"2026-04-14T16:12:07","guid":{"rendered":"https:\/\/watchdeluxe.it\/prodotto\/hamilton-american-classic-boulton-quartz-ref-h13431553\/"},"modified":"2026-04-14T18:12:07","modified_gmt":"2026-04-14T16:12:07","slug":"hamilton-american-classic-boulton-quartz-ref-h13431553","status":"publish","type":"product","link":"https:\/\/watchdeluxe.it\/de\/prodotto\/hamilton-american-classic-boulton-quartz-ref-h13431553\/","title":{"rendered":"Hamilton American Classic Boulton Quartz Ref. H13431553"},"content":{"rendered":"<p>Hamilton American Classic Boulton Quartz Ref. H13431553<\/p>\n<ul>\n<li><strong>Referenz:<\/strong> H13431553<\/li>\n<li><strong>Kollektion:<\/strong> American Classic<\/li>\n<li><strong>Uhrwerk:<\/strong> Hochpr\u00e4zises Schweizer Quarzwerk (Kaliber 980.163)<\/li>\n<li><strong>Geh\u00e4usema\u00dfe:<\/strong> 27 mm x 31,6 mm<\/li>\n<li><strong>Dicke:<\/strong> 7,8 mm<\/li>\n<li><strong>Geh\u00e4usematerial:<\/strong> Edelstahl mit gelbgold-PVD-Beschichtung<\/li>\n<li><strong>Glas:<\/strong> Gew\u00f6lbtes Mineralglas<\/li>\n<li><strong>Zifferblatt:<\/strong> Wei\u00df mit arabischen Ziffern und kleiner Sekunde bei 6 Uhr<\/li>\n<li><strong>Armband:<\/strong> Braunes Kalbsleder mit Alligatorpr\u00e4gung<\/li>\n<li><strong>Wasserdichtigkeit:<\/strong> 3 bar (30 Meter)<\/li>\n<\/ul>\n","protected":false},"excerpt":{"rendered":"<p>Die Hamilton Boulton Quartz verk\u00f6rpert die zeitlose Eleganz des Art-D\u00e9co-Stils, eine Ikone aus dem Jahr 1941, die heute f\u00fcr das moderne Handgelenk mit der Pr\u00e4zision des Schweizer Quarzwerks und zeitlosem filmischem Charme neu interpretiert wurde.<\/p>\n","protected":false},"featured_media":175535,"template":"","meta":{"_crdt_document":"","advanced_seo_description":"","jetpack_seo_html_title":"","jetpack_seo_noindex":false},"product_brand":[],"product_cat":[1915],"product_tag":[],"berocket_brand":[],"woo-feed-brand":[],"class_list":{"0":"post-175636","1":"product","2":"type-product","3":"status-publish","4":"has-post-thumbnail","6":"product_cat-hamilton","8":"first","9":"instock","10":"sale","11":"taxable","12":"shipping-taxable","13":"purchasable","14":"product-type-simple"},"bundled_by":[],"bundle_stock_status":"instock","bundle_stock_quantity":1,"bundle_virtual":false,"bundle_layout":"","bundle_add_to_cart_form_location":"","bundle_editable_in_cart":false,"bundle_sold_individually_context":"","bundle_item_grouping":"","bundle_min_size":"","bundle_max_size":"","bundle_price":[],"bundled_items":[],"bundle_sell_ids":[],"group_of_quantity":0,"min_quantity":0,"max_quantity":"","exclude_order_quantity_value_rules":"no","exclude_category_quantity_rules":"no","combine_variations":"no","jetpack_sharing_enabled":true,"jetpack_likes_enabled":true,"_links":{"self":[{"href":"https:\/\/watchdeluxe.it\/de\/wp-json\/wp\/v2\/product\/175636","targetHints":{"allow":["GET"]}}],"collection":[{"href":"https:\/\/watchdeluxe.it\/de\/wp-json\/wp\/v2\/product"}],"about":[{"href":"https:\/\/watchdeluxe.it\/de\/wp-json\/wp\/v2\/types\/product"}],"wp:featuredmedia":[{"embeddable":true,"href":"https:\/\/watchdeluxe.it\/de\/wp-json\/wp\/v2\/media\/175535"}],"wp:attachment":[{"href":"https:\/\/watchdeluxe.it\/de\/wp-json\/wp\/v2\/media?parent=175636"}],"wp:term":[{"taxonomy":"product_brand","embeddable":true,"href":"https:\/\/watchdeluxe.it\/de\/wp-json\/wp\/v2\/product_brand?post=175636"},{"taxonomy":"product_cat","embeddable":true,"href":"https:\/\/watchdeluxe.it\/de\/wp-json\/wp\/v2\/product_cat?post=175636"},{"taxonomy":"product_tag","embeddable":true,"href":"https:\/\/watchdeluxe.it\/de\/wp-json\/wp\/v2\/product_tag?post=175636"},{"taxonomy":"berocket_brand","embeddable":true,"href":"https:\/\/watchdeluxe.it\/de\/wp-json\/wp\/v2\/berocket_brand?post=175636"},{"taxonomy":"woo-feed-brand","embeddable":true,"href":"https:\/\/watchdeluxe.it\/de\/wp-json\/wp\/v2\/woo-feed-brand?post=175636"}],"curies":[{"name":"wp","href":"https:\/\/api.w.org\/{rel}","templated":true}]}}