{"id":175635,"date":"2026-04-14T18:05:52","date_gmt":"2026-04-14T16:05:52","guid":{"rendered":"https:\/\/watchdeluxe.it\/prodotto\/hamilton-ventura-quartz-ref-h24411732\/"},"modified":"2026-04-14T18:05:52","modified_gmt":"2026-04-14T16:05:52","slug":"hamilton-ventura-quartz-ref-h24411732","status":"publish","type":"product","link":"https:\/\/watchdeluxe.it\/de\/prodotto\/hamilton-ventura-quartz-ref-h24411732\/","title":{"rendered":"Hamilton Ventura Quartz Ref. H24411732"},"content":{"rendered":"<p>Hamilton Ventura Quartz Ref. H24411732<\/p>\n<ul>\n<li><strong>Referenz:<\/strong> H24411732<\/li>\n<li><strong>Kollektion:<\/strong> Ventura<\/li>\n<li><strong>Uhrwerk:<\/strong> Schweizer Quarzwerk (Kaliber 955.412)<\/li>\n<li><strong>Geh\u00e4useabmessungen:<\/strong> 32,3 mm x 50,3 mm<\/li>\n<li><strong>Geh\u00e4usematerial:<\/strong> Edelstahl<\/li>\n<li><strong>Zifferblatt:<\/strong> Schwarz mit silberfarbenen Indizes und Zeigern<\/li>\n<li><strong>Glas:<\/strong> Hochresistentes Mineralglas<\/li>\n<li><strong>Armband:<\/strong> Schwarzes Kalbsleder mit Krokodilpr\u00e4gung<\/li>\n<li><strong>Wasserdichtigkeit:<\/strong> 5 bar (50 m)<\/li>\n<li><strong>Ansto\u00dfbreite:<\/strong> 17 mm<\/li>\n<\/ul>\n","protected":false},"excerpt":{"rendered":"<p>Die Hamilton Ventura Quartz H24411732 ist die k\u00fchne Ikone, die das Uhrendesign neu definiert hat, indem sie das legend\u00e4re Erbe von Elvis Presley mit einer zeitlosen, futuristischen \u00c4sthetik verbindet.<\/p>\n","protected":false},"featured_media":175329,"template":"","meta":{"_crdt_document":"","advanced_seo_description":"","jetpack_seo_html_title":"","jetpack_seo_noindex":false},"product_brand":[],"product_cat":[1915],"product_tag":[],"berocket_brand":[],"woo-feed-brand":[],"class_list":{"0":"post-175635","1":"product","2":"type-product","3":"status-publish","4":"has-post-thumbnail","6":"product_cat-hamilton","8":"first","9":"instock","10":"sale","11":"taxable","12":"shipping-taxable","13":"purchasable","14":"product-type-simple"},"bundled_by":[],"bundle_stock_status":"instock","bundle_stock_quantity":1,"bundle_virtual":false,"bundle_layout":"","bundle_add_to_cart_form_location":"","bundle_editable_in_cart":false,"bundle_sold_individually_context":"","bundle_item_grouping":"","bundle_min_size":"","bundle_max_size":"","bundle_price":[],"bundled_items":[],"bundle_sell_ids":[],"group_of_quantity":0,"min_quantity":0,"max_quantity":"","exclude_order_quantity_value_rules":"no","exclude_category_quantity_rules":"no","combine_variations":"no","jetpack_sharing_enabled":true,"jetpack_likes_enabled":true,"_links":{"self":[{"href":"https:\/\/watchdeluxe.it\/de\/wp-json\/wp\/v2\/product\/175635","targetHints":{"allow":["GET"]}}],"collection":[{"href":"https:\/\/watchdeluxe.it\/de\/wp-json\/wp\/v2\/product"}],"about":[{"href":"https:\/\/watchdeluxe.it\/de\/wp-json\/wp\/v2\/types\/product"}],"wp:featuredmedia":[{"embeddable":true,"href":"https:\/\/watchdeluxe.it\/de\/wp-json\/wp\/v2\/media\/175329"}],"wp:attachment":[{"href":"https:\/\/watchdeluxe.it\/de\/wp-json\/wp\/v2\/media?parent=175635"}],"wp:term":[{"taxonomy":"product_brand","embeddable":true,"href":"https:\/\/watchdeluxe.it\/de\/wp-json\/wp\/v2\/product_brand?post=175635"},{"taxonomy":"product_cat","embeddable":true,"href":"https:\/\/watchdeluxe.it\/de\/wp-json\/wp\/v2\/product_cat?post=175635"},{"taxonomy":"product_tag","embeddable":true,"href":"https:\/\/watchdeluxe.it\/de\/wp-json\/wp\/v2\/product_tag?post=175635"},{"taxonomy":"berocket_brand","embeddable":true,"href":"https:\/\/watchdeluxe.it\/de\/wp-json\/wp\/v2\/berocket_brand?post=175635"},{"taxonomy":"woo-feed-brand","embeddable":true,"href":"https:\/\/watchdeluxe.it\/de\/wp-json\/wp\/v2\/woo-feed-brand?post=175635"}],"curies":[{"name":"wp","href":"https:\/\/api.w.org\/{rel}","templated":true}]}}