{"id":175553,"date":"2026-04-14T17:34:33","date_gmt":"2026-04-14T15:34:33","guid":{"rendered":"https:\/\/watchdeluxe.it\/prodotto\/hamilton-jazzmaster-performer-auto-ref-h36225770\/"},"modified":"2026-04-14T17:34:33","modified_gmt":"2026-04-14T15:34:33","slug":"hamilton-jazzmaster-performer-auto-ref-h36225770","status":"publish","type":"product","link":"https:\/\/watchdeluxe.it\/de\/prodotto\/hamilton-jazzmaster-performer-auto-ref-h36225770\/","title":{"rendered":"Hamilton Jazzmaster Performer Auto Ref. H36225770"},"content":{"rendered":"<p>Hamilton Jazzmaster Performer Auto Ref. H36225770<\/p>\n<ul>\n<li><strong>Uhrwerk:<\/strong> Automatikkaliber H-10 mit 80 Stunden Gangreserve<\/li>\n<li><strong>Technologie:<\/strong> Nivachron\u2122-Legierungsspirale f\u00fcr hohe Magnetfeldresistenz<\/li>\n<li><strong>Geh\u00e4use:<\/strong> Edelstahl mit edler ros\u00e9goldener PVD-Beschichtung<\/li>\n<li><strong>Abmessungen:<\/strong> Geh\u00e4usedurchmesser 38 mm und H\u00f6he 11,47 mm<\/li>\n<li><strong>Zifferblatt:<\/strong> Klares Wei\u00df mit ros\u00e9goldenen Indizes und Zeigern mit Super-LumiNova\u00ae<\/li>\n<li><strong>Glas:<\/strong> Kratzfestes Saphirglas mit Entspiegelung<\/li>\n<li><strong>Armband:<\/strong> Schwarzes Kalbsleder mit perforiertem Racing-Design<\/li>\n<li><strong>Wasserdichtigkeit:<\/strong> Garantierte Dichtigkeit bis 10 bar (100 Meter)<\/li>\n<li><strong>L\u00fcnette:<\/strong> Fest mit schwarzem Kontrast-Finish f\u00fcr einen sportlich-eleganten Look<\/li>\n<li><strong>Geh\u00e4useboden:<\/strong> Transparent f\u00fcr den Blick auf die Architektur des Schweizer Uhrwerks<\/li>\n<\/ul>\n","protected":false},"excerpt":{"rendered":"<p>Die Hamilton Jazzmaster Performer H36225770 ist das Sinnbild zeitgen\u00f6ssischer sportlicher Eleganz, wo der warme Ton des Ros\u00e9golds auf h\u00f6chste Schweizer Pr\u00e4zision trifft. Ein ausdrucksstarker Zeitmesser f\u00fcr alle, die jedes Abenteuer mit Stil leben.<\/p>\n","protected":false},"featured_media":175175,"template":"","meta":{"_crdt_document":"","advanced_seo_description":"","jetpack_seo_html_title":"","jetpack_seo_noindex":false},"product_brand":[],"product_cat":[1915],"product_tag":[1394],"berocket_brand":[],"woo-feed-brand":[],"class_list":{"0":"post-175553","1":"product","2":"type-product","3":"status-publish","4":"has-post-thumbnail","6":"product_cat-hamilton","7":"product_tag-jazzmaster","9":"first","10":"instock","11":"sale","12":"taxable","13":"shipping-taxable","14":"purchasable","15":"product-type-simple"},"bundled_by":[],"bundle_stock_status":"instock","bundle_stock_quantity":1,"bundle_virtual":false,"bundle_layout":"","bundle_add_to_cart_form_location":"","bundle_editable_in_cart":false,"bundle_sold_individually_context":"","bundle_item_grouping":"","bundle_min_size":"","bundle_max_size":"","bundle_price":[],"bundled_items":[],"bundle_sell_ids":[],"group_of_quantity":0,"min_quantity":0,"max_quantity":"","exclude_order_quantity_value_rules":"no","exclude_category_quantity_rules":"no","combine_variations":"no","jetpack_sharing_enabled":true,"jetpack_likes_enabled":true,"_links":{"self":[{"href":"https:\/\/watchdeluxe.it\/de\/wp-json\/wp\/v2\/product\/175553","targetHints":{"allow":["GET"]}}],"collection":[{"href":"https:\/\/watchdeluxe.it\/de\/wp-json\/wp\/v2\/product"}],"about":[{"href":"https:\/\/watchdeluxe.it\/de\/wp-json\/wp\/v2\/types\/product"}],"wp:featuredmedia":[{"embeddable":true,"href":"https:\/\/watchdeluxe.it\/de\/wp-json\/wp\/v2\/media\/175175"}],"wp:attachment":[{"href":"https:\/\/watchdeluxe.it\/de\/wp-json\/wp\/v2\/media?parent=175553"}],"wp:term":[{"taxonomy":"product_brand","embeddable":true,"href":"https:\/\/watchdeluxe.it\/de\/wp-json\/wp\/v2\/product_brand?post=175553"},{"taxonomy":"product_cat","embeddable":true,"href":"https:\/\/watchdeluxe.it\/de\/wp-json\/wp\/v2\/product_cat?post=175553"},{"taxonomy":"product_tag","embeddable":true,"href":"https:\/\/watchdeluxe.it\/de\/wp-json\/wp\/v2\/product_tag?post=175553"},{"taxonomy":"berocket_brand","embeddable":true,"href":"https:\/\/watchdeluxe.it\/de\/wp-json\/wp\/v2\/berocket_brand?post=175553"},{"taxonomy":"woo-feed-brand","embeddable":true,"href":"https:\/\/watchdeluxe.it\/de\/wp-json\/wp\/v2\/woo-feed-brand?post=175553"}],"curies":[{"name":"wp","href":"https:\/\/api.w.org\/{rel}","templated":true}]}}