{"id":175375,"date":"2026-04-14T16:44:59","date_gmt":"2026-04-14T14:44:59","guid":{"rendered":"https:\/\/watchdeluxe.it\/prodotto\/hamilton-khaki-field-expedition-ref-h70225830-2\/"},"modified":"2026-04-14T16:44:59","modified_gmt":"2026-04-14T14:44:59","slug":"hamilton-khaki-field-expedition-ref-h70225830-2","status":"publish","type":"product","link":"https:\/\/watchdeluxe.it\/de\/prodotto\/hamilton-khaki-field-expedition-ref-h70225830-2\/","title":{"rendered":"Hamilton Khaki Field Expedition Ref. H70225830"},"content":{"rendered":"<p>Hamilton Khaki Field Expedition Ref. H70225830<\/p>\n<ul>\n<li><strong>Referenz:<\/strong> H70225830<\/li>\n<li><strong>Uhrwerk:<\/strong> Automatikwerk Kaliber H-10 mit Nivachron\u2122-Spiralfeder<\/li>\n<li><strong>Gangreserve:<\/strong> 80 Stunden<\/li>\n<li><strong>Geh\u00e4use:<\/strong> Edelstahl, 37 mm<\/li>\n<li><strong>Glas:<\/strong> Entspiegeltes Saphirglas<\/li>\n<li><strong>Besonderheit:<\/strong> Beidseitig drehbare Kompassl\u00fcnette zur Orientierung nach der Sonne<\/li>\n<li><strong>Zifferblatt:<\/strong> Schwarz mit Super-LumiNova\u00ae-Indizes<\/li>\n<li><strong>Wasserdichtigkeit:<\/strong> 10 bar (100 m) mit verschraubter Krone<\/li>\n<li><strong>Armband:<\/strong> Gr\u00fcnes, pflanzlich gegerbtes Kalbsleder<\/li>\n<li><strong>H\u00f6he:<\/strong> 11,45 mm<\/li>\n<\/ul>\n","protected":false},"excerpt":{"rendered":"<p>Die Hamilton Khaki Field Expedition 37mm ist der ultimative Begleiter f\u00fcr jedes Abenteuer. Sie vereint milit\u00e4risches Erbe mit einer funktionalen Kompassl\u00fcnette f\u00fcr grenzenlose Erkundungen. Ein robuster, kompakter Zeitmesser, der den unbez\u00e4hmbaren Geist moderner Entdecker verk\u00f6rpert. <\/p>\n","protected":false},"featured_media":175141,"template":"","meta":{"_crdt_document":"","advanced_seo_description":"","jetpack_seo_html_title":"","jetpack_seo_noindex":false},"product_brand":[],"product_cat":[1915],"product_tag":[],"berocket_brand":[],"woo-feed-brand":[],"class_list":{"0":"post-175375","1":"product","2":"type-product","3":"status-publish","4":"has-post-thumbnail","6":"product_cat-hamilton","8":"first","9":"instock","10":"sale","11":"taxable","12":"shipping-taxable","13":"purchasable","14":"product-type-simple"},"bundled_by":[],"bundle_stock_status":"instock","bundle_stock_quantity":1,"bundle_virtual":false,"bundle_layout":"","bundle_add_to_cart_form_location":"","bundle_editable_in_cart":false,"bundle_sold_individually_context":"","bundle_item_grouping":"","bundle_min_size":"","bundle_max_size":"","bundle_price":[],"bundled_items":[],"bundle_sell_ids":[],"group_of_quantity":0,"min_quantity":0,"max_quantity":"","exclude_order_quantity_value_rules":"no","exclude_category_quantity_rules":"no","combine_variations":"no","jetpack_sharing_enabled":true,"jetpack_likes_enabled":true,"_links":{"self":[{"href":"https:\/\/watchdeluxe.it\/de\/wp-json\/wp\/v2\/product\/175375","targetHints":{"allow":["GET"]}}],"collection":[{"href":"https:\/\/watchdeluxe.it\/de\/wp-json\/wp\/v2\/product"}],"about":[{"href":"https:\/\/watchdeluxe.it\/de\/wp-json\/wp\/v2\/types\/product"}],"wp:featuredmedia":[{"embeddable":true,"href":"https:\/\/watchdeluxe.it\/de\/wp-json\/wp\/v2\/media\/175141"}],"wp:attachment":[{"href":"https:\/\/watchdeluxe.it\/de\/wp-json\/wp\/v2\/media?parent=175375"}],"wp:term":[{"taxonomy":"product_brand","embeddable":true,"href":"https:\/\/watchdeluxe.it\/de\/wp-json\/wp\/v2\/product_brand?post=175375"},{"taxonomy":"product_cat","embeddable":true,"href":"https:\/\/watchdeluxe.it\/de\/wp-json\/wp\/v2\/product_cat?post=175375"},{"taxonomy":"product_tag","embeddable":true,"href":"https:\/\/watchdeluxe.it\/de\/wp-json\/wp\/v2\/product_tag?post=175375"},{"taxonomy":"berocket_brand","embeddable":true,"href":"https:\/\/watchdeluxe.it\/de\/wp-json\/wp\/v2\/berocket_brand?post=175375"},{"taxonomy":"woo-feed-brand","embeddable":true,"href":"https:\/\/watchdeluxe.it\/de\/wp-json\/wp\/v2\/woo-feed-brand?post=175375"}],"curies":[{"name":"wp","href":"https:\/\/api.w.org\/{rel}","templated":true}]}}