{"id":175336,"date":"2026-04-14T16:08:48","date_gmt":"2026-04-14T14:08:48","guid":{"rendered":"https:\/\/watchdeluxe.it\/prodotto\/hamilton-khaki-aviation-pilot-pioneer-mechanical-chrono-ref-h76409530\/"},"modified":"2026-04-14T16:08:48","modified_gmt":"2026-04-14T14:08:48","slug":"hamilton-khaki-aviation-pilot-pioneer-mechanical-chrono-ref-h76409530","status":"publish","type":"product","link":"https:\/\/watchdeluxe.it\/de\/prodotto\/hamilton-khaki-aviation-pilot-pioneer-mechanical-chrono-ref-h76409530\/","title":{"rendered":"Hamilton Khaki Aviation Pilot Pioneer Mechanical Chrono Ref. H76409530"},"content":{"rendered":"<p>Hamilton Khaki Aviation Pilot Pioneer Mechanical Chrono Ref. H76409530<\/p>\n<ul>\n<li><strong>Uhrwerk:<\/strong> Mechanisch mit Handaufzug Kaliber H-50<\/li>\n<li><strong>Gangreserve:<\/strong> 80 Stunden Autonomie<\/li>\n<li><strong>Geh\u00e4usematerial:<\/strong> Edelstahl<\/li>\n<li><strong>Geh\u00e4usema\u00dfe:<\/strong> 36 mm x 33 mm<\/li>\n<li><strong>Glas:<\/strong> Mineralglas box-shaped mit Entspiegelung<\/li>\n<li><strong>Zifferblatt:<\/strong> Schwarz mit k\u00f6rniger Textur im Vintage-Stil<\/li>\n<li><strong>Armband:<\/strong> Braunes Kalbsleder mit Dornschlie\u00dfe<\/li>\n<li><strong>Wasserdichtigkeit:<\/strong> 10 bar (100 m \/ 145 psi)<\/li>\n<li><strong>Stegbreite:<\/strong> 18 mm<\/li>\n<li><strong>Besonderheiten:<\/strong> Originalgetreue Neuinterpretation des RAF-Milit\u00e4rmodells von 1973<\/li>\n<\/ul>\n","protected":false},"excerpt":{"rendered":"<p>Eine authentische Hommage an die Geschichte der britischen Milit\u00e4rluftfahrt, die den Vintage-Geist der 70er Jahre mit einem modernen mechanischen Kaliber mit au\u00dfergew\u00f6hnlicher Gangreserve vereint.<\/p>\n","protected":false},"featured_media":175135,"template":"","meta":{"_crdt_document":"","advanced_seo_description":"","jetpack_seo_html_title":"","jetpack_seo_noindex":false},"product_brand":[],"product_cat":[1915],"product_tag":[1387],"berocket_brand":[],"woo-feed-brand":[],"class_list":{"0":"post-175336","1":"product","2":"type-product","3":"status-publish","4":"has-post-thumbnail","6":"product_cat-hamilton","7":"product_tag-khaki","9":"first","10":"instock","11":"sale","12":"taxable","13":"shipping-taxable","14":"purchasable","15":"product-type-simple"},"bundled_by":[],"bundle_stock_status":"instock","bundle_stock_quantity":1,"bundle_virtual":false,"bundle_layout":"","bundle_add_to_cart_form_location":"","bundle_editable_in_cart":false,"bundle_sold_individually_context":"","bundle_item_grouping":"","bundle_min_size":"","bundle_max_size":"","bundle_price":[],"bundled_items":[],"bundle_sell_ids":[],"group_of_quantity":0,"min_quantity":0,"max_quantity":"","exclude_order_quantity_value_rules":"no","exclude_category_quantity_rules":"no","combine_variations":"no","jetpack_sharing_enabled":true,"jetpack_likes_enabled":true,"_links":{"self":[{"href":"https:\/\/watchdeluxe.it\/de\/wp-json\/wp\/v2\/product\/175336","targetHints":{"allow":["GET"]}}],"collection":[{"href":"https:\/\/watchdeluxe.it\/de\/wp-json\/wp\/v2\/product"}],"about":[{"href":"https:\/\/watchdeluxe.it\/de\/wp-json\/wp\/v2\/types\/product"}],"wp:featuredmedia":[{"embeddable":true,"href":"https:\/\/watchdeluxe.it\/de\/wp-json\/wp\/v2\/media\/175135"}],"wp:attachment":[{"href":"https:\/\/watchdeluxe.it\/de\/wp-json\/wp\/v2\/media?parent=175336"}],"wp:term":[{"taxonomy":"product_brand","embeddable":true,"href":"https:\/\/watchdeluxe.it\/de\/wp-json\/wp\/v2\/product_brand?post=175336"},{"taxonomy":"product_cat","embeddable":true,"href":"https:\/\/watchdeluxe.it\/de\/wp-json\/wp\/v2\/product_cat?post=175336"},{"taxonomy":"product_tag","embeddable":true,"href":"https:\/\/watchdeluxe.it\/de\/wp-json\/wp\/v2\/product_tag?post=175336"},{"taxonomy":"berocket_brand","embeddable":true,"href":"https:\/\/watchdeluxe.it\/de\/wp-json\/wp\/v2\/berocket_brand?post=175336"},{"taxonomy":"woo-feed-brand","embeddable":true,"href":"https:\/\/watchdeluxe.it\/de\/wp-json\/wp\/v2\/woo-feed-brand?post=175336"}],"curies":[{"name":"wp","href":"https:\/\/api.w.org\/{rel}","templated":true}]}}