{"id":175294,"date":"2026-04-14T15:56:47","date_gmt":"2026-04-14T13:56:47","guid":{"rendered":"https:\/\/watchdeluxe.it\/prodotto\/hamilton-khaki-aviation-x-wind-auto-chrono-ref-h77616533\/"},"modified":"2026-04-14T15:56:47","modified_gmt":"2026-04-14T13:56:47","slug":"hamilton-khaki-aviation-x-wind-auto-chrono-ref-h77616533","status":"publish","type":"product","link":"https:\/\/watchdeluxe.it\/de\/prodotto\/hamilton-khaki-aviation-x-wind-auto-chrono-ref-h77616533\/","title":{"rendered":"Hamilton Khaki Aviation X-Wind Auto Chrono Ref. H77616533"},"content":{"rendered":"<p>Hamilton Khaki Aviation X-Wind Auto Chrono Ref. H77616533<\/p>\n<ul>\n<li><strong>Referenz:<\/strong> H77616533<\/li>\n<li><strong>Uhrwerk:<\/strong> Automatik Kaliber H-21<\/li>\n<li><strong>Gangreserve:<\/strong> 60 Stunden<\/li>\n<li><strong>Geh\u00e4usematerial:<\/strong> Edelstahl<\/li>\n<li><strong>Geh\u00e4usedurchmesser:<\/strong> 44 mm<\/li>\n<li><strong>Glas:<\/strong> Entspiegeltes Saphirglas<\/li>\n<li><strong>Besondere Funktionen:<\/strong> Driftwinkel-Rechner (Drift Angle)<\/li>\n<li><strong>Armband:<\/strong> Braunes Leder mit H-Schlie\u00dfe<\/li>\n<li><strong>Wasserdichtigkeit:<\/strong> 10 bar (100 m)<\/li>\n<li><strong>Stegbreite:<\/strong> 22 mm<\/li>\n<\/ul>\n","protected":false},"excerpt":{"rendered":"<p>Eine Ikone der modernen Luftfahrt, die Schweizer Pr\u00e4zision mit fortschrittlicher technischer Funktionalit\u00e4t vereint \u2013 ideal f\u00fcr alle, die den Himmel mit Stil und K\u00fchnheit erobern. Die Khaki X-Wind ist das ultimative Instrument f\u00fcr Piloten und zeichnet sich durch den ersten jemals in eine Uhr integrierten Driftwinkel-Rechner aus. <\/p>\n","protected":false},"featured_media":175127,"template":"","meta":{"_crdt_document":"","advanced_seo_description":"","jetpack_seo_html_title":"","jetpack_seo_noindex":false},"product_brand":[],"product_cat":[1915],"product_tag":[1387],"berocket_brand":[],"woo-feed-brand":[],"class_list":{"0":"post-175294","1":"product","2":"type-product","3":"status-publish","4":"has-post-thumbnail","6":"product_cat-hamilton","7":"product_tag-khaki","9":"first","10":"instock","11":"sale","12":"taxable","13":"shipping-taxable","14":"purchasable","15":"product-type-simple"},"bundled_by":[],"bundle_stock_status":"instock","bundle_stock_quantity":1,"bundle_virtual":false,"bundle_layout":"","bundle_add_to_cart_form_location":"","bundle_editable_in_cart":false,"bundle_sold_individually_context":"","bundle_item_grouping":"","bundle_min_size":"","bundle_max_size":"","bundle_price":[],"bundled_items":[],"bundle_sell_ids":[],"group_of_quantity":0,"min_quantity":0,"max_quantity":"","exclude_order_quantity_value_rules":"no","exclude_category_quantity_rules":"no","combine_variations":"no","jetpack_sharing_enabled":true,"jetpack_likes_enabled":true,"_links":{"self":[{"href":"https:\/\/watchdeluxe.it\/de\/wp-json\/wp\/v2\/product\/175294","targetHints":{"allow":["GET"]}}],"collection":[{"href":"https:\/\/watchdeluxe.it\/de\/wp-json\/wp\/v2\/product"}],"about":[{"href":"https:\/\/watchdeluxe.it\/de\/wp-json\/wp\/v2\/types\/product"}],"wp:featuredmedia":[{"embeddable":true,"href":"https:\/\/watchdeluxe.it\/de\/wp-json\/wp\/v2\/media\/175127"}],"wp:attachment":[{"href":"https:\/\/watchdeluxe.it\/de\/wp-json\/wp\/v2\/media?parent=175294"}],"wp:term":[{"taxonomy":"product_brand","embeddable":true,"href":"https:\/\/watchdeluxe.it\/de\/wp-json\/wp\/v2\/product_brand?post=175294"},{"taxonomy":"product_cat","embeddable":true,"href":"https:\/\/watchdeluxe.it\/de\/wp-json\/wp\/v2\/product_cat?post=175294"},{"taxonomy":"product_tag","embeddable":true,"href":"https:\/\/watchdeluxe.it\/de\/wp-json\/wp\/v2\/product_tag?post=175294"},{"taxonomy":"berocket_brand","embeddable":true,"href":"https:\/\/watchdeluxe.it\/de\/wp-json\/wp\/v2\/berocket_brand?post=175294"},{"taxonomy":"woo-feed-brand","embeddable":true,"href":"https:\/\/watchdeluxe.it\/de\/wp-json\/wp\/v2\/woo-feed-brand?post=175294"}],"curies":[{"name":"wp","href":"https:\/\/api.w.org\/{rel}","templated":true}]}}