{"id":175233,"date":"2026-04-14T15:30:57","date_gmt":"2026-04-14T13:30:57","guid":{"rendered":"https:\/\/watchdeluxe.it\/prodotto\/hamilton-khaki-navy-belowzero-auto-titanium-ref-h78505330\/"},"modified":"2026-04-14T15:30:57","modified_gmt":"2026-04-14T13:30:57","slug":"hamilton-khaki-navy-belowzero-auto-titanium-ref-h78505330","status":"publish","type":"product","link":"https:\/\/watchdeluxe.it\/de\/prodotto\/hamilton-khaki-navy-belowzero-auto-titanium-ref-h78505330\/","title":{"rendered":"Hamilton Khaki Navy BeLOWZERO Auto Titanium Ref. H78505330"},"content":{"rendered":"<p>Hamilton Khaki Navy BeLOWZERO Auto Titanium Ref. H78505330<\/p>\n<ul>\n<li><strong>Referenz:<\/strong> H78505330<\/li>\n<li><strong>Uhrwerk:<\/strong> H-10 Automatikwerk mit 80 Stunden Gangreserve<\/li>\n<li><strong>Geh\u00e4use:<\/strong> Titan mit schwarzer PVD-Beschichtung<\/li>\n<li><strong>Durchmesser:<\/strong> 46 mm<\/li>\n<li><strong>Glas:<\/strong> Entspiegeltes Saphirglas<\/li>\n<li><strong>Wasserdichtigkeit:<\/strong> 100 bar (1000 m) mit Heliumventil<\/li>\n<li><strong>Armband:<\/strong> Schwarzer Kautschuk mit Dornschlie\u00dfe<\/li>\n<li><strong>Geh\u00e4useboden:<\/strong> Verschraubt mit spezieller Tauchermasken-Gravur<\/li>\n<li><strong>Spiralfeder:<\/strong> Antimagnetische Nivachron-Spirale<\/li>\n<li><strong>H\u00f6he:<\/strong> 15,7 mm<\/li>\n<\/ul>\n","protected":false},"excerpt":{"rendered":"<p>Die Khaki Navy BeLOWZERO aus Titan ist ein legend\u00e4rer Zeitmesser, der f\u00fcr extremste Tiefen konzipiert wurde und eine eindrucksvolle Stealth-\u00c4sthetik mit beispielloser technischer Widerstandsf\u00e4higkeit verbindet.<\/p>\n","protected":false},"featured_media":175112,"template":"","meta":{"_crdt_document":"","advanced_seo_description":"","jetpack_seo_html_title":"","jetpack_seo_noindex":false},"product_brand":[],"product_cat":[1915],"product_tag":[],"berocket_brand":[],"woo-feed-brand":[],"class_list":{"0":"post-175233","1":"product","2":"type-product","3":"status-publish","4":"has-post-thumbnail","6":"product_cat-hamilton","8":"first","9":"instock","10":"taxable","11":"shipping-taxable","12":"purchasable","13":"product-type-simple"},"bundled_by":[],"bundle_stock_status":"instock","bundle_stock_quantity":1,"bundle_virtual":false,"bundle_layout":"","bundle_add_to_cart_form_location":"","bundle_editable_in_cart":false,"bundle_sold_individually_context":"","bundle_item_grouping":"","bundle_min_size":"","bundle_max_size":"","bundle_price":[],"bundled_items":[],"bundle_sell_ids":[],"group_of_quantity":0,"min_quantity":0,"max_quantity":"","exclude_order_quantity_value_rules":"no","exclude_category_quantity_rules":"no","combine_variations":"no","jetpack_sharing_enabled":true,"jetpack_likes_enabled":true,"_links":{"self":[{"href":"https:\/\/watchdeluxe.it\/de\/wp-json\/wp\/v2\/product\/175233","targetHints":{"allow":["GET"]}}],"collection":[{"href":"https:\/\/watchdeluxe.it\/de\/wp-json\/wp\/v2\/product"}],"about":[{"href":"https:\/\/watchdeluxe.it\/de\/wp-json\/wp\/v2\/types\/product"}],"wp:featuredmedia":[{"embeddable":true,"href":"https:\/\/watchdeluxe.it\/de\/wp-json\/wp\/v2\/media\/175112"}],"wp:attachment":[{"href":"https:\/\/watchdeluxe.it\/de\/wp-json\/wp\/v2\/media?parent=175233"}],"wp:term":[{"taxonomy":"product_brand","embeddable":true,"href":"https:\/\/watchdeluxe.it\/de\/wp-json\/wp\/v2\/product_brand?post=175233"},{"taxonomy":"product_cat","embeddable":true,"href":"https:\/\/watchdeluxe.it\/de\/wp-json\/wp\/v2\/product_cat?post=175233"},{"taxonomy":"product_tag","embeddable":true,"href":"https:\/\/watchdeluxe.it\/de\/wp-json\/wp\/v2\/product_tag?post=175233"},{"taxonomy":"berocket_brand","embeddable":true,"href":"https:\/\/watchdeluxe.it\/de\/wp-json\/wp\/v2\/berocket_brand?post=175233"},{"taxonomy":"woo-feed-brand","embeddable":true,"href":"https:\/\/watchdeluxe.it\/de\/wp-json\/wp\/v2\/woo-feed-brand?post=175233"}],"curies":[{"name":"wp","href":"https:\/\/api.w.org\/{rel}","templated":true}]}}