{"id":174927,"date":"2026-04-14T14:48:42","date_gmt":"2026-04-14T12:48:42","guid":{"rendered":"https:\/\/watchdeluxe.it\/prodotto\/glashuette-original-senator-ref-1-36-04-01-02-30\/"},"modified":"2026-04-14T14:48:42","modified_gmt":"2026-04-14T12:48:42","slug":"glashuette-original-senator-ref-1-36-04-01-02-30","status":"publish","type":"product","link":"https:\/\/watchdeluxe.it\/de\/prodotto\/glashuette-original-senator-ref-1-36-04-01-02-30\/","title":{"rendered":"Glash\u00fctte Original Senator Ref. 1-36-04-01-02-30"},"content":{"rendered":"<p>Glash\u00fctte Glash\u00fctte Original Senator Ref. 1-36-04-01-02-30<\/p>\n<ul>\n<li><strong>Werk:<\/strong> Hochpr\u00e4zises Automatik-Manufakturkaliber 36-04<\/li>\n<li><strong>Gangreserve:<\/strong> Au\u00dfergew\u00f6hnliche Autonomie von ca. 100 Stunden<\/li>\n<li><strong>Geh\u00e4use:<\/strong> Edelstahl 40 mm mit 12,2 mm H\u00f6he<\/li>\n<li><strong>Zifferblatt:<\/strong> Silber grain\u00e9 mit r\u00f6mischen Ziffern und Chemin-de-fer-Minuterie<\/li>\n<li><strong>Komplikationen:<\/strong> Glash\u00fctte Panoramadatum und handgefertigte Mondphasenanzeige<\/li>\n<li><strong>Glas:<\/strong> Saphirglas auf Vorder- und R\u00fcckseite mit Entspiegelung<\/li>\n<li><strong>Mechanik:<\/strong> Silizium-Unruhspirale und Schwanenhalsregulierung<\/li>\n<li><strong>Veredelung:<\/strong> Dreiviertelplatine und skelettierter Rotor mit 21kt Goldmasse<\/li>\n<li><strong>Armband:<\/strong> Hochwertiges Louisiana-Alligatorleder in Schwarz<\/li>\n<li><strong>Wasserdichtigkeit:<\/strong> Getestet bis 5 bar Druck<\/li>\n<\/ul>\n","protected":false},"excerpt":{"rendered":"<p>Die Exzellenz s\u00e4chsischer Uhrmacherkunst zeigt sich in zeitlosem Design, wo die Pr\u00e4zision des Kalibers 36 auf den Zauber der Mondphasen und das ikonische Panoramadatum trifft.<\/p>\n","protected":false},"featured_media":174900,"template":"","meta":{"_crdt_document":"","advanced_seo_description":"","jetpack_seo_html_title":"","jetpack_seo_noindex":false},"product_brand":[],"product_cat":[3919],"product_tag":[2554],"berocket_brand":[],"woo-feed-brand":[],"class_list":{"0":"post-174927","1":"product","2":"type-product","3":"status-publish","4":"has-post-thumbnail","6":"product_cat-glashutte-original-es","7":"product_tag-senador","9":"first","10":"instock","11":"sale","12":"taxable","13":"shipping-taxable","14":"purchasable","15":"product-type-simple"},"bundled_by":[],"bundle_stock_status":"instock","bundle_stock_quantity":1,"bundle_virtual":false,"bundle_layout":"","bundle_add_to_cart_form_location":"","bundle_editable_in_cart":false,"bundle_sold_individually_context":"","bundle_item_grouping":"","bundle_min_size":"","bundle_max_size":"","bundle_price":[],"bundled_items":[],"bundle_sell_ids":[],"group_of_quantity":0,"min_quantity":0,"max_quantity":"","exclude_order_quantity_value_rules":"no","exclude_category_quantity_rules":"no","combine_variations":"no","exclude_global_add_ons":[],"addons":[],"jetpack_sharing_enabled":true,"jetpack_likes_enabled":true,"_links":{"self":[{"href":"https:\/\/watchdeluxe.it\/de\/wp-json\/wp\/v2\/product\/174927","targetHints":{"allow":["GET"]}}],"collection":[{"href":"https:\/\/watchdeluxe.it\/de\/wp-json\/wp\/v2\/product"}],"about":[{"href":"https:\/\/watchdeluxe.it\/de\/wp-json\/wp\/v2\/types\/product"}],"wp:featuredmedia":[{"embeddable":true,"href":"https:\/\/watchdeluxe.it\/de\/wp-json\/wp\/v2\/media\/174900"}],"wp:attachment":[{"href":"https:\/\/watchdeluxe.it\/de\/wp-json\/wp\/v2\/media?parent=174927"}],"wp:term":[{"taxonomy":"product_brand","embeddable":true,"href":"https:\/\/watchdeluxe.it\/de\/wp-json\/wp\/v2\/product_brand?post=174927"},{"taxonomy":"product_cat","embeddable":true,"href":"https:\/\/watchdeluxe.it\/de\/wp-json\/wp\/v2\/product_cat?post=174927"},{"taxonomy":"product_tag","embeddable":true,"href":"https:\/\/watchdeluxe.it\/de\/wp-json\/wp\/v2\/product_tag?post=174927"},{"taxonomy":"berocket_brand","embeddable":true,"href":"https:\/\/watchdeluxe.it\/de\/wp-json\/wp\/v2\/berocket_brand?post=174927"},{"taxonomy":"woo-feed-brand","embeddable":true,"href":"https:\/\/watchdeluxe.it\/de\/wp-json\/wp\/v2\/woo-feed-brand?post=174927"}],"curies":[{"name":"wp","href":"https:\/\/api.w.org\/{rel}","templated":true}]}}