{"id":174409,"date":"2026-04-14T10:26:11","date_gmt":"2026-04-14T08:26:11","guid":{"rendered":"https:\/\/watchdeluxe.it\/prodotto\/montblanc-extreme-3-0-umhaengetasche-ref-198051\/"},"modified":"2026-04-14T10:26:11","modified_gmt":"2026-04-14T08:26:11","slug":"montblanc-extreme-3-0-umhaengetasche-ref-198051","status":"publish","type":"product","link":"https:\/\/watchdeluxe.it\/de\/prodotto\/montblanc-extreme-3-0-umhaengetasche-ref-198051\/","title":{"rendered":"Montblanc Extreme 3.0 Umh\u00e4ngetasche Ref. 198051"},"content":{"rendered":"<p>Montblanc Extreme 3.0 Umh\u00e4ngetasche 198051 \u2013 unterstreichen Sie Ihre Eleganz mit faszinierenden Montblanc-Accessoires: Schreibger\u00e4te, Rucks\u00e4cke, Taschen, Luxus-Geldb\u00f6rsen, Uhren, Terminkalender und hochwertige G\u00fcrtel. Entdecken Sie makellose Handwerkskunst und zeitloses Design.<\/p>\n","protected":false},"excerpt":{"rendered":"<p>Montblanc Extreme 3.0 Umh\u00e4ngetasche Ref. 198051<\/p>\n","protected":false},"featured_media":174401,"template":"","meta":{"_crdt_document":"","advanced_seo_description":"","jetpack_seo_html_title":"","jetpack_seo_noindex":false},"product_brand":[],"product_cat":[1929],"product_tag":[1414],"berocket_brand":[],"woo-feed-brand":[],"class_list":{"0":"post-174409","1":"product","2":"type-product","3":"status-publish","4":"has-post-thumbnail","6":"product_cat-montblanc","7":"product_tag-zaino","9":"first","10":"instock","11":"sale","12":"taxable","13":"shipping-taxable","14":"purchasable","15":"product-type-simple"},"bundled_by":[],"bundle_stock_status":"instock","bundle_stock_quantity":1,"bundle_virtual":false,"bundle_layout":"","bundle_add_to_cart_form_location":"","bundle_editable_in_cart":false,"bundle_sold_individually_context":"","bundle_item_grouping":"","bundle_min_size":"","bundle_max_size":"","bundle_price":[],"bundled_items":[],"bundle_sell_ids":[],"group_of_quantity":0,"min_quantity":0,"max_quantity":"","exclude_order_quantity_value_rules":"no","exclude_category_quantity_rules":"no","combine_variations":"no","jetpack_sharing_enabled":true,"jetpack_likes_enabled":true,"_links":{"self":[{"href":"https:\/\/watchdeluxe.it\/de\/wp-json\/wp\/v2\/product\/174409","targetHints":{"allow":["GET"]}}],"collection":[{"href":"https:\/\/watchdeluxe.it\/de\/wp-json\/wp\/v2\/product"}],"about":[{"href":"https:\/\/watchdeluxe.it\/de\/wp-json\/wp\/v2\/types\/product"}],"wp:featuredmedia":[{"embeddable":true,"href":"https:\/\/watchdeluxe.it\/de\/wp-json\/wp\/v2\/media\/174401"}],"wp:attachment":[{"href":"https:\/\/watchdeluxe.it\/de\/wp-json\/wp\/v2\/media?parent=174409"}],"wp:term":[{"taxonomy":"product_brand","embeddable":true,"href":"https:\/\/watchdeluxe.it\/de\/wp-json\/wp\/v2\/product_brand?post=174409"},{"taxonomy":"product_cat","embeddable":true,"href":"https:\/\/watchdeluxe.it\/de\/wp-json\/wp\/v2\/product_cat?post=174409"},{"taxonomy":"product_tag","embeddable":true,"href":"https:\/\/watchdeluxe.it\/de\/wp-json\/wp\/v2\/product_tag?post=174409"},{"taxonomy":"berocket_brand","embeddable":true,"href":"https:\/\/watchdeluxe.it\/de\/wp-json\/wp\/v2\/berocket_brand?post=174409"},{"taxonomy":"woo-feed-brand","embeddable":true,"href":"https:\/\/watchdeluxe.it\/de\/wp-json\/wp\/v2\/woo-feed-brand?post=174409"}],"curies":[{"name":"wp","href":"https:\/\/api.w.org\/{rel}","templated":true}]}}