{"id":174172,"date":"2026-04-13T16:40:11","date_gmt":"2026-04-13T14:40:11","guid":{"rendered":"https:\/\/watchdeluxe.it\/prodotto\/breitling-classic-avi-aviator-8-curtiss-warhawk-ref-a133161a1l1a1\/"},"modified":"2026-04-13T16:40:11","modified_gmt":"2026-04-13T14:40:11","slug":"breitling-classic-avi-aviator-8-curtiss-warhawk-ref-a133161a1l1a1","status":"publish","type":"product","link":"https:\/\/watchdeluxe.it\/de\/prodotto\/breitling-classic-avi-aviator-8-curtiss-warhawk-ref-a133161a1l1a1\/","title":{"rendered":"Breitling Classic AVI Aviator 8 Curtiss Warhawk Ref. A133161A1L1A1"},"content":{"rendered":"<p>Breitling Classic AVI Aviator 8 Curtiss Warhawk Ref. A133161A1L1A1<\/p>\n<ul>\n<li><strong>Referenz:<\/strong> A133161A1L1A1<\/li>\n<li><strong>Kollektion:<\/strong> Aviator 8 Chronograph 43 Curtiss Warhawk<\/li>\n<li><strong>Uhrwerk:<\/strong> Breitling-Kaliber 13, mechanisches Automatikwerk<\/li>\n<li><strong>Gangreserve:<\/strong> Ca. 48 Stunden<\/li>\n<li><strong>Geh\u00e4usematerial:<\/strong> Edelstahl mit individuell graviertem Geh\u00e4useboden<\/li>\n<li><strong>Durchmesser:<\/strong> 43,0 mm<\/li>\n<li><strong>Zifferblatt:<\/strong> Milit\u00e4rgr\u00fcn mit mattem Finish und Leuchtindizes<\/li>\n<li><strong>Glas:<\/strong> Bombiertes Saphirglas, beidseitig entspiegelt<\/li>\n<li><strong>Wasserdichtigkeit:<\/strong> 100 Meter (10 bar)<\/li>\n<li><strong>Armband:<\/strong> Professional III aus Edelstahl<\/li>\n<\/ul>\n","protected":false},"excerpt":{"rendered":"<p>Die Breitling Aviator 8 Curtiss Warhawk ist eine k\u00fchne Hommage an die legend\u00e4re Luftfahrt und vereint raffiniertes Milit\u00e4rdesign mit der makellosen Pr\u00e4zision eines COSC-zertifizierten Chronometers.<\/p>\n","protected":false},"featured_media":174166,"template":"","meta":{"_crdt_document":"","advanced_seo_description":"","jetpack_seo_html_title":"","jetpack_seo_noindex":false},"product_brand":[],"product_cat":[1914],"product_tag":[3978],"berocket_brand":[],"woo-feed-brand":[],"class_list":{"0":"post-174172","1":"product","2":"type-product","3":"status-publish","4":"has-post-thumbnail","6":"product_cat-breitling","7":"product_tag-classic-avi-2","9":"first","10":"instock","11":"sale","12":"taxable","13":"shipping-taxable","14":"purchasable","15":"product-type-simple"},"bundled_by":[],"bundle_stock_status":"instock","bundle_stock_quantity":1,"bundle_virtual":false,"bundle_layout":"","bundle_add_to_cart_form_location":"","bundle_editable_in_cart":false,"bundle_sold_individually_context":"","bundle_item_grouping":"","bundle_min_size":"","bundle_max_size":"","bundle_price":[],"bundled_items":[],"bundle_sell_ids":[],"group_of_quantity":0,"min_quantity":0,"max_quantity":"","exclude_order_quantity_value_rules":"no","exclude_category_quantity_rules":"no","combine_variations":"no","exclude_global_add_ons":[],"addons":[],"jetpack_sharing_enabled":true,"jetpack_likes_enabled":true,"_links":{"self":[{"href":"https:\/\/watchdeluxe.it\/de\/wp-json\/wp\/v2\/product\/174172","targetHints":{"allow":["GET"]}}],"collection":[{"href":"https:\/\/watchdeluxe.it\/de\/wp-json\/wp\/v2\/product"}],"about":[{"href":"https:\/\/watchdeluxe.it\/de\/wp-json\/wp\/v2\/types\/product"}],"wp:featuredmedia":[{"embeddable":true,"href":"https:\/\/watchdeluxe.it\/de\/wp-json\/wp\/v2\/media\/174166"}],"wp:attachment":[{"href":"https:\/\/watchdeluxe.it\/de\/wp-json\/wp\/v2\/media?parent=174172"}],"wp:term":[{"taxonomy":"product_brand","embeddable":true,"href":"https:\/\/watchdeluxe.it\/de\/wp-json\/wp\/v2\/product_brand?post=174172"},{"taxonomy":"product_cat","embeddable":true,"href":"https:\/\/watchdeluxe.it\/de\/wp-json\/wp\/v2\/product_cat?post=174172"},{"taxonomy":"product_tag","embeddable":true,"href":"https:\/\/watchdeluxe.it\/de\/wp-json\/wp\/v2\/product_tag?post=174172"},{"taxonomy":"berocket_brand","embeddable":true,"href":"https:\/\/watchdeluxe.it\/de\/wp-json\/wp\/v2\/berocket_brand?post=174172"},{"taxonomy":"woo-feed-brand","embeddable":true,"href":"https:\/\/watchdeluxe.it\/de\/wp-json\/wp\/v2\/woo-feed-brand?post=174172"}],"curies":[{"name":"wp","href":"https:\/\/api.w.org\/{rel}","templated":true}]}}