{"id":173004,"date":"2026-04-11T10:35:26","date_gmt":"2026-04-11T08:35:26","guid":{"rendered":"https:\/\/watchdeluxe.it\/prodotto\/oris-divers-sixty-five-cotton-candy-ref-73377714058-0781918\/"},"modified":"2026-04-11T10:35:26","modified_gmt":"2026-04-11T08:35:26","slug":"oris-divers-sixty-five-cotton-candy-ref-73377714058-0781918","status":"publish","type":"product","link":"https:\/\/watchdeluxe.it\/de\/prodotto\/oris-divers-sixty-five-cotton-candy-ref-73377714058-0781918\/","title":{"rendered":"Oris Divers Sixty-Five &#8220;Cotton Candy&#8221; Ref. 73377714058-0781918"},"content":{"rendered":"<p>Oris Divers Sixty-Five &#8220;Cotton Candy&#8221; Ref. 73377714058-0781918<\/p>\n<ul>\n<li><strong>Referenz:<\/strong> 01 733 7771 4058-07 8 19 18<\/li>\n<li><strong>Kollektion:<\/strong> Divers Sixty-Five &#8220;Cotton Candy&#8221;<\/li>\n<li><strong>Uhrwerk:<\/strong> Oris 733 auf Basis SW 200-1, Automatikaufzug<\/li>\n<li><strong>Geh\u00e4use:<\/strong> Mehrteiliges Edelstahlgeh\u00e4use, Durchmesser 38,00 mm<\/li>\n<li><strong>Zifferblatt:<\/strong> Pastellrosa mit Indizes und Zeigern in Super-LumiNova\u00ae<\/li>\n<li><strong>Glas:<\/strong> Beidseitig gew\u00f6lbtes Saphirglas, innenseitig entspiegelt<\/li>\n<li><strong>Gangreserve:<\/strong> 41 Stunden<\/li>\n<li><strong>Wasserdichtigkeit:<\/strong> 10 bar (100 m)<\/li>\n<li><strong>Armband:<\/strong> Edelstahl mit Faltschlie\u00dfe<\/li>\n<li><strong>Funktionen:<\/strong> Zentraler Stunden-, Minuten- und Sekundenzeiger, Schnellschaltdatum, Schnellkorrektur und Sekundenstopp<\/li>\n<\/ul>\n","protected":false},"excerpt":{"rendered":"<p>Eine Ikone im Retro-Stil, die die Eleganz von Edelstahl mit der K\u00fchnheit eines rosa \u201eCotton Candy\u201c-Zifferblatts verbindet \u2013 perfekt f\u00fcr alle, die zeitgem\u00e4\u00dfen und markanten Luxus suchen.<\/p>\n","protected":false},"featured_media":172977,"template":"","meta":{"_crdt_document":"","advanced_seo_description":"","jetpack_seo_html_title":"","jetpack_seo_noindex":false},"product_brand":[],"product_cat":[1928],"product_tag":[1461],"berocket_brand":[],"woo-feed-brand":[],"class_list":{"0":"post-173004","1":"product","2":"type-product","3":"status-publish","4":"has-post-thumbnail","6":"product_cat-oris","7":"product_tag-divers","9":"first","10":"instock","11":"sale","12":"taxable","13":"shipping-taxable","14":"purchasable","15":"product-type-simple"},"bundled_by":[],"bundle_stock_status":"instock","bundle_stock_quantity":1,"bundle_virtual":false,"bundle_layout":"","bundle_add_to_cart_form_location":"","bundle_editable_in_cart":false,"bundle_sold_individually_context":"","bundle_item_grouping":"","bundle_min_size":"","bundle_max_size":"","bundle_price":[],"bundled_items":[],"bundle_sell_ids":[],"group_of_quantity":0,"min_quantity":0,"max_quantity":"","exclude_order_quantity_value_rules":"no","exclude_category_quantity_rules":"no","combine_variations":"no","jetpack_sharing_enabled":true,"jetpack_likes_enabled":true,"_links":{"self":[{"href":"https:\/\/watchdeluxe.it\/de\/wp-json\/wp\/v2\/product\/173004","targetHints":{"allow":["GET"]}}],"collection":[{"href":"https:\/\/watchdeluxe.it\/de\/wp-json\/wp\/v2\/product"}],"about":[{"href":"https:\/\/watchdeluxe.it\/de\/wp-json\/wp\/v2\/types\/product"}],"wp:featuredmedia":[{"embeddable":true,"href":"https:\/\/watchdeluxe.it\/de\/wp-json\/wp\/v2\/media\/172977"}],"wp:attachment":[{"href":"https:\/\/watchdeluxe.it\/de\/wp-json\/wp\/v2\/media?parent=173004"}],"wp:term":[{"taxonomy":"product_brand","embeddable":true,"href":"https:\/\/watchdeluxe.it\/de\/wp-json\/wp\/v2\/product_brand?post=173004"},{"taxonomy":"product_cat","embeddable":true,"href":"https:\/\/watchdeluxe.it\/de\/wp-json\/wp\/v2\/product_cat?post=173004"},{"taxonomy":"product_tag","embeddable":true,"href":"https:\/\/watchdeluxe.it\/de\/wp-json\/wp\/v2\/product_tag?post=173004"},{"taxonomy":"berocket_brand","embeddable":true,"href":"https:\/\/watchdeluxe.it\/de\/wp-json\/wp\/v2\/berocket_brand?post=173004"},{"taxonomy":"woo-feed-brand","embeddable":true,"href":"https:\/\/watchdeluxe.it\/de\/wp-json\/wp\/v2\/woo-feed-brand?post=173004"}],"curies":[{"name":"wp","href":"https:\/\/api.w.org\/{rel}","templated":true}]}}