{"id":172521,"date":"2026-04-10T18:28:27","date_gmt":"2026-04-10T16:28:27","guid":{"rendered":"https:\/\/watchdeluxe.it\/prodotto\/longines-hydroconquest-ref-l37884066\/"},"modified":"2026-04-10T18:28:27","modified_gmt":"2026-04-10T16:28:27","slug":"longines-hydroconquest-ref-l37884066","status":"publish","type":"product","link":"https:\/\/watchdeluxe.it\/de\/prodotto\/longines-hydroconquest-ref-l37884066\/","title":{"rendered":"Longines HydroConquest Ref. L37884066"},"content":{"rendered":"<p>Longines HydroConquest Ref. L37884066<\/p>\n<li><strong>Geh\u00e4use:<\/strong> Edelstahl mit gr\u00fcner unidirektional drehbarer Keramikl\u00fcnette<\/li>\n<li><strong>Durchmesser:<\/strong> 42,00 mm<\/li>\n<li><strong>Glas:<\/strong> Kratzfestes Saphirglas mit mehrschichtiger Entspiegelung auf beiden Seiten<\/li>\n<li><strong>Zifferblatt:<\/strong> Gr\u00fcn lackiert gl\u00e4nzend mit applizierten Indizes und gl\u00e4nzenden silberfarbenen Zeigern<\/li>\n<li><strong>Uhrwerk:<\/strong> Mechanisches Automatikwerk, Kaliber L888<\/li>\n<li><strong>Gangreserve:<\/strong> Ca. 72 Stunden<\/li>\n<li><strong>Besonderes Merkmal:<\/strong> Spirale aus monokristallinem Silizium (antimagnetisch)<\/li>\n<li><strong>Wasserdichtigkeit:<\/strong> Bis 30 bar (300 Meter)<\/li>\n<li><strong>Armband:<\/strong> Edelstahl mit doppelt gesicherter Faltschlie\u00dfe und Feinverstellungssystem<\/li>\n<li><strong>Geh\u00e4useboden und Krone:<\/strong> Verschraubter Geh\u00e4useboden und verschraubte Krone f\u00fcr maximale Wasserdichtigkeit<\/li>\n<\/ul>\n","protected":false},"excerpt":{"rendered":"<p>Die Longines HydroConquest L3.788.4.06.6 ist die perfekte Synthese aus technischer Exzellenz und k\u00fchnem Design, eine au\u00dfergew\u00f6hnliche Taucheruhr, die die Faszination der gr\u00fcnen Keramik mit der Pr\u00e4zision eines automatischen Schweizer Uhrwerks der neuesten Generation vereint.<\/p>\n","protected":false},"featured_media":172422,"template":"","meta":{"_crdt_document":"","advanced_seo_description":"","jetpack_seo_html_title":"","jetpack_seo_noindex":false},"product_brand":[],"product_cat":[1919],"product_tag":[],"berocket_brand":[],"woo-feed-brand":[],"class_list":{"0":"post-172521","1":"product","2":"type-product","3":"status-publish","4":"has-post-thumbnail","6":"product_cat-nomos-glashutte","8":"first","9":"instock","10":"sale","11":"taxable","12":"shipping-taxable","13":"purchasable","14":"product-type-simple"},"bundled_by":[],"bundle_stock_status":"instock","bundle_stock_quantity":1,"bundle_virtual":false,"bundle_layout":"","bundle_add_to_cart_form_location":"","bundle_editable_in_cart":false,"bundle_sold_individually_context":"","bundle_item_grouping":"","bundle_min_size":"","bundle_max_size":"","bundle_price":[],"bundled_items":[],"bundle_sell_ids":[],"group_of_quantity":0,"min_quantity":0,"max_quantity":"","exclude_order_quantity_value_rules":"no","exclude_category_quantity_rules":"no","combine_variations":"no","jetpack_sharing_enabled":true,"jetpack_likes_enabled":true,"_links":{"self":[{"href":"https:\/\/watchdeluxe.it\/de\/wp-json\/wp\/v2\/product\/172521","targetHints":{"allow":["GET"]}}],"collection":[{"href":"https:\/\/watchdeluxe.it\/de\/wp-json\/wp\/v2\/product"}],"about":[{"href":"https:\/\/watchdeluxe.it\/de\/wp-json\/wp\/v2\/types\/product"}],"wp:featuredmedia":[{"embeddable":true,"href":"https:\/\/watchdeluxe.it\/de\/wp-json\/wp\/v2\/media\/172422"}],"wp:attachment":[{"href":"https:\/\/watchdeluxe.it\/de\/wp-json\/wp\/v2\/media?parent=172521"}],"wp:term":[{"taxonomy":"product_brand","embeddable":true,"href":"https:\/\/watchdeluxe.it\/de\/wp-json\/wp\/v2\/product_brand?post=172521"},{"taxonomy":"product_cat","embeddable":true,"href":"https:\/\/watchdeluxe.it\/de\/wp-json\/wp\/v2\/product_cat?post=172521"},{"taxonomy":"product_tag","embeddable":true,"href":"https:\/\/watchdeluxe.it\/de\/wp-json\/wp\/v2\/product_tag?post=172521"},{"taxonomy":"berocket_brand","embeddable":true,"href":"https:\/\/watchdeluxe.it\/de\/wp-json\/wp\/v2\/berocket_brand?post=172521"},{"taxonomy":"woo-feed-brand","embeddable":true,"href":"https:\/\/watchdeluxe.it\/de\/wp-json\/wp\/v2\/woo-feed-brand?post=172521"}],"curies":[{"name":"wp","href":"https:\/\/api.w.org\/{rel}","templated":true}]}}