{"id":167635,"date":"2026-04-10T10:20:20","date_gmt":"2026-04-10T08:20:20","guid":{"rendered":"https:\/\/watchdeluxe.it\/prodotto\/tag-heuer-connected-ref-sbr8a10-ba0616\/"},"modified":"2026-04-10T10:20:20","modified_gmt":"2026-04-10T08:20:20","slug":"tag-heuer-connected-ref-sbr8a10-ba0616","status":"publish","type":"product","link":"https:\/\/watchdeluxe.it\/de\/prodotto\/tag-heuer-connected-ref-sbr8a10-ba0616\/","title":{"rendered":"Tag Heuer Connected Ref. SBR8A10.BA0616"},"content":{"rendered":"<p>Tag Heuer Connected Ref. SBR8A10.BA0616<\/p>\n<ul>\n<li><strong>Kollektion:<\/strong> Connected Calibre E4<\/li>\n<li><strong>Geh\u00e4use:<\/strong> 45 mm Edelstahl mit geb\u00fcrsteten und polierten Oberfl\u00e4chen<\/li>\n<li><strong>L\u00fcnette:<\/strong> Schwarze Keramik, fest<\/li>\n<li><strong>Glas:<\/strong> Gew\u00f6lbtes, ultraresistentes Saphirglas<\/li>\n<li><strong>Display:<\/strong> 1,39&#8243; AMOLED (454&#215;454 Pixel)<\/li>\n<li><strong>Armband:<\/strong> H-f\u00f6rmiges Edelstahlarmband mit Faltschlie\u00dfe und Sicherheitsdr\u00fcckern<\/li>\n<li><strong>Batterie:<\/strong> 440 mAh mit ganzt\u00e4giger Autonomie und Schnellladung (100% in 1h30)<\/li>\n<li><strong>Betriebssystem:<\/strong> Wear OS by Google mit exklusiven TAG Heuer Sports und Golf Apps<\/li>\n<li><strong>Sensoren:<\/strong> Herzfrequenzmesser, Kompass, Barometer, Beschleunigungssensor und GNSS<\/li>\n<li><strong>Wasserdichtigkeit:<\/strong> 50 Meter (5 ATM)<\/li>\n<\/ul>\n","protected":false},"excerpt":{"rendered":"<p>Die Exzellenz der Schweizer Haute Horlogerie trifft auf modernste digitale Innovation in dieser 45 mm Luxus-Smartwatch, entwickelt f\u00fcr alle, die h\u00f6chste Leistung und zeitlosen Stil verlangen.<\/p>\n","protected":false},"featured_media":167550,"template":"","meta":{"_crdt_document":"","advanced_seo_description":"","jetpack_seo_html_title":"","jetpack_seo_noindex":false},"product_brand":[],"product_cat":[2243],"product_tag":[3593],"berocket_brand":[],"woo-feed-brand":[],"class_list":{"0":"post-167635","1":"product","2":"type-product","3":"status-publish","4":"has-post-thumbnail","6":"product_cat-tag-heuer-fr","7":"product_tag-connecte","9":"first","10":"instock","11":"taxable","12":"shipping-taxable","13":"purchasable","14":"product-type-simple"},"bundled_by":[],"bundle_stock_status":"instock","bundle_stock_quantity":1,"bundle_virtual":false,"bundle_layout":"","bundle_add_to_cart_form_location":"","bundle_editable_in_cart":false,"bundle_sold_individually_context":"","bundle_item_grouping":"","bundle_min_size":"","bundle_max_size":"","bundle_price":[],"bundled_items":[],"bundle_sell_ids":[],"group_of_quantity":0,"min_quantity":0,"max_quantity":"","exclude_order_quantity_value_rules":"no","exclude_category_quantity_rules":"no","combine_variations":"no","jetpack_sharing_enabled":true,"jetpack_likes_enabled":true,"_links":{"self":[{"href":"https:\/\/watchdeluxe.it\/de\/wp-json\/wp\/v2\/product\/167635","targetHints":{"allow":["GET"]}}],"collection":[{"href":"https:\/\/watchdeluxe.it\/de\/wp-json\/wp\/v2\/product"}],"about":[{"href":"https:\/\/watchdeluxe.it\/de\/wp-json\/wp\/v2\/types\/product"}],"wp:featuredmedia":[{"embeddable":true,"href":"https:\/\/watchdeluxe.it\/de\/wp-json\/wp\/v2\/media\/167550"}],"wp:attachment":[{"href":"https:\/\/watchdeluxe.it\/de\/wp-json\/wp\/v2\/media?parent=167635"}],"wp:term":[{"taxonomy":"product_brand","embeddable":true,"href":"https:\/\/watchdeluxe.it\/de\/wp-json\/wp\/v2\/product_brand?post=167635"},{"taxonomy":"product_cat","embeddable":true,"href":"https:\/\/watchdeluxe.it\/de\/wp-json\/wp\/v2\/product_cat?post=167635"},{"taxonomy":"product_tag","embeddable":true,"href":"https:\/\/watchdeluxe.it\/de\/wp-json\/wp\/v2\/product_tag?post=167635"},{"taxonomy":"berocket_brand","embeddable":true,"href":"https:\/\/watchdeluxe.it\/de\/wp-json\/wp\/v2\/berocket_brand?post=167635"},{"taxonomy":"woo-feed-brand","embeddable":true,"href":"https:\/\/watchdeluxe.it\/de\/wp-json\/wp\/v2\/woo-feed-brand?post=167635"}],"curies":[{"name":"wp","href":"https:\/\/api.w.org\/{rel}","templated":true}]}}