{"id":161684,"date":"2025-04-30T16:39:29","date_gmt":"2025-04-30T14:39:29","guid":{"rendered":"https:\/\/watchdeluxe.it\/prodotto\/longines-conquest-schwarz-ref-l38304529\/"},"modified":"2026-04-09T11:06:45","modified_gmt":"2026-04-09T09:06:45","slug":"longines-conquest-schwarz-ref-l38304529","status":"publish","type":"product","link":"https:\/\/watchdeluxe.it\/de\/prodotto\/longines-conquest-schwarz-ref-l38304529\/","title":{"rendered":"Longines Conquest Schwarz Ref. L38304529"},"content":{"rendered":"<p>Longines Conquest Schwarz Ref. L38304529<\/p>\n<p>Form Rund<br \/>\nGr\u00f6\u00dfe 41 MM<br \/>\nGeh\u00e4usematerial Edelstahl<br \/>\nWasserdichtigkeit 100 M<\/p>\n<p>Bewegung<\/p>\n<p>Automatische Bewegung<\/p>\n<p>Funktionen<\/p>\n<p>Komplikation Nur Zeit<br \/>\nDatumDatum<\/p>\n<p>W\u00e4hlen Sie<\/p>\n<p>Schwarzes Zifferblatt<\/p>\n<p>Armb\u00e4nder<\/p>\n<p>Gummiband<\/p>\n","protected":false},"excerpt":{"rendered":"<p>Longines Conquest Schwarz Ref. L38304529 Form Rund Gr\u00f6\u00dfe 41 MM Geh\u00e4usematerial Edelstahl Wasserdichtigkeit 100 M Bewegung Automatische Bewegung Funktionen Komplikation Nur Zeit DatumDatum W\u00e4hlen Sie Schwarzes Zifferblatt Armb\u00e4nder Gummiband<\/p>\n","protected":false},"featured_media":166547,"template":"","meta":{"_crdt_document":"","advanced_seo_description":"","jetpack_seo_html_title":"","jetpack_seo_noindex":false},"product_brand":[],"product_cat":[2192],"product_tag":[2412],"berocket_brand":[],"woo-feed-brand":[],"class_list":{"0":"post-161684","1":"product","2":"type-product","3":"status-publish","4":"has-post-thumbnail","6":"product_cat-longines-de","7":"product_tag-eroberung","9":"first","10":"instock","11":"sale","12":"taxable","13":"shipping-taxable","14":"purchasable","15":"product-type-simple"},"bundled_by":[],"bundle_stock_status":"instock","bundle_stock_quantity":1,"bundle_virtual":false,"bundle_layout":"","bundle_add_to_cart_form_location":"","bundle_editable_in_cart":false,"bundle_sold_individually_context":"","bundle_item_grouping":"","bundle_min_size":"","bundle_max_size":"","bundle_price":[],"bundled_items":[],"bundle_sell_ids":[],"group_of_quantity":0,"min_quantity":0,"max_quantity":"","exclude_order_quantity_value_rules":"no","exclude_category_quantity_rules":"no","combine_variations":"no","jetpack_sharing_enabled":true,"jetpack_likes_enabled":true,"_links":{"self":[{"href":"https:\/\/watchdeluxe.it\/de\/wp-json\/wp\/v2\/product\/161684","targetHints":{"allow":["GET"]}}],"collection":[{"href":"https:\/\/watchdeluxe.it\/de\/wp-json\/wp\/v2\/product"}],"about":[{"href":"https:\/\/watchdeluxe.it\/de\/wp-json\/wp\/v2\/types\/product"}],"wp:featuredmedia":[{"embeddable":true,"href":"https:\/\/watchdeluxe.it\/de\/wp-json\/wp\/v2\/media\/166547"}],"wp:attachment":[{"href":"https:\/\/watchdeluxe.it\/de\/wp-json\/wp\/v2\/media?parent=161684"}],"wp:term":[{"taxonomy":"product_brand","embeddable":true,"href":"https:\/\/watchdeluxe.it\/de\/wp-json\/wp\/v2\/product_brand?post=161684"},{"taxonomy":"product_cat","embeddable":true,"href":"https:\/\/watchdeluxe.it\/de\/wp-json\/wp\/v2\/product_cat?post=161684"},{"taxonomy":"product_tag","embeddable":true,"href":"https:\/\/watchdeluxe.it\/de\/wp-json\/wp\/v2\/product_tag?post=161684"},{"taxonomy":"berocket_brand","embeddable":true,"href":"https:\/\/watchdeluxe.it\/de\/wp-json\/wp\/v2\/berocket_brand?post=161684"},{"taxonomy":"woo-feed-brand","embeddable":true,"href":"https:\/\/watchdeluxe.it\/de\/wp-json\/wp\/v2\/woo-feed-brand?post=161684"}],"curies":[{"name":"wp","href":"https:\/\/api.w.org\/{rel}","templated":true}]}}