{"id":161487,"date":"2025-04-30T11:23:50","date_gmt":"2025-04-30T09:23:50","guid":{"rendered":"https:\/\/watchdeluxe.it\/prodotto\/iwc-fliegeruhr-mark-xx-mercedes-amg-petronas-formula-one-team-ref-iw328210\/"},"modified":"2026-04-11T11:54:58","modified_gmt":"2026-04-11T09:54:58","slug":"iwc-fliegeruhr-mark-xx-mercedes-amg-petronas-formula-one-team-ref-iw328210","status":"publish","type":"product","link":"https:\/\/watchdeluxe.it\/de\/prodotto\/iwc-fliegeruhr-mark-xx-mercedes-amg-petronas-formula-one-team-ref-iw328210\/","title":{"rendered":"Iwc Fliegeruhr Mark XX Mercedes-AMG PETRONAS Formula One Team ref. IW328210"},"content":{"rendered":"<p>Iwc Fliegeruhr Mark XX Mercedes-AMG PETRONAS Formula One Team ref. IW328210<\/p>\n<p>FormRund<br \/>\nGr\u00f6\u00dfe40 mm<br \/>\nGeh\u00e4usematerialTitan<br \/>\nGlastypSaphir<br \/>\nWasserdichtigkeit100 m<\/p>\n<p>Bewegung<\/p>\n<p>WerkAutomatik<br \/>\nKaliber32111<\/p>\n<p>Funktionen<\/p>\n<p>KomplikationNur Zeit<br \/>\nDatumsanzeigeDatum<\/p>\n<p>W\u00e4hlen Sie<\/p>\n<p>ZifferblattSchwarz<\/p>\n<p>Armb\u00e4nder<\/p>\n<p>ArmbandKautschuk<\/p>\n","protected":false},"excerpt":{"rendered":"<p>Iwc Fliegeruhr Mark XX Mercedes-AMG PETRONAS Formula One Team ref. IW328210 FormRund Gr\u00f6\u00dfe40 mm Geh\u00e4usematerialTitan GlastypSaphir Wasserdichtigkeit100 m Bewegung WerkAutomatik Kaliber32111 Funktionen KomplikationNur Zeit DatumsanzeigeDatum W\u00e4hlen Sie ZifferblattSchwarz Armb\u00e4nder ArmbandKautschuk<\/p>\n","protected":false},"featured_media":161451,"template":"","meta":{"_crdt_document":"","advanced_seo_description":"","jetpack_seo_html_title":"","jetpack_seo_noindex":false},"product_brand":[],"product_cat":[2234],"product_tag":[3958],"berocket_brand":[],"woo-feed-brand":[],"class_list":{"0":"post-161487","1":"product","2":"type-product","3":"status-publish","4":"has-post-thumbnail","6":"product_cat-iwc-de","7":"product_tag-pilots-de","9":"first","10":"instock","11":"sale","12":"taxable","13":"shipping-taxable","14":"purchasable","15":"product-type-simple"},"bundled_by":[],"bundle_stock_status":"instock","bundle_stock_quantity":1,"bundle_virtual":false,"bundle_layout":"","bundle_add_to_cart_form_location":"","bundle_editable_in_cart":false,"bundle_sold_individually_context":"","bundle_item_grouping":"","bundle_min_size":"","bundle_max_size":"","bundle_price":[],"bundled_items":[],"bundle_sell_ids":[],"group_of_quantity":0,"min_quantity":0,"max_quantity":"","exclude_order_quantity_value_rules":"no","exclude_category_quantity_rules":"no","combine_variations":"no","jetpack_sharing_enabled":true,"jetpack_likes_enabled":true,"_links":{"self":[{"href":"https:\/\/watchdeluxe.it\/de\/wp-json\/wp\/v2\/product\/161487","targetHints":{"allow":["GET"]}}],"collection":[{"href":"https:\/\/watchdeluxe.it\/de\/wp-json\/wp\/v2\/product"}],"about":[{"href":"https:\/\/watchdeluxe.it\/de\/wp-json\/wp\/v2\/types\/product"}],"wp:featuredmedia":[{"embeddable":true,"href":"https:\/\/watchdeluxe.it\/de\/wp-json\/wp\/v2\/media\/161451"}],"wp:attachment":[{"href":"https:\/\/watchdeluxe.it\/de\/wp-json\/wp\/v2\/media?parent=161487"}],"wp:term":[{"taxonomy":"product_brand","embeddable":true,"href":"https:\/\/watchdeluxe.it\/de\/wp-json\/wp\/v2\/product_brand?post=161487"},{"taxonomy":"product_cat","embeddable":true,"href":"https:\/\/watchdeluxe.it\/de\/wp-json\/wp\/v2\/product_cat?post=161487"},{"taxonomy":"product_tag","embeddable":true,"href":"https:\/\/watchdeluxe.it\/de\/wp-json\/wp\/v2\/product_tag?post=161487"},{"taxonomy":"berocket_brand","embeddable":true,"href":"https:\/\/watchdeluxe.it\/de\/wp-json\/wp\/v2\/berocket_brand?post=161487"},{"taxonomy":"woo-feed-brand","embeddable":true,"href":"https:\/\/watchdeluxe.it\/de\/wp-json\/wp\/v2\/woo-feed-brand?post=161487"}],"curies":[{"name":"wp","href":"https:\/\/api.w.org\/{rel}","templated":true}]}}