{"id":160820,"date":"2026-04-07T15:07:16","date_gmt":"2026-04-07T13:07:16","guid":{"rendered":"https:\/\/watchdeluxe.it\/prodotto\/tag-heuer-carrera-chronograph-ref-cbs2115-ba0053\/"},"modified":"2026-04-10T17:23:08","modified_gmt":"2026-04-10T15:23:08","slug":"tag-heuer-carrera-chronograph-ref-cbs2115-ba0053","status":"publish","type":"product","link":"https:\/\/watchdeluxe.it\/de\/prodotto\/tag-heuer-carrera-chronograph-ref-cbs2115-ba0053\/","title":{"rendered":"Tag Heuer Carrera Chronograph Ref. CBS2115.BA0053"},"content":{"rendered":"<p>Tag Heuer Carrera Chronograph ref. CBS2115.BA0053<br \/>\n TAG Heuer Carrera Chronograph 41 mm (CBS2115.BA0053) \u2013 elegant und doch markant, vereint er raffiniertes Design mit h\u00f6chster Leistung. Das gr\u00fcne Zifferblatt mit kreisf\u00f6rmigem B\u00fcrstenfinish strahlt zeitgem\u00e4\u00dfen Stil aus, w\u00e4hrend das Manufaktur-Automatikwerk Calibre TH20-01 dank einer Gangreserve von 80 Stunden Pr\u00e4zision und Langlebigkeit garantiert.<\/p>\n","protected":false},"excerpt":{"rendered":"<p>Tag Heuer Carrera Chronograph ref. CBS2115.BA0053 TAG Heuer Carrera Chronograph 41 mm (CBS2115.BA0053) \u2013 elegant und doch markant, vereint er raffiniertes Design mit h\u00f6chster Leistung. Das gr\u00fcne Zifferblatt mit kreisf\u00f6rmigem B\u00fcrstenfinish strahlt zeitgem\u00e4\u00dfen Stil aus, w\u00e4hrend das Manufaktur-Automatikwerk Calibre TH20-01 dank einer Gangreserve von 80 Stunden Pr\u00e4zision und Langlebigkeit garantiert.<\/p>\n","protected":false},"featured_media":160784,"template":"","meta":{"_crdt_document":"","advanced_seo_description":"","jetpack_seo_html_title":"","jetpack_seo_noindex":false},"product_brand":[],"product_cat":[1920],"product_tag":[3738],"berocket_brand":[],"woo-feed-brand":[],"class_list":{"0":"post-160820","1":"product","2":"type-product","3":"status-publish","4":"has-post-thumbnail","6":"product_cat-tag-heuer","7":"product_tag-carrera-2","9":"first","10":"instock","11":"sale","12":"taxable","13":"shipping-taxable","14":"purchasable","15":"product-type-simple"},"bundled_by":[],"bundle_stock_status":"instock","bundle_stock_quantity":1,"bundle_virtual":false,"bundle_layout":"","bundle_add_to_cart_form_location":"","bundle_editable_in_cart":false,"bundle_sold_individually_context":"","bundle_item_grouping":"","bundle_min_size":"","bundle_max_size":"","bundle_price":[],"bundled_items":[],"bundle_sell_ids":[],"group_of_quantity":0,"min_quantity":0,"max_quantity":"","exclude_order_quantity_value_rules":"no","exclude_category_quantity_rules":"no","combine_variations":"no","jetpack_sharing_enabled":true,"jetpack_likes_enabled":true,"_links":{"self":[{"href":"https:\/\/watchdeluxe.it\/de\/wp-json\/wp\/v2\/product\/160820","targetHints":{"allow":["GET"]}}],"collection":[{"href":"https:\/\/watchdeluxe.it\/de\/wp-json\/wp\/v2\/product"}],"about":[{"href":"https:\/\/watchdeluxe.it\/de\/wp-json\/wp\/v2\/types\/product"}],"wp:featuredmedia":[{"embeddable":true,"href":"https:\/\/watchdeluxe.it\/de\/wp-json\/wp\/v2\/media\/160784"}],"wp:attachment":[{"href":"https:\/\/watchdeluxe.it\/de\/wp-json\/wp\/v2\/media?parent=160820"}],"wp:term":[{"taxonomy":"product_brand","embeddable":true,"href":"https:\/\/watchdeluxe.it\/de\/wp-json\/wp\/v2\/product_brand?post=160820"},{"taxonomy":"product_cat","embeddable":true,"href":"https:\/\/watchdeluxe.it\/de\/wp-json\/wp\/v2\/product_cat?post=160820"},{"taxonomy":"product_tag","embeddable":true,"href":"https:\/\/watchdeluxe.it\/de\/wp-json\/wp\/v2\/product_tag?post=160820"},{"taxonomy":"berocket_brand","embeddable":true,"href":"https:\/\/watchdeluxe.it\/de\/wp-json\/wp\/v2\/berocket_brand?post=160820"},{"taxonomy":"woo-feed-brand","embeddable":true,"href":"https:\/\/watchdeluxe.it\/de\/wp-json\/wp\/v2\/woo-feed-brand?post=160820"}],"curies":[{"name":"wp","href":"https:\/\/api.w.org\/{rel}","templated":true}]}}