{"id":160758,"date":"2026-04-07T16:25:42","date_gmt":"2026-04-07T14:25:42","guid":{"rendered":"https:\/\/watchdeluxe.it\/prodotto\/hublot-classic-fusion-titan-salbeigruen-ref-542-nx-891g-nr\/"},"modified":"2026-04-07T16:25:42","modified_gmt":"2026-04-07T14:25:42","slug":"hublot-classic-fusion-titan-salbeigruen-ref-542-nx-891g-nr","status":"publish","type":"product","link":"https:\/\/watchdeluxe.it\/de\/prodotto\/hublot-classic-fusion-titan-salbeigruen-ref-542-nx-891g-nr\/","title":{"rendered":"Hublot Classic Fusion Titan Salbeigr\u00fcn Ref. 542.NX.891G.NR"},"content":{"rendered":"<p>Hublot Classic Fusion Titan Salbeigr\u00fcn Ref. 542.NX.891G.NR<br \/>\n Form Rund<br \/>\n Gr\u00f6\u00dfe 42 MM<br \/>\n Geh\u00e4usematerial Titan<br \/>\n Wasserdichtigkeit 50 M<\/p>\n<p>Bewegung<\/p>\n<pre><code>Movimento Automatico\n<\/code><\/pre>\n<p>Funktionen<\/p>\n<pre><code>Complicazione Solo Tempo\nDatario Data\n<\/code><\/pre>\n<p>W\u00e4hlen Sie<\/p>\n<pre><code>Quadrante Verde Salvia\n<\/code><\/pre>\n<p>Armb\u00e4nder<\/p>\n<pre><code>Cinturino Caucci\u00f9\n<\/code><\/pre>\n<p>Mehr Details<\/p>\n<pre><code>Linea Classic Fusion\nModello3-Hands\n<\/code><\/pre>\n","protected":false},"excerpt":{"rendered":"<p>Hublot Classic Fusion Titan Salbeigr\u00fcn Ref. 542.NX.891G.NR Form Rund Gr\u00f6\u00dfe 42 MM Geh\u00e4usematerial Titan Wasserdichtigkeit 50 M Bewegung Movimento Automatico Funktionen Complicazione Solo Tempo Datario Data W\u00e4hlen Sie Quadrante Verde Salvia Armb\u00e4nder Cinturino Caucci\u00f9 Mehr Details Linea Classic Fusion Modello3-Hands<\/p>\n","protected":false},"featured_media":160718,"template":"","meta":{"_crdt_document":"","advanced_seo_description":"","jetpack_seo_html_title":"","jetpack_seo_noindex":false,"jetpack_post_was_ever_published":false},"product_brand":[],"product_cat":[1917],"product_tag":[3889],"berocket_brand":[],"woo-feed-brand":[],"class_list":{"0":"post-160758","1":"product","2":"type-product","3":"status-publish","4":"has-post-thumbnail","6":"product_cat-hublot","7":"product_tag-classic-fusion-2","9":"first","10":"instock","11":"sale","12":"taxable","13":"shipping-taxable","14":"purchasable","15":"product-type-simple"},"bundled_by":[],"bundle_stock_status":"instock","bundle_stock_quantity":1,"bundle_virtual":false,"bundle_layout":"","bundle_add_to_cart_form_location":"","bundle_editable_in_cart":false,"bundle_sold_individually_context":"","bundle_item_grouping":"","bundle_min_size":"","bundle_max_size":"","bundle_price":[],"bundled_items":[],"bundle_sell_ids":[],"group_of_quantity":0,"min_quantity":0,"max_quantity":"","exclude_order_quantity_value_rules":"no","exclude_category_quantity_rules":"no","combine_variations":"no","exclude_global_add_ons":[],"addons":[],"jetpack_sharing_enabled":true,"jetpack_likes_enabled":true,"_links":{"self":[{"href":"https:\/\/watchdeluxe.it\/de\/wp-json\/wp\/v2\/product\/160758","targetHints":{"allow":["GET"]}}],"collection":[{"href":"https:\/\/watchdeluxe.it\/de\/wp-json\/wp\/v2\/product"}],"about":[{"href":"https:\/\/watchdeluxe.it\/de\/wp-json\/wp\/v2\/types\/product"}],"wp:featuredmedia":[{"embeddable":true,"href":"https:\/\/watchdeluxe.it\/de\/wp-json\/wp\/v2\/media\/160718"}],"wp:attachment":[{"href":"https:\/\/watchdeluxe.it\/de\/wp-json\/wp\/v2\/media?parent=160758"}],"wp:term":[{"taxonomy":"product_brand","embeddable":true,"href":"https:\/\/watchdeluxe.it\/de\/wp-json\/wp\/v2\/product_brand?post=160758"},{"taxonomy":"product_cat","embeddable":true,"href":"https:\/\/watchdeluxe.it\/de\/wp-json\/wp\/v2\/product_cat?post=160758"},{"taxonomy":"product_tag","embeddable":true,"href":"https:\/\/watchdeluxe.it\/de\/wp-json\/wp\/v2\/product_tag?post=160758"},{"taxonomy":"berocket_brand","embeddable":true,"href":"https:\/\/watchdeluxe.it\/de\/wp-json\/wp\/v2\/berocket_brand?post=160758"},{"taxonomy":"woo-feed-brand","embeddable":true,"href":"https:\/\/watchdeluxe.it\/de\/wp-json\/wp\/v2\/woo-feed-brand?post=160758"}],"curies":[{"name":"wp","href":"https:\/\/api.w.org\/{rel}","templated":true}]}}