{"id":160726,"date":"2026-04-07T16:30:22","date_gmt":"2026-04-07T14:30:22","guid":{"rendered":"https:\/\/watchdeluxe.it\/prodotto\/omega-planet-ocean-600m-395-mm-ref-215-18-40-20-01-001\/"},"modified":"2026-04-07T16:30:22","modified_gmt":"2026-04-07T14:30:22","slug":"omega-planet-ocean-600m-395-mm-ref-215-18-40-20-01-001","status":"publish","type":"product","link":"https:\/\/watchdeluxe.it\/de\/prodotto\/omega-planet-ocean-600m-395-mm-ref-215-18-40-20-01-001\/","title":{"rendered":"Omega Planet Ocean 600M 39,5 MM Ref. 215.18.40.20.01.001"},"content":{"rendered":"<p>Omega Planet Ocean 600M 39,5 MM Ref. 215.18.40.20.01.001<br \/>\nUhrwerk: Automatikaufzug<br \/>\nZifferblatt: Schwarz<br \/>\nGeh\u00e4use: Edelstahl<br \/>\nGr\u00f6\u00dfe: 39,5 mm<br \/>\nArmband: Leder mit Kautschukfutter<br \/>\nWasserdichtigkeit: 60 bar<br \/>\nGlas: Gew\u00f6lbtes, kratzfestes Saphirglas mit beidseitiger Entspiegelung<br \/>\nGeschlecht: Unisex<\/p>\n","protected":false},"excerpt":{"rendered":"<p>Omega Planet Ocean 600M 39,5 MM Ref. 215.18.40.20.01.001 Uhrwerk: Automatikaufzug Zifferblatt: Schwarz Geh\u00e4use: Edelstahl Gr\u00f6\u00dfe: 39,5 mm Armband: Leder mit Kautschukfutter Wasserdichtigkeit: 60 bar Glas: Gew\u00f6lbtes, kratzfestes Saphirglas mit beidseitiger Entspiegelung Geschlecht: Unisex<\/p>\n","protected":false},"featured_media":160720,"template":"","meta":{"_crdt_document":"","advanced_seo_description":"","jetpack_seo_html_title":"","jetpack_seo_noindex":false},"product_brand":[],"product_cat":[2302],"product_tag":[],"berocket_brand":[],"woo-feed-brand":[],"class_list":{"0":"post-160726","1":"product","2":"type-product","3":"status-publish","4":"has-post-thumbnail","6":"product_cat-omega-en","8":"first","9":"instock","10":"sale","11":"taxable","12":"shipping-taxable","13":"purchasable","14":"product-type-simple"},"bundled_by":[],"bundle_stock_status":"instock","bundle_stock_quantity":1,"bundle_virtual":false,"bundle_layout":"","bundle_add_to_cart_form_location":"","bundle_editable_in_cart":false,"bundle_sold_individually_context":"","bundle_item_grouping":"","bundle_min_size":"","bundle_max_size":"","bundle_price":[],"bundled_items":[],"bundle_sell_ids":[],"group_of_quantity":0,"min_quantity":0,"max_quantity":"","exclude_order_quantity_value_rules":"no","exclude_category_quantity_rules":"no","combine_variations":"no","jetpack_sharing_enabled":true,"jetpack_likes_enabled":true,"_links":{"self":[{"href":"https:\/\/watchdeluxe.it\/de\/wp-json\/wp\/v2\/product\/160726","targetHints":{"allow":["GET"]}}],"collection":[{"href":"https:\/\/watchdeluxe.it\/de\/wp-json\/wp\/v2\/product"}],"about":[{"href":"https:\/\/watchdeluxe.it\/de\/wp-json\/wp\/v2\/types\/product"}],"wp:featuredmedia":[{"embeddable":true,"href":"https:\/\/watchdeluxe.it\/de\/wp-json\/wp\/v2\/media\/160720"}],"wp:attachment":[{"href":"https:\/\/watchdeluxe.it\/de\/wp-json\/wp\/v2\/media?parent=160726"}],"wp:term":[{"taxonomy":"product_brand","embeddable":true,"href":"https:\/\/watchdeluxe.it\/de\/wp-json\/wp\/v2\/product_brand?post=160726"},{"taxonomy":"product_cat","embeddable":true,"href":"https:\/\/watchdeluxe.it\/de\/wp-json\/wp\/v2\/product_cat?post=160726"},{"taxonomy":"product_tag","embeddable":true,"href":"https:\/\/watchdeluxe.it\/de\/wp-json\/wp\/v2\/product_tag?post=160726"},{"taxonomy":"berocket_brand","embeddable":true,"href":"https:\/\/watchdeluxe.it\/de\/wp-json\/wp\/v2\/berocket_brand?post=160726"},{"taxonomy":"woo-feed-brand","embeddable":true,"href":"https:\/\/watchdeluxe.it\/de\/wp-json\/wp\/v2\/woo-feed-brand?post=160726"}],"curies":[{"name":"wp","href":"https:\/\/api.w.org\/{rel}","templated":true}]}}