{"id":160637,"date":"2026-04-07T15:47:32","date_gmt":"2026-04-07T13:47:32","guid":{"rendered":"https:\/\/watchdeluxe.it\/prodotto\/hamilton-american-classic-intra-matic-chronograph-h-ref-h38429861\/"},"modified":"2026-04-07T15:47:32","modified_gmt":"2026-04-07T13:47:32","slug":"hamilton-american-classic-intra-matic-chronograph-h-ref-h38429861","status":"publish","type":"product","link":"https:\/\/watchdeluxe.it\/de\/prodotto\/hamilton-american-classic-intra-matic-chronograph-h-ref-h38429861\/","title":{"rendered":"Hamilton American Classic Intra-Matic Chronograph H Ref. H38429861"},"content":{"rendered":"<p>Hamilton American Classic Intra-Matic Chronograph H Ref. H38429861<br \/>\nKaliber: H-51<br \/>\nKollektion: American Classic<br \/>\nUhrwerk: mechanisch<br \/>\nFunktionen: Chronograph und Tachymeter<\/p>\n<p>Geh\u00e4usegr\u00f6\u00dfe: 40 mm<br \/>\nDicke: 14,35 mm<br \/>\nGeh\u00e4usematerial: Edelstahl<br \/>\nZifferblattfarbe: gr\u00fcn<br \/>\nGlas: Saphir<br \/>\nWasserdichtigkeit: 10 bar (100 m)<br \/>\nGangreserve: 60 Stunden<br \/>\nAnti Reflection: ja<br \/>\nNivachron: ja<br \/>\nSuper-LumiNova: ja<br \/>\nZustand: aktuelle Kollektion<\/p>\n<p>Anstossbreite: 20 mm<br \/>\nArmband \u2013 Zubeh\u00f6r-Referenz: H6000002171<br \/>\nArmbandtyp: Kalbsleder<br \/>\nSchlie\u00dfentyp: Dornschlie\u00dfe<br \/>\nSchlie\u00dfenbreite: 18 mm<\/p>\n<p>Zus\u00e4tzliches Edelstahlarmband<br \/>\nSpezialbox<\/p>\n","protected":false},"excerpt":{"rendered":"<p>Hamilton American Classic Intra-Matic Chronograph H Ref. H38429861 Kaliber: H-51 Kollektion: American Classic Uhrwerk: mechanisch Funktionen: Chronograph und Tachymeter Geh\u00e4usegr\u00f6\u00dfe: 40 mm Dicke: 14,35 mm Geh\u00e4usematerial: Edelstahl Zifferblattfarbe: gr\u00fcn Glas: Saphir Wasserdichtigkeit: 10 bar (100 m) Gangreserve: 60 Stunden Anti Reflection: ja Nivachron: ja Super-LumiNova: ja Zustand: aktuelle Kollektion Anstossbreite: 20 mm Armband \u2013 Zubeh\u00f6r-Referenz: [&hellip;]<\/p>\n","protected":false},"featured_media":159785,"template":"","meta":{"_crdt_document":"","advanced_seo_description":"","jetpack_seo_html_title":"","jetpack_seo_noindex":false},"product_brand":[],"product_cat":[1915],"product_tag":[1431],"berocket_brand":[],"woo-feed-brand":[],"class_list":{"0":"post-160637","1":"product","2":"type-product","3":"status-publish","4":"has-post-thumbnail","6":"product_cat-hamilton","7":"product_tag-american-classic","9":"first","10":"instock","11":"sale","12":"taxable","13":"shipping-taxable","14":"purchasable","15":"product-type-simple"},"bundled_by":[],"bundle_stock_status":"instock","bundle_stock_quantity":1,"bundle_virtual":false,"bundle_layout":"","bundle_add_to_cart_form_location":"","bundle_editable_in_cart":false,"bundle_sold_individually_context":"","bundle_item_grouping":"","bundle_min_size":"","bundle_max_size":"","bundle_price":[],"bundled_items":[],"bundle_sell_ids":[],"group_of_quantity":0,"min_quantity":0,"max_quantity":"","exclude_order_quantity_value_rules":"no","exclude_category_quantity_rules":"no","combine_variations":"no","jetpack_sharing_enabled":true,"jetpack_likes_enabled":true,"_links":{"self":[{"href":"https:\/\/watchdeluxe.it\/de\/wp-json\/wp\/v2\/product\/160637","targetHints":{"allow":["GET"]}}],"collection":[{"href":"https:\/\/watchdeluxe.it\/de\/wp-json\/wp\/v2\/product"}],"about":[{"href":"https:\/\/watchdeluxe.it\/de\/wp-json\/wp\/v2\/types\/product"}],"wp:featuredmedia":[{"embeddable":true,"href":"https:\/\/watchdeluxe.it\/de\/wp-json\/wp\/v2\/media\/159785"}],"wp:attachment":[{"href":"https:\/\/watchdeluxe.it\/de\/wp-json\/wp\/v2\/media?parent=160637"}],"wp:term":[{"taxonomy":"product_brand","embeddable":true,"href":"https:\/\/watchdeluxe.it\/de\/wp-json\/wp\/v2\/product_brand?post=160637"},{"taxonomy":"product_cat","embeddable":true,"href":"https:\/\/watchdeluxe.it\/de\/wp-json\/wp\/v2\/product_cat?post=160637"},{"taxonomy":"product_tag","embeddable":true,"href":"https:\/\/watchdeluxe.it\/de\/wp-json\/wp\/v2\/product_tag?post=160637"},{"taxonomy":"berocket_brand","embeddable":true,"href":"https:\/\/watchdeluxe.it\/de\/wp-json\/wp\/v2\/berocket_brand?post=160637"},{"taxonomy":"woo-feed-brand","embeddable":true,"href":"https:\/\/watchdeluxe.it\/de\/wp-json\/wp\/v2\/woo-feed-brand?post=160637"}],"curies":[{"name":"wp","href":"https:\/\/api.w.org\/{rel}","templated":true}]}}