{"id":145618,"date":"2026-04-04T11:41:58","date_gmt":"2026-04-04T09:41:58","guid":{"rendered":"https:\/\/watchdeluxe.it\/prodotto\/montblanc-meisterstueck-fueller-aus-harz-ref-12746\/"},"modified":"2026-04-07T15:31:34","modified_gmt":"2026-04-07T13:31:34","slug":"montblanc-meisterstueck-fueller-aus-harz-ref-12746","status":"publish","type":"product","link":"https:\/\/watchdeluxe.it\/de\/prodotto\/montblanc-meisterstueck-fueller-aus-harz-ref-12746\/","title":{"rendered":"Montblanc Meisterst\u00fcck F\u00fcller aus Harz Ref. 12746"},"content":{"rendered":"<p>Montblanc Meisterst\u00fcck F\u00fcller aus Harz Ref. 12746<\/p>\n<ul>\n<li><strong>Marke:<\/strong> Montblanc<\/li>\n<li><strong>Modell:<\/strong> Meisterst\u00fcck<\/li>\n<li><strong>Referenz:<\/strong> 12746<\/li>\n<li><strong>Geh\u00e4usedurchmesser:<\/strong> 14 mm<\/li>\n<li><strong>Uhrwerk:<\/strong> Mechanisch mit Automatikaufzug<\/li>\n<li><strong>Materialien:<\/strong> Harz und Edelmetall<\/li>\n<li><strong><\/li>\n<li><strong>Zustand:<\/strong> Neu<\/li>\n<\/ul>\n","protected":false},"excerpt":{"rendered":"<p>Entdecken Sie die zeitlose Eleganz des Montblanc Meisterst\u00fcck 12746, ein Symbol f\u00fcr Luxus und Raffinesse.<\/p>\n","protected":false},"featured_media":145626,"template":"","meta":{"_crdt_document":"","advanced_seo_description":"","jetpack_seo_html_title":"","jetpack_seo_noindex":false},"product_brand":[],"product_cat":[1929],"product_tag":[1452],"berocket_brand":[],"woo-feed-brand":[],"class_list":{"0":"post-145618","1":"product","2":"type-product","3":"status-publish","4":"has-post-thumbnail","6":"product_cat-montblanc","7":"product_tag-penne","9":"first","10":"instock","11":"sale","12":"taxable","13":"shipping-taxable","14":"purchasable","15":"product-type-simple"},"bundled_by":[],"bundle_stock_status":"instock","bundle_stock_quantity":1,"bundle_virtual":false,"bundle_layout":"","bundle_add_to_cart_form_location":"","bundle_editable_in_cart":false,"bundle_sold_individually_context":"","bundle_item_grouping":"","bundle_min_size":"","bundle_max_size":"","bundle_price":[],"bundled_items":[],"bundle_sell_ids":[],"group_of_quantity":0,"min_quantity":0,"max_quantity":"","exclude_order_quantity_value_rules":"no","exclude_category_quantity_rules":"no","combine_variations":"no","jetpack_sharing_enabled":true,"jetpack_likes_enabled":true,"_links":{"self":[{"href":"https:\/\/watchdeluxe.it\/de\/wp-json\/wp\/v2\/product\/145618","targetHints":{"allow":["GET"]}}],"collection":[{"href":"https:\/\/watchdeluxe.it\/de\/wp-json\/wp\/v2\/product"}],"about":[{"href":"https:\/\/watchdeluxe.it\/de\/wp-json\/wp\/v2\/types\/product"}],"wp:featuredmedia":[{"embeddable":true,"href":"https:\/\/watchdeluxe.it\/de\/wp-json\/wp\/v2\/media\/145626"}],"wp:attachment":[{"href":"https:\/\/watchdeluxe.it\/de\/wp-json\/wp\/v2\/media?parent=145618"}],"wp:term":[{"taxonomy":"product_brand","embeddable":true,"href":"https:\/\/watchdeluxe.it\/de\/wp-json\/wp\/v2\/product_brand?post=145618"},{"taxonomy":"product_cat","embeddable":true,"href":"https:\/\/watchdeluxe.it\/de\/wp-json\/wp\/v2\/product_cat?post=145618"},{"taxonomy":"product_tag","embeddable":true,"href":"https:\/\/watchdeluxe.it\/de\/wp-json\/wp\/v2\/product_tag?post=145618"},{"taxonomy":"berocket_brand","embeddable":true,"href":"https:\/\/watchdeluxe.it\/de\/wp-json\/wp\/v2\/berocket_brand?post=145618"},{"taxonomy":"woo-feed-brand","embeddable":true,"href":"https:\/\/watchdeluxe.it\/de\/wp-json\/wp\/v2\/woo-feed-brand?post=145618"}],"curies":[{"name":"wp","href":"https:\/\/api.w.org\/{rel}","templated":true}]}}