{"id":133815,"date":"2026-02-03T15:16:55","date_gmt":"2026-02-03T14:16:55","guid":{"rendered":"https:\/\/watchdeluxe.it\/prodotto\/nomos-club-sport-neomatik-weltzeit-reverie-ref-790-s11\/"},"modified":"2026-04-07T12:17:04","modified_gmt":"2026-04-07T10:17:04","slug":"nomos-club-sport-neomatik-weltzeit-reverie-ref-790-s11","status":"publish","type":"product","link":"https:\/\/watchdeluxe.it\/de\/prodotto\/nomos-club-sport-neomatik-weltzeit-reverie-ref-790-s11\/","title":{"rendered":"Nomos Club Sport neomatik Weltzeit Reverie Ref. 790.S11"},"content":{"rendered":"<p>Nomos Club Sport neomatik Weltzeit Reverie Ref. 790.S11<\/p>\n<div class=\"product-specs__listing\">\n<dl class=\"specs-list\">\n<dt>Fall<\/dt>\n<dd>Edelstahl, verschraubt, verschraubte Krone<br \/>\nSaphirglasboden<\/dd>\n<dt>Glas<\/dt>\n<dd>gew\u00f6lbtes Saphirglas mit Antireflexionsbeschichtung innen und au\u00dfen<\/dd>\n<dt>Laden Sie<\/dt>\n<dd>automatisch<\/dd>\n<dt>Abmessungen<\/dt>\n<dd>Durchmesser <span class=\"size-property\"> 40,0 mm <\/span><br \/>\nH\u00f6he <span class=\"size-property\"> 9,9 mm <\/span><br \/>\nHorn-zu-Horn-Abstand <span class=\"size-property\"> 48,0 mm <\/span> <\/dd>\n<dt>Wasserbest\u00e4ndigkeit<\/dt>\n<dd>10 atm (beim Schwimmen tragbar)<\/dd>\n<\/dl>\n<dl class=\"specs-list\">\n<dt>W\u00e4hlen Sie<\/dt>\n<dd>galvanisiert, Champagnergold, mit Sonnenschliff, Stundenmarkierungen und Indizes mit Superluminova in Wei\u00df<\/dd>\n<dt>H\u00e4nde<\/dt>\n<dd>rhodiniert, Stunden- und Minutenzeiger mit wei\u00dfen Superluminova-Eins\u00e4tzen<\/dd>\n<dt>Gurt<\/dt>\n<dd>Horween Genuine Shell Cordovan braun, rembordiert<br \/>\n<span class=\"size-property\"> Bandansto\u00dfbreite 20 mm <\/span> <\/dd>\n<dt>Schnalle<\/dt>\n<dd>Dornschlie\u00dfe, rund, aus Edelstahl<\/dd>\n<dt>LIMITIERTE AUFLAGE MIT GRAVUR<\/dt>\n<dd>Limited Edition \u2013 Reverie 1\/175<\/dd>\n<\/dl>\n<\/div>\n","protected":false},"excerpt":{"rendered":"<p>Nomos Club Sport neomatik Weltzeit Reverie Ref. 790.S11 Fall Edelstahl, verschraubt, verschraubte Krone Saphirglasboden Glas gew\u00f6lbtes Saphirglas mit Antireflexionsbeschichtung innen und au\u00dfen Laden Sie automatisch Abmessungen Durchmesser 40,0 mm H\u00f6he 9,9 mm Horn-zu-Horn-Abstand 48,0 mm Wasserbest\u00e4ndigkeit 10 atm (beim Schwimmen tragbar) W\u00e4hlen Sie galvanisiert, Champagnergold, mit Sonnenschliff, Stundenmarkierungen und Indizes mit Superluminova in Wei\u00df H\u00e4nde [&hellip;]<\/p>\n","protected":false},"featured_media":135961,"template":"","meta":{"_crdt_document":"","advanced_seo_description":"","jetpack_seo_html_title":"","jetpack_seo_noindex":false},"product_brand":[],"product_cat":[1919],"product_tag":[1478],"berocket_brand":[],"woo-feed-brand":[],"class_list":{"0":"post-133815","1":"product","2":"type-product","3":"status-publish","4":"has-post-thumbnail","6":"product_cat-nomos-glashutte","7":"product_tag-club","9":"first","10":"instock","11":"sale","12":"taxable","13":"shipping-taxable","14":"purchasable","15":"product-type-simple"},"bundled_by":[],"bundle_stock_status":"instock","bundle_stock_quantity":1,"bundle_virtual":false,"bundle_layout":"","bundle_add_to_cart_form_location":"","bundle_editable_in_cart":false,"bundle_sold_individually_context":"","bundle_item_grouping":"","bundle_min_size":"","bundle_max_size":"","bundle_price":[],"bundled_items":[],"bundle_sell_ids":[],"group_of_quantity":0,"min_quantity":0,"max_quantity":"","exclude_order_quantity_value_rules":"no","exclude_category_quantity_rules":"no","combine_variations":"no","jetpack_sharing_enabled":true,"jetpack_likes_enabled":true,"_links":{"self":[{"href":"https:\/\/watchdeluxe.it\/de\/wp-json\/wp\/v2\/product\/133815","targetHints":{"allow":["GET"]}}],"collection":[{"href":"https:\/\/watchdeluxe.it\/de\/wp-json\/wp\/v2\/product"}],"about":[{"href":"https:\/\/watchdeluxe.it\/de\/wp-json\/wp\/v2\/types\/product"}],"wp:featuredmedia":[{"embeddable":true,"href":"https:\/\/watchdeluxe.it\/de\/wp-json\/wp\/v2\/media\/135961"}],"wp:attachment":[{"href":"https:\/\/watchdeluxe.it\/de\/wp-json\/wp\/v2\/media?parent=133815"}],"wp:term":[{"taxonomy":"product_brand","embeddable":true,"href":"https:\/\/watchdeluxe.it\/de\/wp-json\/wp\/v2\/product_brand?post=133815"},{"taxonomy":"product_cat","embeddable":true,"href":"https:\/\/watchdeluxe.it\/de\/wp-json\/wp\/v2\/product_cat?post=133815"},{"taxonomy":"product_tag","embeddable":true,"href":"https:\/\/watchdeluxe.it\/de\/wp-json\/wp\/v2\/product_tag?post=133815"},{"taxonomy":"berocket_brand","embeddable":true,"href":"https:\/\/watchdeluxe.it\/de\/wp-json\/wp\/v2\/berocket_brand?post=133815"},{"taxonomy":"woo-feed-brand","embeddable":true,"href":"https:\/\/watchdeluxe.it\/de\/wp-json\/wp\/v2\/woo-feed-brand?post=133815"}],"curies":[{"name":"wp","href":"https:\/\/api.w.org\/{rel}","templated":true}]}}