{"id":133735,"date":"2026-02-03T14:52:22","date_gmt":"2026-02-03T13:52:22","guid":{"rendered":"https:\/\/watchdeluxe.it\/prodotto\/iwc-ingenieur-ewiger-kalender-41-mm-ref-iw344903\/"},"modified":"2026-04-06T09:17:50","modified_gmt":"2026-04-06T07:17:50","slug":"iwc-ingenieur-ewiger-kalender-41-mm-ref-iw344903","status":"publish","type":"product","link":"https:\/\/watchdeluxe.it\/de\/prodotto\/iwc-ingenieur-ewiger-kalender-41-mm-ref-iw344903\/","title":{"rendered":"IWC Ingenieur Ewiger Kalender 41 mm Ref. IW344903"},"content":{"rendered":"<p>IWC Ingenieur Ewiger Kalender 41 mm Ref. IW344903<\/p>\n<div class=\"row\">\n<div class=\"col-5 col-lg-4\">Ingenieur Kollektion<\/div>\n<\/div>\n<div class=\"row\">\n<div class=\"col-5 col-lg-4\">Typ Komplikationen<\/div>\n<\/div>\n<div class=\"row\">\n<div class=\"col-5 col-lg-4\">Automatische Bewegung<\/div>\n<\/div>\n<div class=\"row\">\n<div class=\"col-5 col-lg-4\">Geh\u00e4usegr\u00f6\u00dfe \u00d8 41,60 MM<\/div>\n<\/div>\n<div class=\"row\">\n<div class=\"col-5 col-lg-4\">Material Stahl<\/div>\n<\/div>\n<div class=\"row\">\n<div class=\"col-5 col-lg-4\">Stahlband<\/div>\n<\/div>\n<div class=\"row\">\n<div class=\"col-5 col-lg-4\">Wasserdichtigkeit 10 ATM<\/div>\n<\/div>\n<div class=\"row\">\n<div class=\"col-5 col-lg-4\">Blaues Zifferblatt<\/div>\n<\/div>\n<div class=\"row\">\n<div class=\"col-5 col-lg-4\">Saphirglas<\/div>\n<\/div>\n<div class=\"row\">\n<div class=\"col-5 col-lg-4\">Einsatzende Schlie\u00dfung<\/div>\n<\/div>\n","protected":false},"excerpt":{"rendered":"<p>IWC Ingenieur Ewiger Kalender 41 mm Ref. IW344903 Ingenieur Kollektion Typ Komplikationen Automatische Bewegung Geh\u00e4usegr\u00f6\u00dfe \u00d8 41,60 MM Material Stahl Stahlband Wasserdichtigkeit 10 ATM Blaues Zifferblatt Saphirglas Einsatzende Schlie\u00dfung<\/p>\n","protected":false},"featured_media":172233,"template":"","meta":{"_crdt_document":"","advanced_seo_description":"","jetpack_seo_html_title":"","jetpack_seo_noindex":false},"product_brand":[],"product_cat":[2234],"product_tag":[4626],"berocket_brand":[],"woo-feed-brand":[],"class_list":{"0":"post-133735","1":"product","2":"type-product","3":"status-publish","4":"has-post-thumbnail","6":"product_cat-iwc-de","7":"product_tag-ingenieur-de","9":"first","10":"instock","11":"sale","12":"taxable","13":"shipping-taxable","14":"purchasable","15":"product-type-simple"},"bundled_by":[],"bundle_stock_status":"instock","bundle_stock_quantity":1,"bundle_virtual":false,"bundle_layout":"","bundle_add_to_cart_form_location":"","bundle_editable_in_cart":false,"bundle_sold_individually_context":"","bundle_item_grouping":"","bundle_min_size":"","bundle_max_size":"","bundle_price":[],"bundled_items":[],"bundle_sell_ids":[],"group_of_quantity":0,"min_quantity":0,"max_quantity":"","exclude_order_quantity_value_rules":"no","exclude_category_quantity_rules":"no","combine_variations":"no","jetpack_sharing_enabled":true,"jetpack_likes_enabled":true,"_links":{"self":[{"href":"https:\/\/watchdeluxe.it\/de\/wp-json\/wp\/v2\/product\/133735","targetHints":{"allow":["GET"]}}],"collection":[{"href":"https:\/\/watchdeluxe.it\/de\/wp-json\/wp\/v2\/product"}],"about":[{"href":"https:\/\/watchdeluxe.it\/de\/wp-json\/wp\/v2\/types\/product"}],"wp:featuredmedia":[{"embeddable":true,"href":"https:\/\/watchdeluxe.it\/de\/wp-json\/wp\/v2\/media\/172233"}],"wp:attachment":[{"href":"https:\/\/watchdeluxe.it\/de\/wp-json\/wp\/v2\/media?parent=133735"}],"wp:term":[{"taxonomy":"product_brand","embeddable":true,"href":"https:\/\/watchdeluxe.it\/de\/wp-json\/wp\/v2\/product_brand?post=133735"},{"taxonomy":"product_cat","embeddable":true,"href":"https:\/\/watchdeluxe.it\/de\/wp-json\/wp\/v2\/product_cat?post=133735"},{"taxonomy":"product_tag","embeddable":true,"href":"https:\/\/watchdeluxe.it\/de\/wp-json\/wp\/v2\/product_tag?post=133735"},{"taxonomy":"berocket_brand","embeddable":true,"href":"https:\/\/watchdeluxe.it\/de\/wp-json\/wp\/v2\/berocket_brand?post=133735"},{"taxonomy":"woo-feed-brand","embeddable":true,"href":"https:\/\/watchdeluxe.it\/de\/wp-json\/wp\/v2\/woo-feed-brand?post=133735"}],"curies":[{"name":"wp","href":"https:\/\/api.w.org\/{rel}","templated":true}]}}