{"id":133590,"date":"2026-02-03T10:08:53","date_gmt":"2026-02-03T09:08:53","guid":{"rendered":"https:\/\/watchdeluxe.it\/prodotto\/nomos-tetra-salvia-ref-439-sb\/"},"modified":"2026-04-17T10:13:42","modified_gmt":"2026-04-17T08:13:42","slug":"nomos-tetra-salvia-ref-439-sb","status":"publish","type":"product","link":"https:\/\/watchdeluxe.it\/de\/prodotto\/nomos-tetra-salvia-ref-439-sb\/","title":{"rendered":"Nomos Tetra Salbei Ref. 439.sb"},"content":{"rendered":"<p>Nomos Tetra Salvia Ref. 439.sb<\/p>\n<dl class=\"specs-list\">\n<dt>assa<\/dt>\n<dd>Edelstahl, mit vier Schrauben befestigt<br \/>\nR\u00fcckwand aus Edelstahl<\/dd>\n<dt>Glas<\/dt>\n<dd>Saphirglas<\/dd>\n<dt>Laden Sie<\/dt>\n<dd>Handbuch<\/dd>\n<dt>Abmessungen<\/dt>\n<dd>Durchmesser <span class=\"size-property\"> 29,5 mm <\/span><br \/>\nDicke <span class=\"size-property\"> 6,5 mm <\/span><br \/>\n\u00c4u\u00dfere Schlaufengr\u00f6\u00dfe <span class=\"size-property\"> 40,5 mm <\/span> <\/dd>\n<dt>Wasserbest\u00e4ndigkeit<\/dt>\n<dd>5 atm (spritzwassergesch\u00fctzt)<\/dd>\n<\/dl>\n<dl class=\"specs-list\">\n<dt>W\u00e4hlen Sie<\/dt>\n<dd>Salbeigr\u00fcn<\/dd>\n<dt>H\u00e4nde<\/dt>\n<dd>rhodinierter, t\u00fcrkisfarbener Sekundenzeiger<\/dd>\n<dt>Gurt<\/dt>\n<dd>Veganes Wildleder, umrandet, beige<br \/>\n<span class=\"size-property\"> Schleifenbreite 18 mm <\/span> <\/dd>\n<\/dl>\n","protected":false},"excerpt":{"rendered":"<p>Nomos Tetra Salvia Ref. 439.sb assa Edelstahl, mit vier Schrauben befestigt R\u00fcckwand aus Edelstahl Glas Saphirglas Laden Sie Handbuch Abmessungen Durchmesser 29,5 mm Dicke 6,5 mm \u00c4u\u00dfere Schlaufengr\u00f6\u00dfe 40,5 mm Wasserbest\u00e4ndigkeit 5 atm (spritzwassergesch\u00fctzt) W\u00e4hlen Sie Salbeigr\u00fcn H\u00e4nde rhodinierter, t\u00fcrkisfarbener Sekundenzeiger Gurt Veganes Wildleder, umrandet, beige Schleifenbreite 18 mm<\/p>\n","protected":false},"featured_media":133585,"template":"","meta":{"_crdt_document":"","advanced_seo_description":"","jetpack_seo_html_title":"","jetpack_seo_noindex":false},"product_brand":[],"product_cat":[1919],"product_tag":[1650],"berocket_brand":[],"woo-feed-brand":[],"class_list":{"0":"post-133590","1":"product","2":"type-product","3":"status-publish","4":"has-post-thumbnail","6":"product_cat-nomos-glashutte","7":"product_tag-tetra","9":"first","10":"instock","11":"sale","12":"taxable","13":"shipping-taxable","14":"purchasable","15":"product-type-simple"},"bundled_by":[],"bundle_stock_status":"instock","bundle_stock_quantity":1,"bundle_virtual":false,"bundle_layout":"","bundle_add_to_cart_form_location":"","bundle_editable_in_cart":false,"bundle_sold_individually_context":"","bundle_item_grouping":"","bundle_min_size":"","bundle_max_size":"","bundle_price":[],"bundled_items":[],"bundle_sell_ids":[],"group_of_quantity":0,"min_quantity":0,"max_quantity":"","exclude_order_quantity_value_rules":"no","exclude_category_quantity_rules":"no","combine_variations":"no","jetpack_sharing_enabled":true,"jetpack_likes_enabled":true,"_links":{"self":[{"href":"https:\/\/watchdeluxe.it\/de\/wp-json\/wp\/v2\/product\/133590","targetHints":{"allow":["GET"]}}],"collection":[{"href":"https:\/\/watchdeluxe.it\/de\/wp-json\/wp\/v2\/product"}],"about":[{"href":"https:\/\/watchdeluxe.it\/de\/wp-json\/wp\/v2\/types\/product"}],"wp:featuredmedia":[{"embeddable":true,"href":"https:\/\/watchdeluxe.it\/de\/wp-json\/wp\/v2\/media\/133585"}],"wp:attachment":[{"href":"https:\/\/watchdeluxe.it\/de\/wp-json\/wp\/v2\/media?parent=133590"}],"wp:term":[{"taxonomy":"product_brand","embeddable":true,"href":"https:\/\/watchdeluxe.it\/de\/wp-json\/wp\/v2\/product_brand?post=133590"},{"taxonomy":"product_cat","embeddable":true,"href":"https:\/\/watchdeluxe.it\/de\/wp-json\/wp\/v2\/product_cat?post=133590"},{"taxonomy":"product_tag","embeddable":true,"href":"https:\/\/watchdeluxe.it\/de\/wp-json\/wp\/v2\/product_tag?post=133590"},{"taxonomy":"berocket_brand","embeddable":true,"href":"https:\/\/watchdeluxe.it\/de\/wp-json\/wp\/v2\/berocket_brand?post=133590"},{"taxonomy":"woo-feed-brand","embeddable":true,"href":"https:\/\/watchdeluxe.it\/de\/wp-json\/wp\/v2\/woo-feed-brand?post=133590"}],"curies":[{"name":"wp","href":"https:\/\/api.w.org\/{rel}","templated":true}]}}