{"id":133582,"date":"2026-02-03T10:04:01","date_gmt":"2026-02-03T09:04:01","guid":{"rendered":"https:\/\/watchdeluxe.it\/prodotto\/nomos-tetra-ochra-ref-437-sb\/"},"modified":"2026-02-03T10:04:01","modified_gmt":"2026-02-03T09:04:01","slug":"nomos-tetra-ochra-ref-437-sb","status":"publish","type":"product","link":"https:\/\/watchdeluxe.it\/de\/prodotto\/nomos-tetra-ochra-ref-437-sb\/","title":{"rendered":"Nomos Tetra Ochra ref. 437.sb"},"content":{"rendered":"<p>Nomos Tetra Ochra ref. 437.sb<\/p>\n<div class=\"product-specs__listing\">\n<dl class=\"specs-list\">\n<dt>Fall<\/dt>\n<dd>Edelstahl, mit vier Schrauben befestigt<br \/>\nR\u00fcckwand aus Edelstahl<\/dd>\n<dt>Glas<\/dt>\n<dd>Saphirglas<\/dd>\n<dt>Laden Sie<\/dt>\n<dd>Handbuch<\/dd>\n<dt>Abmessungen<\/dt>\n<dd>Durchmesser <span class=\"size-property\"> 29,5 mm <\/span><br \/>\nSt\u00e4rke <span class=\"size-property\"> 6,3 mm <\/span><br \/>\n\u00c4u\u00dfere Bandansto\u00dfbreite <span class=\"size-property\"> 40,5 mm <\/span> <\/dd>\n<dt>Wasserbest\u00e4ndigkeit<\/dt>\n<dd>5 atm (spritzwassergesch\u00fctzt)<\/dd>\n<\/dl>\n<dl class=\"specs-list\">\n<dt>W\u00e4hlen Sie<\/dt>\n<dd>gelber Ocker<\/dd>\n<dt>H\u00e4nde<\/dt>\n<dd>rhodiniert, gelber Sekundenzeiger<\/dd>\n<dt>Gurt<\/dt>\n<dd>Veganes Wildleder, umrandet, beige<br \/>\n<span class=\"size-property\"> Schleifenbreite 18 mm <\/span> <\/dd>\n<\/dl>\n<\/div>\n","protected":false},"excerpt":{"rendered":"<p>Nomos Tetra Ochra ref. 437.sb Fall Edelstahl, mit vier Schrauben befestigt R\u00fcckwand aus Edelstahl Glas Saphirglas Laden Sie Handbuch Abmessungen Durchmesser 29,5 mm St\u00e4rke 6,3 mm \u00c4u\u00dfere Bandansto\u00dfbreite 40,5 mm Wasserbest\u00e4ndigkeit 5 atm (spritzwassergesch\u00fctzt) W\u00e4hlen Sie gelber Ocker H\u00e4nde rhodiniert, gelber Sekundenzeiger Gurt Veganes Wildleder, umrandet, beige Schleifenbreite 18 mm<\/p>\n","protected":false},"featured_media":133583,"template":"","meta":{"_crdt_document":"","advanced_seo_description":"","jetpack_seo_html_title":"","jetpack_seo_noindex":false},"product_brand":[2154],"product_cat":[1919],"product_tag":[1650],"berocket_brand":[],"woo-feed-brand":[],"class_list":{"0":"post-133582","1":"product","2":"type-product","3":"status-publish","4":"has-post-thumbnail","6":"product_brand-nomos-glashutte","7":"product_cat-nomos-glashutte","8":"product_tag-tetra","10":"first","11":"instock","12":"sale","13":"taxable","14":"shipping-taxable","15":"purchasable","16":"product-type-simple"},"bundled_by":[],"bundle_stock_status":"instock","bundle_stock_quantity":null,"bundle_virtual":false,"bundle_layout":"","bundle_add_to_cart_form_location":"","bundle_editable_in_cart":false,"bundle_sold_individually_context":"","bundle_item_grouping":"","bundle_min_size":"","bundle_max_size":"","bundle_price":[],"bundled_items":[],"bundle_sell_ids":[],"group_of_quantity":0,"min_quantity":0,"max_quantity":"","exclude_order_quantity_value_rules":"no","exclude_category_quantity_rules":"no","combine_variations":"no","jetpack_sharing_enabled":true,"jetpack_likes_enabled":true,"_links":{"self":[{"href":"https:\/\/watchdeluxe.it\/de\/wp-json\/wp\/v2\/product\/133582","targetHints":{"allow":["GET"]}}],"collection":[{"href":"https:\/\/watchdeluxe.it\/de\/wp-json\/wp\/v2\/product"}],"about":[{"href":"https:\/\/watchdeluxe.it\/de\/wp-json\/wp\/v2\/types\/product"}],"wp:featuredmedia":[{"embeddable":true,"href":"https:\/\/watchdeluxe.it\/de\/wp-json\/wp\/v2\/media\/133583"}],"wp:attachment":[{"href":"https:\/\/watchdeluxe.it\/de\/wp-json\/wp\/v2\/media?parent=133582"}],"wp:term":[{"taxonomy":"product_brand","embeddable":true,"href":"https:\/\/watchdeluxe.it\/de\/wp-json\/wp\/v2\/product_brand?post=133582"},{"taxonomy":"product_cat","embeddable":true,"href":"https:\/\/watchdeluxe.it\/de\/wp-json\/wp\/v2\/product_cat?post=133582"},{"taxonomy":"product_tag","embeddable":true,"href":"https:\/\/watchdeluxe.it\/de\/wp-json\/wp\/v2\/product_tag?post=133582"},{"taxonomy":"berocket_brand","embeddable":true,"href":"https:\/\/watchdeluxe.it\/de\/wp-json\/wp\/v2\/berocket_brand?post=133582"},{"taxonomy":"woo-feed-brand","embeddable":true,"href":"https:\/\/watchdeluxe.it\/de\/wp-json\/wp\/v2\/woo-feed-brand?post=133582"}],"curies":[{"name":"wp","href":"https:\/\/api.w.org\/{rel}","templated":true}]}}