{"id":133464,"date":"2023-03-17T18:38:52","date_gmt":"2023-03-17T17:38:52","guid":{"rendered":"https:\/\/watchdeluxe.it\/prodotto\/nomos-ludwig-33-duo-ref-240\/"},"modified":"2023-03-17T18:38:52","modified_gmt":"2023-03-17T17:38:52","slug":"nomos-ludwig-33-duo-ref-240","status":"publish","type":"product","link":"https:\/\/watchdeluxe.it\/de\/prodotto\/nomos-ludwig-33-duo-ref-240\/","title":{"rendered":"NOMOS Ludwig 33 duo REF. 240"},"content":{"rendered":"<p>NOMOS Ludwig 33 duo REF. 240<\/p>\n<div class=\"list-couple\">\n<div class=\"specs-list\">\n<dl>\n<dt>Geh\u00e4use<\/dt>\n<dd>Edelstahl, dreiteiliger<br \/>\nEdelstahlboden<\/dd>\n<\/dl>\n<dl>\n<dt>Glas<\/dt>\n<dd>Saphirglas<\/dd>\n<\/dl>\n<dl>\n<dt>Laden Sie<\/dt>\n<dd>manuell<\/dd>\n<\/dl>\n<dl>\n<dt>Abmessungen<\/dt>\n<dd>Durchmesser <span class=\"size-property\"> 32,8 mm <\/span><br \/>\nDicke <span class=\"size-property\"> 6,5 mm <\/span><br \/>\n\u00c4u\u00dfere Schlaufengr\u00f6\u00dfe <span class=\"size-property\"> 42,2 mm <\/span><\/dd>\n<\/dl>\n<dl>\n<dt>Wasserbest\u00e4ndigkeit<\/dt>\n<dd>3 atm (spritzwassergesch\u00fctzt)<\/dd>\n<\/dl>\n<\/div>\n<div class=\"specs-list\">\n<dl>\n<dt>Zifferblatt<\/dt>\n<dd>galvanisiert, wei\u00df versilbert<\/dd>\n<\/dl>\n<dl>\n<dt>Die H\u00e4nde<\/dt>\n<dd>in Gold<\/dd>\n<\/dl>\n<dl>\n<dt>Riemen<\/dt>\n<dd>Beigefarbenes Wildleder<br \/>\n<span class=\"size-property\"> Ansto\u00dfbreite 17 mm <\/span><\/dd>\n<\/dl>\n<\/div>\n<\/div>\n","protected":false},"excerpt":{"rendered":"<p>NOMOS Ludwig 33 duo REF. 240 Geh\u00e4use Edelstahl, dreiteiliger Edelstahlboden Glas Saphirglas Laden Sie manuell Abmessungen Durchmesser 32,8 mm Dicke 6,5 mm \u00c4u\u00dfere Schlaufengr\u00f6\u00dfe 42,2 mm Wasserbest\u00e4ndigkeit 3 atm (spritzwassergesch\u00fctzt) Zifferblatt galvanisiert, wei\u00df versilbert Die H\u00e4nde in Gold Riemen Beigefarbenes Wildleder Ansto\u00dfbreite 17 mm<\/p>\n","protected":false},"featured_media":133465,"template":"","meta":{"_crdt_document":"","advanced_seo_description":"","jetpack_seo_html_title":"","jetpack_seo_noindex":false},"product_brand":[2154],"product_cat":[2382],"product_tag":[3322],"berocket_brand":[],"woo-feed-brand":[],"class_list":{"0":"post-133464","1":"product","2":"type-product","3":"status-publish","4":"has-post-thumbnail","6":"product_brand-nomos-glashutte","7":"product_cat-nomos-glashutte-de","8":"product_tag-ludwig-de","10":"first","11":"instock","12":"sale","13":"taxable","14":"shipping-taxable","15":"purchasable","16":"product-type-simple"},"bundled_by":[],"bundle_stock_status":"instock","bundle_stock_quantity":null,"bundle_virtual":false,"bundle_layout":"","bundle_add_to_cart_form_location":"","bundle_editable_in_cart":false,"bundle_sold_individually_context":"","bundle_item_grouping":"","bundle_min_size":"","bundle_max_size":"","bundle_price":[],"bundled_items":[],"bundle_sell_ids":[],"group_of_quantity":0,"min_quantity":0,"max_quantity":"","exclude_order_quantity_value_rules":"no","exclude_category_quantity_rules":"no","combine_variations":"no","jetpack_sharing_enabled":true,"jetpack_likes_enabled":true,"_links":{"self":[{"href":"https:\/\/watchdeluxe.it\/de\/wp-json\/wp\/v2\/product\/133464","targetHints":{"allow":["GET"]}}],"collection":[{"href":"https:\/\/watchdeluxe.it\/de\/wp-json\/wp\/v2\/product"}],"about":[{"href":"https:\/\/watchdeluxe.it\/de\/wp-json\/wp\/v2\/types\/product"}],"wp:featuredmedia":[{"embeddable":true,"href":"https:\/\/watchdeluxe.it\/de\/wp-json\/wp\/v2\/media\/133465"}],"wp:attachment":[{"href":"https:\/\/watchdeluxe.it\/de\/wp-json\/wp\/v2\/media?parent=133464"}],"wp:term":[{"taxonomy":"product_brand","embeddable":true,"href":"https:\/\/watchdeluxe.it\/de\/wp-json\/wp\/v2\/product_brand?post=133464"},{"taxonomy":"product_cat","embeddable":true,"href":"https:\/\/watchdeluxe.it\/de\/wp-json\/wp\/v2\/product_cat?post=133464"},{"taxonomy":"product_tag","embeddable":true,"href":"https:\/\/watchdeluxe.it\/de\/wp-json\/wp\/v2\/product_tag?post=133464"},{"taxonomy":"berocket_brand","embeddable":true,"href":"https:\/\/watchdeluxe.it\/de\/wp-json\/wp\/v2\/berocket_brand?post=133464"},{"taxonomy":"woo-feed-brand","embeddable":true,"href":"https:\/\/watchdeluxe.it\/de\/wp-json\/wp\/v2\/woo-feed-brand?post=133464"}],"curies":[{"name":"wp","href":"https:\/\/api.w.org\/{rel}","templated":true}]}}