{"id":133380,"date":"2026-02-02T16:09:30","date_gmt":"2026-02-02T15:09:30","guid":{"rendered":"https:\/\/watchdeluxe.it\/prodotto\/iwc-portofino-chronograph-ref-iw391030\/"},"modified":"2026-04-13T14:34:52","modified_gmt":"2026-04-13T12:34:52","slug":"iwc-portofino-chronograph-ref-iw391030","status":"publish","type":"product","link":"https:\/\/watchdeluxe.it\/de\/prodotto\/iwc-portofino-chronograph-ref-iw391030\/","title":{"rendered":"Iwc Portofino Chronograph Ref. IW391030"},"content":{"rendered":"<p>Iwc Portofino Chronograph Ref. IW391030<\/p>\n<table class=\"table\">\n<tbody>\n<tr>\n<th class=\"table_name\">Marke<\/th>\n<td class=\"table_value\">Iwc<\/td>\n<\/tr>\n<tr>\n<th class=\"table_name\">Referenz<\/th>\n<td class=\"table_value\">IW391030<\/td>\n<\/tr>\n<tr>\n<th class=\"table_name\">Laden<\/th>\n<td class=\"table_value\">Automatisch<\/td>\n<\/tr>\n<tr>\n<th class=\"table_name\">Zifferblatt Farbe<\/th>\n<td class=\"table_value\">Schwarz<\/td>\n<\/tr>\n<tr>\n<th class=\"table_name\">Material Geh\u00e4use<\/th>\n<td class=\"table_value\">Stahl<\/td>\n<\/tr>\n<tr>\n<th class=\"table_name\">Armbandmaterial<\/th>\n<td class=\"table_value\">Stahl<\/td>\n<\/tr>\n<tr>\n<th class=\"table_name\">Jahr der Produktion<\/th>\n<td class=\"table_value\">2024<\/td>\n<\/tr>\n<\/tbody>\n<\/table>\n<table class=\"table\">\n<tbody>\n<tr>\n<th class=\"table_name\" colspan=\"2\">Technische Details<\/th>\n<\/tr>\n<tr>\n<th class=\"table_name\">Geh\u00e4usedurchmesser<\/th>\n<td class=\"table_value\">42 mm<\/td>\n<\/tr>\n<tr>\n<th class=\"table_name\">Geh\u00e4useh\u00f6he<\/th>\n<td class=\"table_value\">13,6 mm<\/td>\n<\/tr>\n<tr>\n<th class=\"table_name\">Wasserdichtigkeit<\/th>\n<td class=\"table_value\">3 Bar<\/td>\n<\/tr>\n<tr>\n<th class=\"table_name\">Glas Material<\/th>\n<td class=\"table_value\">Saphir<\/td>\n<\/tr>\n<tr>\n<th class=\"table_name\">Kaliber\/Mechanismus<\/th>\n<td class=\"table_value\">79320<\/td>\n<\/tr>\n<tr>\n<th class=\"table_name\">Anzahl Steine<\/th>\n<td class=\"table_value\">25<\/td>\n<\/tr>\n<\/tbody>\n<\/table>\n","protected":false},"excerpt":{"rendered":"<p>Iwc Portofino Chronograph Ref. IW391030 Marke Iwc Referenz IW391030 Laden Automatisch Zifferblatt Farbe Schwarz Material Geh\u00e4use Stahl Armbandmaterial Stahl Jahr der Produktion 2024 Technische Details Geh\u00e4usedurchmesser 42 mm Geh\u00e4useh\u00f6he 13,6 mm Wasserdichtigkeit 3 Bar Glas Material Saphir Kaliber\/Mechanismus 79320 Anzahl Steine 25<\/p>\n","protected":false},"featured_media":133381,"template":"","meta":{"_crdt_document":"","advanced_seo_description":"","jetpack_seo_html_title":"","jetpack_seo_noindex":false},"product_brand":[],"product_cat":[1918],"product_tag":[2272],"berocket_brand":[],"woo-feed-brand":[],"class_list":{"0":"post-133380","1":"product","2":"type-product","3":"status-publish","4":"has-post-thumbnail","6":"product_cat-iwc","7":"product_tag-portofino-de","9":"first","10":"instock","11":"sale","12":"taxable","13":"shipping-taxable","14":"purchasable","15":"product-type-simple"},"bundled_by":[],"bundle_stock_status":"instock","bundle_stock_quantity":1,"bundle_virtual":false,"bundle_layout":"","bundle_add_to_cart_form_location":"","bundle_editable_in_cart":false,"bundle_sold_individually_context":"","bundle_item_grouping":"","bundle_min_size":"","bundle_max_size":"","bundle_price":[],"bundled_items":[],"bundle_sell_ids":[],"group_of_quantity":0,"min_quantity":0,"max_quantity":"","exclude_order_quantity_value_rules":"no","exclude_category_quantity_rules":"no","combine_variations":"no","jetpack_sharing_enabled":true,"jetpack_likes_enabled":true,"_links":{"self":[{"href":"https:\/\/watchdeluxe.it\/de\/wp-json\/wp\/v2\/product\/133380","targetHints":{"allow":["GET"]}}],"collection":[{"href":"https:\/\/watchdeluxe.it\/de\/wp-json\/wp\/v2\/product"}],"about":[{"href":"https:\/\/watchdeluxe.it\/de\/wp-json\/wp\/v2\/types\/product"}],"wp:featuredmedia":[{"embeddable":true,"href":"https:\/\/watchdeluxe.it\/de\/wp-json\/wp\/v2\/media\/133381"}],"wp:attachment":[{"href":"https:\/\/watchdeluxe.it\/de\/wp-json\/wp\/v2\/media?parent=133380"}],"wp:term":[{"taxonomy":"product_brand","embeddable":true,"href":"https:\/\/watchdeluxe.it\/de\/wp-json\/wp\/v2\/product_brand?post=133380"},{"taxonomy":"product_cat","embeddable":true,"href":"https:\/\/watchdeluxe.it\/de\/wp-json\/wp\/v2\/product_cat?post=133380"},{"taxonomy":"product_tag","embeddable":true,"href":"https:\/\/watchdeluxe.it\/de\/wp-json\/wp\/v2\/product_tag?post=133380"},{"taxonomy":"berocket_brand","embeddable":true,"href":"https:\/\/watchdeluxe.it\/de\/wp-json\/wp\/v2\/berocket_brand?post=133380"},{"taxonomy":"woo-feed-brand","embeddable":true,"href":"https:\/\/watchdeluxe.it\/de\/wp-json\/wp\/v2\/woo-feed-brand?post=133380"}],"curies":[{"name":"wp","href":"https:\/\/api.w.org\/{rel}","templated":true}]}}