{"id":133182,"date":"2026-02-02T14:49:08","date_gmt":"2026-02-02T13:49:08","guid":{"rendered":"https:\/\/watchdeluxe.it\/prodotto\/omega-seamaster-planet-ocean-600m-blau-ref-217-30-42-21-01-002\/"},"modified":"2026-04-10T15:59:05","modified_gmt":"2026-04-10T13:59:05","slug":"omega-seamaster-planet-ocean-600m-blau-ref-217-30-42-21-01-002","status":"publish","type":"product","link":"https:\/\/watchdeluxe.it\/de\/prodotto\/omega-seamaster-planet-ocean-600m-blau-ref-217-30-42-21-01-002\/","title":{"rendered":"Omega Seamaster Planet Ocean 600m blau Ref. 217.30.42.21.01.002"},"content":{"rendered":"<p>Omega Seamaster Planet Ocean 600m blau Ref. O21730422101002<\/p>\n<div class=\"product-fields\">\n<div class=\"product-field product-field-type-S\"><span class=\"product-fields-title-wrapper\"><span class=\"product-fields-title\"><strong>Gr\u00f6\u00dfe<\/strong><\/span><\/span> 42,00 mm<\/div>\n<div class=\"clear\"><\/div>\n<\/div>\n<div class=\"product-fields\">\n<div class=\"product-field product-field-type-S\"><span class=\"product-fields-title-wrapper\"><span class=\"product-fields-title\"><strong>Kollektion<\/strong><\/span><\/span> Seamaster<\/div>\n<div class=\"product-field product-field-type-S\"><\/div>\n<div class=\"product-field product-field-type-S\"><span class=\"product-fields-title-wrapper\"><span class=\"product-fields-title\"><strong>Geh\u00e4usematerial<\/strong><\/span><\/span> Stahl<\/div>\n<div class=\"product-field product-field-type-S\"><span class=\"product-fields-title-wrapper\"><span class=\"product-fields-title\"><strong>Funktion<\/strong><\/span><\/span> Zeit<\/div>\n<div class=\"product-field product-field-type-S\"><span class=\"product-fields-title-wrapper\"><span class=\"product-fields-title\"><strong>Form<\/strong><\/span><\/span> Rund<\/div>\n<div class=\"clear\"><\/div>\n<\/div>\n<div class=\"product-fields\">\n<div class=\"product-field product-field-type-S\"> <span class=\"product-fields-title-wrapper\"> <span class=\"product-fields-title\"><strong>Armband<\/strong><\/span><\/span> Stahl<\/div>\n<div class=\"clear\"><\/div>\n<\/div>\n<div class=\"product-fields\">\n<div class=\"product-field product-field-type-S\"> <span class=\"product-fields-title-wrapper\"> <span class=\"product-fields-title\"><strong>Uhrwerk<\/strong><\/span><\/span> Automatik<\/div>\n<div>Abstand zwischen den Bandanst\u00f6\u00dfen: 21 mm<br \/>\nVon Bandansto\u00df zu Bandansto\u00df: 47,50 mm<br \/>\nDicke: 13,79 mm<br \/>\nGlas: Kratzfestes, flaches Saphirglas mit Antireflexbeschichtung auf beiden Seiten<br \/>\nGesamtproduktgewicht (ca.): 177 g<br \/>\nGangreserve: 60 Stunden<\/div>\n<\/div>\n<p>&nbsp;<\/p>\n","protected":false},"excerpt":{"rendered":"<p>Omega Seamaster Planet Ocean 600m blau Ref. O21730422101002 Gr\u00f6\u00dfe 42,00 mm Kollektion Seamaster Geh\u00e4usematerial Stahl Funktion Zeit Form Rund Armband Stahl Uhrwerk Automatik Abstand zwischen den Bandanst\u00f6\u00dfen: 21 mm Von Bandansto\u00df zu Bandansto\u00df: 47,50 mm Dicke: 13,79 mm Glas: Kratzfestes, flaches Saphirglas mit Antireflexbeschichtung auf beiden Seiten Gesamtproduktgewicht (ca.): 177 g Gangreserve: 60 Stunden &nbsp;<\/p>\n","protected":false},"featured_media":168111,"template":"","meta":{"_crdt_document":"","advanced_seo_description":"","jetpack_seo_html_title":"","jetpack_seo_noindex":false},"product_brand":[],"product_cat":[1921],"product_tag":[3984],"berocket_brand":[],"woo-feed-brand":[],"class_list":{"0":"post-133182","1":"product","2":"type-product","3":"status-publish","4":"has-post-thumbnail","6":"product_cat-omega","7":"product_tag-planet-ocean","9":"first","10":"instock","11":"sale","12":"taxable","13":"shipping-taxable","14":"purchasable","15":"product-type-simple"},"bundled_by":[],"bundle_stock_status":"instock","bundle_stock_quantity":1,"bundle_virtual":false,"bundle_layout":"","bundle_add_to_cart_form_location":"","bundle_editable_in_cart":false,"bundle_sold_individually_context":"","bundle_item_grouping":"","bundle_min_size":"","bundle_max_size":"","bundle_price":[],"bundled_items":[],"bundle_sell_ids":[],"group_of_quantity":0,"min_quantity":0,"max_quantity":"","exclude_order_quantity_value_rules":"no","exclude_category_quantity_rules":"no","combine_variations":"no","jetpack_sharing_enabled":true,"jetpack_likes_enabled":true,"_links":{"self":[{"href":"https:\/\/watchdeluxe.it\/de\/wp-json\/wp\/v2\/product\/133182","targetHints":{"allow":["GET"]}}],"collection":[{"href":"https:\/\/watchdeluxe.it\/de\/wp-json\/wp\/v2\/product"}],"about":[{"href":"https:\/\/watchdeluxe.it\/de\/wp-json\/wp\/v2\/types\/product"}],"wp:featuredmedia":[{"embeddable":true,"href":"https:\/\/watchdeluxe.it\/de\/wp-json\/wp\/v2\/media\/168111"}],"wp:attachment":[{"href":"https:\/\/watchdeluxe.it\/de\/wp-json\/wp\/v2\/media?parent=133182"}],"wp:term":[{"taxonomy":"product_brand","embeddable":true,"href":"https:\/\/watchdeluxe.it\/de\/wp-json\/wp\/v2\/product_brand?post=133182"},{"taxonomy":"product_cat","embeddable":true,"href":"https:\/\/watchdeluxe.it\/de\/wp-json\/wp\/v2\/product_cat?post=133182"},{"taxonomy":"product_tag","embeddable":true,"href":"https:\/\/watchdeluxe.it\/de\/wp-json\/wp\/v2\/product_tag?post=133182"},{"taxonomy":"berocket_brand","embeddable":true,"href":"https:\/\/watchdeluxe.it\/de\/wp-json\/wp\/v2\/berocket_brand?post=133182"},{"taxonomy":"woo-feed-brand","embeddable":true,"href":"https:\/\/watchdeluxe.it\/de\/wp-json\/wp\/v2\/woo-feed-brand?post=133182"}],"curies":[{"name":"wp","href":"https:\/\/api.w.org\/{rel}","templated":true}]}}