{"id":133140,"date":"2026-02-02T14:37:50","date_gmt":"2026-02-02T13:37:50","guid":{"rendered":"https:\/\/watchdeluxe.it\/prodotto\/longines-primaluna-diamanten-ref-l81424876\/"},"modified":"2026-02-02T14:37:50","modified_gmt":"2026-02-02T13:37:50","slug":"longines-primaluna-diamanten-ref-l81424876","status":"publish","type":"product","link":"https:\/\/watchdeluxe.it\/de\/prodotto\/longines-primaluna-diamanten-ref-l81424876\/","title":{"rendered":"Longines Primaluna Diamanten Ref. L81424876"},"content":{"rendered":"<p>Longines Primaluna Diamanten Ref. L81424876<\/p>\n<p>GEH\u00c4USE<br \/>\nForm Runde<br \/>\nMaterial Edelstahl<br \/>\nKratzfestes Saphirglas mit mehrschichtiger Antireflexionsbeschichtung auf beiden Seiten<br \/>\nAbmessungen \u00d8 30,00 mm<br \/>\nBandansto\u00df 7 mm<br \/>\nHorn zu Horn 37,00 mm<br \/>\nDicke 8,30 mm<br \/>\nWasserdichtigkeit Wasserdicht bis 3 bar<br \/>\nGewicht 78,0 g<\/p>\n<p>ZIFFERBLATT UND ZEIGER<br \/>\nZifferblattfarbe Wei\u00dfes Perlmutt<br \/>\nStundenkreis Diamantindizes<br \/>\nGebl\u00e4ute Stahlzeiger<br \/>\nDiamanten Zifferblatt mit 15 gefassten Top Wesselton VS-SI Diamanten, insgesamt 0,057 Karat<\/p>\n<p>UHRWERK UND FUNKTIONEN<br \/>\nUhrwerktyp Quarz<br \/>\nFunktion Stunden, Minuten, Sekunden und Datum<br \/>\nKaliber L257<br \/>\nBesondere Funktion E.O.L.<\/p>\n<p>ARMBAND<br \/>\nMaterial Edelstahl<br \/>\nSchlie\u00dfe Mit Dreifach-Sicherheitsfaltschlie\u00dfe und Druck\u00f6ffnungsmechanismus<\/p>\n","protected":false},"excerpt":{"rendered":"<p>Longines Primaluna Diamanten Ref. L81424876 GEH\u00c4USE Form Runde Material Edelstahl Kratzfestes Saphirglas mit mehrschichtiger Antireflexionsbeschichtung auf beiden Seiten Abmessungen \u00d8 30,00 mm Bandansto\u00df 7 mm Horn zu Horn 37,00 mm Dicke 8,30 mm Wasserdichtigkeit Wasserdicht bis 3 bar Gewicht 78,0 g ZIFFERBLATT UND ZEIGER Zifferblattfarbe Wei\u00dfes Perlmutt Stundenkreis Diamantindizes Gebl\u00e4ute Stahlzeiger Diamanten Zifferblatt mit 15 [&hellip;]<\/p>\n","protected":false},"featured_media":133141,"template":"","meta":{"_crdt_document":"","advanced_seo_description":"","jetpack_seo_html_title":"","jetpack_seo_noindex":false},"product_brand":[2151],"product_cat":[1923],"product_tag":[4551],"berocket_brand":[],"woo-feed-brand":[],"class_list":{"0":"post-133140","1":"product","2":"type-product","3":"status-publish","4":"has-post-thumbnail","6":"product_brand-longines","7":"product_cat-longines","8":"product_tag-primaluna-2","10":"first","11":"instock","12":"sale","13":"taxable","14":"shipping-taxable","15":"purchasable","16":"product-type-simple"},"bundled_by":[],"bundle_stock_status":"instock","bundle_stock_quantity":null,"bundle_virtual":false,"bundle_layout":"","bundle_add_to_cart_form_location":"","bundle_editable_in_cart":false,"bundle_sold_individually_context":"","bundle_item_grouping":"","bundle_min_size":"","bundle_max_size":"","bundle_price":[],"bundled_items":[],"bundle_sell_ids":[],"group_of_quantity":0,"min_quantity":0,"max_quantity":"","exclude_order_quantity_value_rules":"no","exclude_category_quantity_rules":"no","combine_variations":"no","jetpack_sharing_enabled":true,"jetpack_likes_enabled":true,"_links":{"self":[{"href":"https:\/\/watchdeluxe.it\/de\/wp-json\/wp\/v2\/product\/133140","targetHints":{"allow":["GET"]}}],"collection":[{"href":"https:\/\/watchdeluxe.it\/de\/wp-json\/wp\/v2\/product"}],"about":[{"href":"https:\/\/watchdeluxe.it\/de\/wp-json\/wp\/v2\/types\/product"}],"wp:featuredmedia":[{"embeddable":true,"href":"https:\/\/watchdeluxe.it\/de\/wp-json\/wp\/v2\/media\/133141"}],"wp:attachment":[{"href":"https:\/\/watchdeluxe.it\/de\/wp-json\/wp\/v2\/media?parent=133140"}],"wp:term":[{"taxonomy":"product_brand","embeddable":true,"href":"https:\/\/watchdeluxe.it\/de\/wp-json\/wp\/v2\/product_brand?post=133140"},{"taxonomy":"product_cat","embeddable":true,"href":"https:\/\/watchdeluxe.it\/de\/wp-json\/wp\/v2\/product_cat?post=133140"},{"taxonomy":"product_tag","embeddable":true,"href":"https:\/\/watchdeluxe.it\/de\/wp-json\/wp\/v2\/product_tag?post=133140"},{"taxonomy":"berocket_brand","embeddable":true,"href":"https:\/\/watchdeluxe.it\/de\/wp-json\/wp\/v2\/berocket_brand?post=133140"},{"taxonomy":"woo-feed-brand","embeddable":true,"href":"https:\/\/watchdeluxe.it\/de\/wp-json\/wp\/v2\/woo-feed-brand?post=133140"}],"curies":[{"name":"wp","href":"https:\/\/api.w.org\/{rel}","templated":true}]}}