{"id":132990,"date":"2026-02-02T11:34:41","date_gmt":"2026-02-02T10:34:41","guid":{"rendered":"https:\/\/watchdeluxe.it\/prodotto\/iwc-portugieser-chronograph-weissgold-ref-iw371626\/"},"modified":"2026-02-02T11:34:41","modified_gmt":"2026-02-02T10:34:41","slug":"iwc-portugieser-chronograph-weissgold-ref-iw371626","status":"publish","type":"product","link":"https:\/\/watchdeluxe.it\/de\/prodotto\/iwc-portugieser-chronograph-weissgold-ref-iw371626\/","title":{"rendered":"Iwc Portugieser Chronograph Wei\u00dfgold Ref. IW371626"},"content":{"rendered":"<p>Iwc Portugieser Chronograph Wei\u00dfgold Ref. IW371626<\/p>\n<div class=\"row\">\n<div class=\"col-5 col-lg-4\">Typ Chronograph<\/div>\n<\/div>\n<div class=\"row\">\n<div class=\"col-5 col-lg-4\">Automatische Bewegung<\/div>\n<\/div>\n<div class=\"row\">\n<div class=\"col-5 col-lg-4\">Abmessungen Geh\u00e4use \u00d8 41 MM<\/div>\n<\/div>\n<div class=\"row\">\n<div class=\"col-5 col-lg-4\">Material Wei\u00dfgold<\/div>\n<\/div>\n<div class=\"row\">\n<div class=\"col-5 col-lg-4\">Armband aus Kalbsleder<\/div>\n<\/div>\n<div class=\"row\">\n<div class=\"col-5 col-lg-4\">Wasserdichtigkeit 3 ATM<\/div>\n<\/div>\n<div class=\"row\">\n<div class=\"col-5 col-lg-4\">Blaues Zifferblatt<\/div>\n<\/div>\n<div class=\"row\">\n<div class=\"col-5 col-lg-4\">Saphirglas<\/div>\n<\/div>\n<div class=\"row\">\n<div class=\"col-5 col-lg-4\">Ardillon Schlie\u00dfung<\/div>\n<\/div>\n","protected":false},"excerpt":{"rendered":"<p>Iwc Portugieser Chronograph Wei\u00dfgold Ref. IW371626 Typ Chronograph Automatische Bewegung Abmessungen Geh\u00e4use \u00d8 41 MM Material Wei\u00dfgold Armband aus Kalbsleder Wasserdichtigkeit 3 ATM Blaues Zifferblatt Saphirglas Ardillon Schlie\u00dfung<\/p>\n","protected":false},"featured_media":132991,"template":"","meta":{"_crdt_document":"","advanced_seo_description":"","jetpack_seo_html_title":"","jetpack_seo_noindex":false,"jetpack_post_was_ever_published":false},"product_brand":[2150],"product_cat":[1918],"product_tag":[3716],"berocket_brand":[],"woo-feed-brand":[],"class_list":{"0":"post-132990","1":"product","2":"type-product","3":"status-publish","4":"has-post-thumbnail","6":"product_brand-iwc","7":"product_cat-iwc","8":"product_tag-portoghese-2","10":"first","11":"instock","12":"sale","13":"taxable","14":"shipping-taxable","15":"purchasable","16":"product-type-simple"},"bundled_by":[],"bundle_stock_status":"instock","bundle_stock_quantity":null,"bundle_virtual":false,"bundle_layout":"","bundle_add_to_cart_form_location":"","bundle_editable_in_cart":false,"bundle_sold_individually_context":"","bundle_item_grouping":"","bundle_min_size":"","bundle_max_size":"","bundle_price":[],"bundled_items":[],"bundle_sell_ids":[],"group_of_quantity":0,"min_quantity":0,"max_quantity":"","exclude_order_quantity_value_rules":"no","exclude_category_quantity_rules":"no","combine_variations":"no","exclude_global_add_ons":[],"addons":[],"jetpack_sharing_enabled":true,"jetpack_likes_enabled":true,"_links":{"self":[{"href":"https:\/\/watchdeluxe.it\/de\/wp-json\/wp\/v2\/product\/132990","targetHints":{"allow":["GET"]}}],"collection":[{"href":"https:\/\/watchdeluxe.it\/de\/wp-json\/wp\/v2\/product"}],"about":[{"href":"https:\/\/watchdeluxe.it\/de\/wp-json\/wp\/v2\/types\/product"}],"wp:featuredmedia":[{"embeddable":true,"href":"https:\/\/watchdeluxe.it\/de\/wp-json\/wp\/v2\/media\/132991"}],"wp:attachment":[{"href":"https:\/\/watchdeluxe.it\/de\/wp-json\/wp\/v2\/media?parent=132990"}],"wp:term":[{"taxonomy":"product_brand","embeddable":true,"href":"https:\/\/watchdeluxe.it\/de\/wp-json\/wp\/v2\/product_brand?post=132990"},{"taxonomy":"product_cat","embeddable":true,"href":"https:\/\/watchdeluxe.it\/de\/wp-json\/wp\/v2\/product_cat?post=132990"},{"taxonomy":"product_tag","embeddable":true,"href":"https:\/\/watchdeluxe.it\/de\/wp-json\/wp\/v2\/product_tag?post=132990"},{"taxonomy":"berocket_brand","embeddable":true,"href":"https:\/\/watchdeluxe.it\/de\/wp-json\/wp\/v2\/berocket_brand?post=132990"},{"taxonomy":"woo-feed-brand","embeddable":true,"href":"https:\/\/watchdeluxe.it\/de\/wp-json\/wp\/v2\/woo-feed-brand?post=132990"}],"curies":[{"name":"wp","href":"https:\/\/api.w.org\/{rel}","templated":true}]}}