{"id":132948,"date":"2026-02-02T10:58:04","date_gmt":"2026-02-02T09:58:04","guid":{"rendered":"https:\/\/watchdeluxe.it\/prodotto\/grand-seiko-evolution-9-limited-edition-ref-slgb005g\/"},"modified":"2026-04-13T12:00:09","modified_gmt":"2026-04-13T10:00:09","slug":"grand-seiko-evolution-9-limited-edition-ref-slgb005g","status":"publish","type":"product","link":"https:\/\/watchdeluxe.it\/de\/prodotto\/grand-seiko-evolution-9-limited-edition-ref-slgb005g\/","title":{"rendered":"Grand Seiko Evolution 9 Limited Edition Ref. SLGB005G"},"content":{"rendered":"<p>Grand Seiko Evolution 9 Limited Edition Ref. SLGB005G<\/p>\n<div class=\"_item\">\n<div class=\"_body\">\n<table class=\"_table\">\n<tbody>\n<tr>\n<th>Geh\u00e4useboden:<\/th>\n<td>Durchsichtiger &amp; verschraubter Geh\u00e4useboden<\/td>\n<\/tr>\n<tr>\n<th>Material Glas:<\/th>\n<td>Quadratisches Saphirglas<\/td>\n<\/tr>\n<tr>\n<th>Glasbeschichtung:<\/th>\n<td>Antireflexionsbeschichtung auf der Innenseite<\/td>\n<\/tr>\n<tr>\n<th>Geh\u00e4usegr\u00f6\u00dfe:<\/th>\n<td>Durchmesser 37,0 mm Lug-to-Lug 44,3 mm Dicke 11,4 mm<\/td>\n<\/tr>\n<tr>\n<th>Bandansto\u00dfbreite:<\/th>\n<td>20 mm<\/td>\n<\/tr>\n<tr>\n<th>Verschlusstyp:<\/th>\n<td>Dreifach-Faltschlo\u00df mit Druckknopfentriegelung<\/td>\n<\/tr>\n<tr>\n<th>Armbandl\u00e4nge:<\/th>\n<td>193 mm<\/td>\n<\/tr>\n<\/tbody>\n<\/table>\n<\/div>\n<\/div>\n<div class=\"_item\">\n<div class=\"_header\">Bewegung<\/div>\n<div class=\"_body\">\n<table class=\"_table\">\n<tbody>\n<tr>\n<th>Kalibercode:<\/th>\n<td><a class=\"me-1\" href=\"https:\/\/www.grand-seiko.com\/it-it\/collections\/movement\/springdrive\/9rb2\" target=\"_self\">9<\/a>R<a class=\"me-1\" href=\"https:\/\/www.grand-seiko.com\/it-it\/collections\/movement\/springdrive\/9rb2\" target=\"_self\">B2<\/a> Anleitung<\/td>\n<\/tr>\n<tr>\n<th>Uhrwerkstyp:<\/th>\n<td>Spring Drive<\/td>\n<\/tr>\n<tr>\n<th>Gangreserve:<\/th>\n<td>Ca. 72 Stunden (3 Tage)<\/td>\n<\/tr>\n<tr>\n<th>Genauigkeit:<\/th>\n<td>\u00b120 Sekunden pro Jahr (\u00b13 Sekunden pro Monat)<\/td>\n<\/tr>\n<\/tbody>\n<\/table>\n<\/div>\n<\/div>\n<div class=\"_item\">\n<div class=\"_header\">Funktionen<\/div>\n<div class=\"_body\">\n<table class=\"_table\">\n<tbody>\n<tr>\n<th>Wasserdicht:<\/th>\n<td>10 bar<\/td>\n<\/tr>\n<tr>\n<th>Magnetischer Widerstand:<\/th>\n<td>4.800 A\/m<\/td>\n<\/tr>\n<tr>\n<th>Gewicht:<\/th>\n<td>151 g<\/td>\n<\/tr>\n<tr>\n<th>Weitere Details \/ Merkmale:<\/th>\n<td>\n<ul class=\"list-type-bullet\">\n<li>LIMITED EDITION auf der R\u00fcckseite<\/li>\n<li>Seriennummer auf dem Geh\u00e4useboden eingraviert<\/li>\n<li>Verschraubte Krone<\/li>\n<li>34 Rubine<\/li>\n<li>Anzeige der Gangreserve<\/li>\n<\/ul>\n<\/td>\n<\/tr>\n<\/tbody>\n<\/table>\n<\/div>\n<\/div>\n","protected":false},"excerpt":{"rendered":"<p>Grand Seiko Evolution 9 Limited Edition Ref. SLGB005G Geh\u00e4useboden: Durchsichtiger &amp; verschraubter Geh\u00e4useboden Material Glas: Quadratisches Saphirglas Glasbeschichtung: Antireflexionsbeschichtung auf der Innenseite Geh\u00e4usegr\u00f6\u00dfe: Durchmesser 37,0 mm Lug-to-Lug 44,3 mm Dicke 11,4 mm Bandansto\u00dfbreite: 20 mm Verschlusstyp: Dreifach-Faltschlo\u00df mit Druckknopfentriegelung Armbandl\u00e4nge: 193 mm Bewegung Kalibercode: 9RB2 Anleitung Uhrwerkstyp: Spring Drive Gangreserve: Ca. 72 Stunden (3 Tage) [&hellip;]<\/p>\n","protected":false},"featured_media":132949,"template":"","meta":{"_crdt_document":"","advanced_seo_description":"","jetpack_seo_html_title":"","jetpack_seo_noindex":false},"product_brand":[2148],"product_cat":[3906],"product_tag":[1540],"berocket_brand":[],"woo-feed-brand":[],"class_list":{"0":"post-132948","1":"product","2":"type-product","3":"status-publish","4":"has-post-thumbnail","6":"product_brand-grand-seiko","7":"product_cat-grand-seiko","8":"product_tag-evolution-9","10":"first","11":"outofstock","12":"sale","13":"taxable","14":"shipping-taxable","15":"purchasable","16":"product-type-simple"},"bundled_by":[],"bundle_stock_status":"outofstock","bundle_stock_quantity":null,"bundle_virtual":false,"bundle_layout":"","bundle_add_to_cart_form_location":"","bundle_editable_in_cart":false,"bundle_sold_individually_context":"","bundle_item_grouping":"","bundle_min_size":"","bundle_max_size":"","bundle_price":[],"bundled_items":[],"bundle_sell_ids":[],"group_of_quantity":0,"min_quantity":0,"max_quantity":"","exclude_order_quantity_value_rules":"no","exclude_category_quantity_rules":"no","combine_variations":"no","jetpack_sharing_enabled":true,"jetpack_likes_enabled":true,"_links":{"self":[{"href":"https:\/\/watchdeluxe.it\/de\/wp-json\/wp\/v2\/product\/132948","targetHints":{"allow":["GET"]}}],"collection":[{"href":"https:\/\/watchdeluxe.it\/de\/wp-json\/wp\/v2\/product"}],"about":[{"href":"https:\/\/watchdeluxe.it\/de\/wp-json\/wp\/v2\/types\/product"}],"wp:featuredmedia":[{"embeddable":true,"href":"https:\/\/watchdeluxe.it\/de\/wp-json\/wp\/v2\/media\/132949"}],"wp:attachment":[{"href":"https:\/\/watchdeluxe.it\/de\/wp-json\/wp\/v2\/media?parent=132948"}],"wp:term":[{"taxonomy":"product_brand","embeddable":true,"href":"https:\/\/watchdeluxe.it\/de\/wp-json\/wp\/v2\/product_brand?post=132948"},{"taxonomy":"product_cat","embeddable":true,"href":"https:\/\/watchdeluxe.it\/de\/wp-json\/wp\/v2\/product_cat?post=132948"},{"taxonomy":"product_tag","embeddable":true,"href":"https:\/\/watchdeluxe.it\/de\/wp-json\/wp\/v2\/product_tag?post=132948"},{"taxonomy":"berocket_brand","embeddable":true,"href":"https:\/\/watchdeluxe.it\/de\/wp-json\/wp\/v2\/berocket_brand?post=132948"},{"taxonomy":"woo-feed-brand","embeddable":true,"href":"https:\/\/watchdeluxe.it\/de\/wp-json\/wp\/v2\/woo-feed-brand?post=132948"}],"curies":[{"name":"wp","href":"https:\/\/api.w.org\/{rel}","templated":true}]}}