{"id":125957,"date":"2025-11-18T17:03:51","date_gmt":"2025-11-18T16:03:51","guid":{"rendered":"https:\/\/watchdeluxe.it\/prodotto\/hamilton-khaki-aviation-x-wind-day-date-auto-ref-h77735560\/"},"modified":"2025-11-18T17:03:51","modified_gmt":"2025-11-18T16:03:51","slug":"hamilton-khaki-aviation-x-wind-day-date-auto-ref-h77735560","status":"publish","type":"product","link":"https:\/\/watchdeluxe.it\/de\/prodotto\/hamilton-khaki-aviation-x-wind-day-date-auto-ref-h77735560\/","title":{"rendered":"Hamilton Khaki Aviation X-Wind Day Date Auto ref. H77735560"},"content":{"rendered":"<p>Hamilton Khaki Aviation X-Wind Day Date Auto ref. H77735560<\/p>\n<p data-end=\"229\" data-start=\"195\"><strong data-end=\"208\" data-start=\"195\">Uhrwerk<\/strong>: Automatischer Aufzug<\/p>\n<p data-end=\"269\" data-start=\"232\"><strong data-end=\"253\" data-start=\"232\">Uhrfunktionen<\/strong>: Datum, Tag<\/p>\n<p data-end=\"299\" data-start=\"272\"><strong data-end=\"290\" data-start=\"272\">Durchmesser des Geh\u00e4uses<\/strong>: 45 mm<\/p>\n<p data-end=\"331\" data-start=\"302\"><strong data-end=\"320\" data-start=\"302\">Dicke des Geh\u00e4uses<\/strong>: 12,8 mm<\/p>\n<p data-end=\"363\" data-start=\"334\"><strong data-end=\"354\" data-start=\"334\">Farbe des Zifferblatts<\/strong>: Gr\u00fcn<\/p>\n<p data-end=\"396\" data-start=\"366\"><strong data-end=\"385\" data-start=\"366\">Material Geh\u00e4use<\/strong>: Stahl<\/p>\n<p data-end=\"419\" data-start=\"399\"><strong data-end=\"408\" data-start=\"399\">Glas<\/strong>: Saphir<\/p>\n<p data-end=\"449\" data-start=\"422\"><strong data-end=\"440\" data-start=\"422\">Breite der Schleife<\/strong>: 22 mm<\/p>\n<p data-end=\"483\" data-start=\"452\"><strong data-end=\"473\" data-start=\"452\">Gangreserve<\/strong>: 80 Stunden<\/p>\n<p data-end=\"517\" data-start=\"486\"><strong data-end=\"495\" data-start=\"486\">Status<\/strong>: Aktuelle Kollektion<\/p>\n<p data-end=\"556\" data-start=\"520\"><strong data-end=\"538\" data-start=\"520\">Wasserdichtigkeit<\/strong>: 10 bar (100 m)<\/p>\n<p data-end=\"593\" data-start=\"559\"><strong data-end=\"587\" data-start=\"559\">Antireflexionsbehandlung<\/strong>: Ja<\/p>\n<p data-end=\"622\" data-start=\"596\"><strong data-end=\"616\" data-start=\"596\">Sichtbare R\u00fcckseite<\/strong>: Ja<\/p>\n<p data-end=\"648\" data-start=\"625\"><strong data-end=\"642\" data-start=\"625\">Verschraubte Krone<\/strong>: Ja<\/p>\n<p data-end=\"670\" data-start=\"651\"><strong data-end=\"664\" data-start=\"651\">Nivachron<\/strong>: Ja<\/p>\n<p data-end=\"697\" data-start=\"673\"><strong data-end=\"691\" data-start=\"673\">Super-Luminova<\/strong>: Ja<\/p>\n<p data-end=\"738\" data-start=\"700\"><strong data-end=\"723\" data-start=\"700\">Armband-Referenz<\/strong>: H6007761031<\/p>\n<p data-end=\"779\" data-start=\"741\"><strong data-end=\"759\" data-start=\"741\">Bandtyp<\/strong>: Kalbsleder<\/p>\n<p data-end=\"809\" data-start=\"782\"><strong data-end=\"797\" data-start=\"782\">Schnalle Typ<\/strong>: H-Schnalle<\/p>\n<p data-end=\"841\" data-start=\"812\"><strong data-end=\"832\" data-start=\"812\">Breite der Schnalle<\/strong>: 22 mm<\/p>\n<h4>H-30<\/h4>\n<ul>\n<li>Automatischer Aufzug &#8211; Drei Zeiger &#8211; Tages- und Datumsfunktion &#8211; 80 Stunden verl\u00e4ngerte Gangreserve &#8211; Dekoriertes Uhrwerk bei einigen Modellen<\/li>\n<\/ul>\n","protected":false},"excerpt":{"rendered":"<p>Hamilton Khaki Aviation X-Wind Day Date Auto ref. H77735560 Uhrwerk: Automatischer Aufzug Uhrfunktionen: Datum, Tag Durchmesser des Geh\u00e4uses: 45 mm Dicke des Geh\u00e4uses: 12,8 mm Farbe des Zifferblatts: Gr\u00fcn Material Geh\u00e4use: Stahl Glas: Saphir Breite der Schleife: 22 mm Gangreserve: 80 Stunden Status: Aktuelle Kollektion Wasserdichtigkeit: 10 bar (100 m) Antireflexionsbehandlung: Ja Sichtbare R\u00fcckseite: Ja [&hellip;]<\/p>\n","protected":false},"featured_media":125958,"template":"","meta":{"_crdt_document":"","advanced_seo_description":"","jetpack_seo_html_title":"","jetpack_seo_noindex":false},"product_brand":[],"product_cat":[1915],"product_tag":[1387],"berocket_brand":[],"woo-feed-brand":[],"class_list":{"0":"post-125957","1":"product","2":"type-product","3":"status-publish","4":"has-post-thumbnail","6":"product_cat-hamilton","7":"product_tag-khaki","9":"first","10":"instock","11":"sale","12":"taxable","13":"shipping-taxable","14":"purchasable","15":"product-type-simple"},"bundled_by":[],"bundle_stock_status":"instock","bundle_stock_quantity":1,"bundle_virtual":false,"bundle_layout":"","bundle_add_to_cart_form_location":"","bundle_editable_in_cart":false,"bundle_sold_individually_context":"","bundle_item_grouping":"","bundle_min_size":"","bundle_max_size":"","bundle_price":[],"bundled_items":[],"bundle_sell_ids":[],"group_of_quantity":0,"min_quantity":0,"max_quantity":"","exclude_order_quantity_value_rules":"no","exclude_category_quantity_rules":"no","combine_variations":"no","jetpack_sharing_enabled":true,"jetpack_likes_enabled":true,"_links":{"self":[{"href":"https:\/\/watchdeluxe.it\/de\/wp-json\/wp\/v2\/product\/125957","targetHints":{"allow":["GET"]}}],"collection":[{"href":"https:\/\/watchdeluxe.it\/de\/wp-json\/wp\/v2\/product"}],"about":[{"href":"https:\/\/watchdeluxe.it\/de\/wp-json\/wp\/v2\/types\/product"}],"wp:featuredmedia":[{"embeddable":true,"href":"https:\/\/watchdeluxe.it\/de\/wp-json\/wp\/v2\/media\/125958"}],"wp:attachment":[{"href":"https:\/\/watchdeluxe.it\/de\/wp-json\/wp\/v2\/media?parent=125957"}],"wp:term":[{"taxonomy":"product_brand","embeddable":true,"href":"https:\/\/watchdeluxe.it\/de\/wp-json\/wp\/v2\/product_brand?post=125957"},{"taxonomy":"product_cat","embeddable":true,"href":"https:\/\/watchdeluxe.it\/de\/wp-json\/wp\/v2\/product_cat?post=125957"},{"taxonomy":"product_tag","embeddable":true,"href":"https:\/\/watchdeluxe.it\/de\/wp-json\/wp\/v2\/product_tag?post=125957"},{"taxonomy":"berocket_brand","embeddable":true,"href":"https:\/\/watchdeluxe.it\/de\/wp-json\/wp\/v2\/berocket_brand?post=125957"},{"taxonomy":"woo-feed-brand","embeddable":true,"href":"https:\/\/watchdeluxe.it\/de\/wp-json\/wp\/v2\/woo-feed-brand?post=125957"}],"curies":[{"name":"wp","href":"https:\/\/api.w.org\/{rel}","templated":true}]}}