{"id":125764,"date":"2025-11-18T15:39:51","date_gmt":"2025-11-18T14:39:51","guid":{"rendered":"https:\/\/watchdeluxe.it\/prodotto\/oris-propilot-x-miss-piggy-edition-ref-53177964158-0781705lc\/"},"modified":"2025-11-18T15:39:51","modified_gmt":"2025-11-18T14:39:51","slug":"oris-propilot-x-miss-piggy-edition-ref-53177964158-0781705lc","status":"publish","type":"product","link":"https:\/\/watchdeluxe.it\/de\/prodotto\/oris-propilot-x-miss-piggy-edition-ref-53177964158-0781705lc\/","title":{"rendered":"Oris Propilot X Miss Piggy Edition Ref. 53177964158-0781705LC"},"content":{"rendered":"<p>Oris Propilot X Miss Piggy Edition Ref. 53177964158-0781705LC<\/p>\n<table class=\"woocommerce-product-attributes shop_attributes\" aria-label=\"Dettagli del prodotto\">\n<tbody>\n<tr class=\"woocommerce-product-attributes-item woocommerce-product-attributes-item--attribute_pa_marca\">\n<th class=\"woocommerce-product-attributes-item__label\" scope=\"row\">Marke<\/th>\n<td class=\"woocommerce-product-attributes-item__value\">Oris<\/td>\n<\/tr>\n<tr class=\"woocommerce-product-attributes-item woocommerce-product-attributes-item--attribute_pa_modello\">\n<th class=\"woocommerce-product-attributes-item__label\" scope=\"row\">Modell<\/th>\n<td class=\"woocommerce-product-attributes-item__value\">ProPilot X<\/td>\n<\/tr>\n<tr class=\"woocommerce-product-attributes-item woocommerce-product-attributes-item--attribute_pa_cassa-materiale\">\n<th class=\"woocommerce-product-attributes-item__label\" scope=\"row\">Geh\u00e4use &#8211; Material<\/th>\n<td class=\"woocommerce-product-attributes-item__value\">Geh\u00e4use aus rostfreiem Stahl<\/td>\n<\/tr>\n<tr class=\"woocommerce-product-attributes-item woocommerce-product-attributes-item--attribute_pa_cassa-forma\">\n<th class=\"woocommerce-product-attributes-item__label\" scope=\"row\">Geh\u00e4use &#8211; Form<\/th>\n<td class=\"woocommerce-product-attributes-item__value\">Rund<\/td>\n<\/tr>\n<tr class=\"woocommerce-product-attributes-item woocommerce-product-attributes-item--attribute_pa_cassa-diametro\">\n<th class=\"woocommerce-product-attributes-item__label\" scope=\"row\">Geh\u00e4use &#8211; Durchmesser<\/th>\n<td class=\"woocommerce-product-attributes-item__value\">34mm<\/td>\n<\/tr>\n<tr class=\"woocommerce-product-attributes-item woocommerce-product-attributes-item--attribute_pa_cassa-impermeabilita\">\n<th class=\"woocommerce-product-attributes-item__label\" scope=\"row\">Geh\u00e4use &#8211; Wasserdichtigkeit<\/th>\n<td class=\"woocommerce-product-attributes-item__value\">Wasserdicht bis 10 bar (100 Meter\/330 Fu\u00df)<\/td>\n<\/tr>\n<tr class=\"woocommerce-product-attributes-item woocommerce-product-attributes-item--attribute_pa_cassa-opzioni\">\n<th class=\"woocommerce-product-attributes-item__label\" scope=\"row\">Geh\u00e4use &#8211; Optionen<\/th>\n<td class=\"woocommerce-product-attributes-item__value\">Verschraubter Boden<\/td>\n<\/tr>\n<tr class=\"woocommerce-product-attributes-item woocommerce-product-attributes-item--attribute_pa_quadrante\">\n<th class=\"woocommerce-product-attributes-item__label\" scope=\"row\">W\u00e4hlen Sie<\/th>\n<td class=\"woocommerce-product-attributes-item__value\">rosa<\/td>\n<\/tr>\n<tr class=\"woocommerce-product-attributes-item woocommerce-product-attributes-item--attribute_pa_cinturino-bracciale\">\n<th class=\"woocommerce-product-attributes-item__label\" scope=\"row\">Armband\/Riemen<\/th>\n<td class=\"woocommerce-product-attributes-item__value\">Rostfreier Stahl<\/td>\n<\/tr>\n<tr class=\"woocommerce-product-attributes-item woocommerce-product-attributes-item--attribute_pa_movimento\">\n<th class=\"woocommerce-product-attributes-item__label\" scope=\"row\">Uhrwerk<\/th>\n<td class=\"woocommerce-product-attributes-item__value\">Kaliber 531<\/td>\n<\/tr>\n<tr class=\"woocommerce-product-attributes-item woocommerce-product-attributes-item--attribute_pa_energia\">\n<th class=\"woocommerce-product-attributes-item__label\" scope=\"row\">Energie<\/th>\n<td class=\"woocommerce-product-attributes-item__value\">Automatisch<\/td>\n<\/tr>\n<tr class=\"woocommerce-product-attributes-item woocommerce-product-attributes-item--attribute_pa_funzioni\">\n<th class=\"woocommerce-product-attributes-item__label\" scope=\"row\">Funktionen<\/th>\n<td class=\"woocommerce-product-attributes-item__value\">Stunden, Minuten, Sekunden<\/td>\n<\/tr>\n<tr class=\"woocommerce-product-attributes-item woocommerce-product-attributes-item--attribute_pa_riserva-di-carica\">\n<th class=\"woocommerce-product-attributes-item__label\" scope=\"row\">Gangreserve<\/th>\n<td class=\"woocommerce-product-attributes-item__value\">42 Stunden<\/td>\n<\/tr>\n<tr class=\"woocommerce-product-attributes-item woocommerce-product-attributes-item--attribute_pa_vetro\">\n<th class=\"woocommerce-product-attributes-item__label\" scope=\"row\">Glas<\/th>\n<td class=\"woocommerce-product-attributes-item__value\">Beidseitig gew\u00f6lbtes Saphirglas, innen entspiegelt<\/td>\n<\/tr>\n<\/tbody>\n<\/table>\n","protected":false},"excerpt":{"rendered":"<p>Oris Propilot X Miss Piggy Edition Ref. 53177964158-0781705LC Marke Oris Modell ProPilot X Geh\u00e4use &#8211; Material Geh\u00e4use aus rostfreiem Stahl Geh\u00e4use &#8211; Form Rund Geh\u00e4use &#8211; Durchmesser 34mm Geh\u00e4use &#8211; Wasserdichtigkeit Wasserdicht bis 10 bar (100 Meter\/330 Fu\u00df) Geh\u00e4use &#8211; Optionen Verschraubter Boden W\u00e4hlen Sie rosa Armband\/Riemen Rostfreier Stahl Uhrwerk Kaliber 531 Energie Automatisch Funktionen [&hellip;]<\/p>\n","protected":false},"featured_media":125765,"template":"","meta":{"_crdt_document":"","advanced_seo_description":"","jetpack_seo_html_title":"","jetpack_seo_noindex":false,"jetpack_post_was_ever_published":false},"product_brand":[2156],"product_cat":[2464],"product_tag":[4674],"berocket_brand":[],"woo-feed-brand":[],"class_list":{"0":"post-125764","1":"product","2":"type-product","3":"status-publish","4":"has-post-thumbnail","6":"product_brand-oris","7":"product_cat-oris-de","8":"product_tag-propilot-de","10":"first","11":"instock","12":"sale","13":"taxable","14":"shipping-taxable","15":"purchasable","16":"product-type-simple"},"bundled_by":[],"bundle_stock_status":"instock","bundle_stock_quantity":1,"bundle_virtual":false,"bundle_layout":"","bundle_add_to_cart_form_location":"","bundle_editable_in_cart":false,"bundle_sold_individually_context":"","bundle_item_grouping":"","bundle_min_size":"","bundle_max_size":"","bundle_price":[],"bundled_items":[],"bundle_sell_ids":[],"group_of_quantity":0,"min_quantity":0,"max_quantity":"","exclude_order_quantity_value_rules":"no","exclude_category_quantity_rules":"no","combine_variations":"no","exclude_global_add_ons":[],"addons":[],"jetpack_sharing_enabled":true,"jetpack_likes_enabled":true,"_links":{"self":[{"href":"https:\/\/watchdeluxe.it\/de\/wp-json\/wp\/v2\/product\/125764","targetHints":{"allow":["GET"]}}],"collection":[{"href":"https:\/\/watchdeluxe.it\/de\/wp-json\/wp\/v2\/product"}],"about":[{"href":"https:\/\/watchdeluxe.it\/de\/wp-json\/wp\/v2\/types\/product"}],"wp:featuredmedia":[{"embeddable":true,"href":"https:\/\/watchdeluxe.it\/de\/wp-json\/wp\/v2\/media\/125765"}],"wp:attachment":[{"href":"https:\/\/watchdeluxe.it\/de\/wp-json\/wp\/v2\/media?parent=125764"}],"wp:term":[{"taxonomy":"product_brand","embeddable":true,"href":"https:\/\/watchdeluxe.it\/de\/wp-json\/wp\/v2\/product_brand?post=125764"},{"taxonomy":"product_cat","embeddable":true,"href":"https:\/\/watchdeluxe.it\/de\/wp-json\/wp\/v2\/product_cat?post=125764"},{"taxonomy":"product_tag","embeddable":true,"href":"https:\/\/watchdeluxe.it\/de\/wp-json\/wp\/v2\/product_tag?post=125764"},{"taxonomy":"berocket_brand","embeddable":true,"href":"https:\/\/watchdeluxe.it\/de\/wp-json\/wp\/v2\/berocket_brand?post=125764"},{"taxonomy":"woo-feed-brand","embeddable":true,"href":"https:\/\/watchdeluxe.it\/de\/wp-json\/wp\/v2\/woo-feed-brand?post=125764"}],"curies":[{"name":"wp","href":"https:\/\/api.w.org\/{rel}","templated":true}]}}